{"id":3619,"date":"2022-06-09T16:00:00","date_gmt":"2022-06-09T16:00:00","guid":{"rendered":"https:\/\/nourrirunmondedeforeste.org\/primeira-audiencia-judicial-em-paris-e-apoio-de-representantes-dos-povos-indigenas-do-brasil\/"},"modified":"2024-06-27T10:00:15","modified_gmt":"2024-06-27T10:00:15","slug":"primeira-audiencia-judicial-em-paris-e-apoio-de-representantes-dos-povos-indigenas-do-brasil","status":"publish","type":"page","link":"https:\/\/nourrirunmondedeforeste.org\/pt-br\/primeira-audiencia-judicial-em-paris-e-apoio-de-representantes-dos-povos-indigenas-do-brasil\/","title":{"rendered":"Primeira audi\u00eancia judicial em Paris e apoio de representantes dos povos ind\u00edgenas do Brasil"},"content":{"rendered":"\t\t<div data-elementor-type=\"wp-page\" data-elementor-id=\"3619\" class=\"elementor elementor-3619 elementor-3604\">\n\t\t\t\t\t\t<section class=\"elementor-section elementor-top-section elementor-element elementor-element-5ec320d8 elementor-section-boxed elementor-section-height-default elementor-section-height-default\" data-id=\"5ec320d8\" data-element_type=\"section\" data-e-type=\"section\">\n\t\t\t\t\t\t<div class=\"elementor-container elementor-column-gap-default\">\n\t\t\t\t\t<div class=\"elementor-column elementor-col-50 elementor-top-column elementor-element elementor-element-4b5e30c7\" data-id=\"4b5e30c7\" data-element_type=\"column\" data-e-type=\"column\">\n\t\t\t<div class=\"elementor-widget-wrap elementor-element-populated\">\n\t\t\t\t\t\t<div class=\"elementor-element elementor-element-3acdc09e elementor-widget elementor-widget-image\" data-id=\"3acdc09e\" data-element_type=\"widget\" data-e-type=\"widget\" data-widget_type=\"image.default\">\n\t\t\t\t<div class=\"elementor-widget-container\">\n\t\t\t\t\t\t\t\t\t\t\t\t\t\t\t<img fetchpriority=\"high\" decoding=\"async\" width=\"1024\" height=\"576\" src=\"https:\/\/nourrirunmondedeforeste.org\/wp-content\/uploads\/2024\/06\/2022-06-09_PT-Premiere-audience-1024x576.png\" class=\"attachment-large size-large wp-image-3608\" alt=\"\" srcset=\"https:\/\/nourrirunmondedeforeste.org\/wp-content\/uploads\/2024\/06\/2022-06-09_PT-Premiere-audience-1024x576.png 1024w, https:\/\/nourrirunmondedeforeste.org\/wp-content\/uploads\/2024\/06\/2022-06-09_PT-Premiere-audience-300x169.png 300w, https:\/\/nourrirunmondedeforeste.org\/wp-content\/uploads\/2024\/06\/2022-06-09_PT-Premiere-audience-768x432.png 768w, https:\/\/nourrirunmondedeforeste.org\/wp-content\/uploads\/2024\/06\/2022-06-09_PT-Premiere-audience-1536x864.png 1536w, https:\/\/nourrirunmondedeforeste.org\/wp-content\/uploads\/2024\/06\/2022-06-09_PT-Premiere-audience.png 1600w\" sizes=\"(max-width: 1024px) 100vw, 1024px\" \/>\t\t\t\t\t\t\t\t\t\t\t\t\t\t\t<\/div>\n\t\t\t\t<\/div>\n\t\t\t\t\t<\/div>\n\t\t<\/div>\n\t\t\t\t<div class=\"elementor-column elementor-col-50 elementor-top-column elementor-element elementor-element-73a5d864\" data-id=\"73a5d864\" data-element_type=\"column\" data-e-type=\"column\">\n\t\t\t<div class=\"elementor-widget-wrap elementor-element-populated\">\n\t\t\t\t\t\t<div class=\"elementor-element elementor-element-7a8666fd elementor-widget elementor-widget-text-editor\" data-id=\"7a8666fd\" data-element_type=\"widget\" data-e-type=\"widget\" data-widget_type=\"text-editor.default\">\n\t\t\t\t<div class=\"elementor-widget-container\">\n\t\t\t\t\t\t\t\t\t<div>\n<p style=\"text-align: justify;\"><b style=\"mso-bidi-font-weight: normal;\"><span lang=\"fr\" style=\"font-size: 16.0pt; line-height: 115%; color: white; mso-themecolor: background1; background: darkgreen; mso-highlight: darkgreen;\">Primeira audi\u00eancia judicial em Paris e apoio de representantes dos povos ind\u00edgenas do Brasil<\/span><\/b><\/p><p style=\"text-align: justify;\"><span style=\"font-style: inherit; font-weight: inherit; color: var( --e-global-color-text ); font-family: var( --e-global-typography-text-font-family ), Sans-serif; background-color: var(--ast-global-color-5);\">Paris &#8211; 9 de junho de 2022<\/span><span style=\"font-style: inherit; font-weight: inherit; color: var( --e-global-color-text ); font-family: var( --e-global-typography-text-font-family ), Sans-serif; background-color: var(--ast-global-color-5);\"> <\/span><span style=\"font-style: inherit; color: var( --e-global-color-text ); font-family: var( --e-global-typography-text-font-family ), Sans-serif; background-color: var(--ast-global-color-5);\">&#8211;<\/span><b style=\"font-style: inherit; color: var( --e-global-color-text ); font-family: var( --e-global-typography-text-font-family ), Sans-serif; background-color: var(--ast-global-color-5);\"> <\/b><span style=\"background-color: transparent; color: rgb(0, 0, 0); font-family: Arial; font-size: 11pt; font-weight: bold; white-space: pre-wrap;\"><span style=\"color: #808080;\">Na quinta-feira, 9 de junho de 2022, foi realizada a primeira audi\u00eancia no tribunal judicial de Paris na a\u00e7\u00e3o legal movida contra o Grupo Casino por n\u00e3o cumprir seu dever de cuidado no fornecimento de carne bovina no Brasil e na Col\u00f4mbia, em detrimento da floresta amaz\u00f4nica e dos povos ind\u00edgenas.<\/span><\/span><\/p>\n<\/div>\t\t\t\t\t\t\t\t<\/div>\n\t\t\t\t<\/div>\n\t\t\t\t\t<\/div>\n\t\t<\/div>\n\t\t\t\t\t<\/div>\n\t\t<\/section>\n\t\t\t\t<section class=\"elementor-section elementor-top-section elementor-element elementor-element-6704d4a elementor-section-boxed elementor-section-height-default elementor-section-height-default\" data-id=\"6704d4a\" data-element_type=\"section\" data-e-type=\"section\">\n\t\t\t\t\t\t<div class=\"elementor-container elementor-column-gap-default\">\n\t\t\t\t\t<div class=\"elementor-column elementor-col-100 elementor-top-column elementor-element elementor-element-0d7950a\" data-id=\"0d7950a\" data-element_type=\"column\" data-e-type=\"column\">\n\t\t\t<div class=\"elementor-widget-wrap elementor-element-populated\">\n\t\t\t\t\t\t<div class=\"elementor-element elementor-element-ae8d718 elementor-widget elementor-widget-text-editor\" data-id=\"ae8d718\" data-element_type=\"widget\" data-e-type=\"widget\" data-widget_type=\"text-editor.default\">\n\t\t\t\t<div class=\"elementor-widget-container\">\n\t\t\t\t\t\t\t\t\t<h2><strong><span style=\"font-size: 14pt;\">NOSSOS PEDIDOS<\/span><\/strong><\/h2>\n<p><span style=\"background-color: transparent; color: #000000; font-family: Arial; font-size: 11pt;\"> <span style=\"color: #808080;\"> Al\u00e9m do desejo de uma investiga\u00e7\u00e3o r\u00e1pida, tendo em vista a urg\u00eancia da degrada\u00e7\u00e3o da Amaz\u00f4nia e da compensa\u00e7\u00e3o pelos danos causados por essa viola\u00e7\u00e3o do dever de cuidado, a coaliz\u00e3o lembra a todos os agentes econ\u00f4micos franceses a necessidade de prevenir efetivamente<\/span><span style=\"color: #808080;\">graves viola\u00e7\u00f5es dos direitos humanos e do meio ambiente em toda a sua cadeia de suprimentos.<br><\/span><\/span><\/p>\n<p><span style=\"background-color: transparent; color: #000000; font-family: Arial; font-size: 11pt;\"><span style=\"color: #808080;\">Drs. S\u00e9bastien Mabile e Fran\u00e7ois de Cambiaire, que representam a coaliz\u00e3o no caso contra o Groupe Casino, destacam que \u00ab <em>As empresas abrangidas pela Lei de Due Diligence devem desenvolver, implementar e aplicar planos razo\u00e1veis de due diligence para identificar e evitar abusos ambientais e de direitos humanos decorrentes de suas atividades. De acordo com o Artigo 2 da Lei, as empresas podem ser responsabilizadas civilmente se n\u00e3o cumprirem suas obriga\u00e7\u00f5es. A empresa pode ser obrigada a pagar indeniza\u00e7\u00f5es \u00e0s v\u00edtimas.  <\/em> <\/span><\/span><span style=\"background-color: transparent; color: #000000; font-family: Arial; font-size: 11pt;\"><span style=\"color: #808080;\">\u00bb<\/span><\/span><\/p>\n<h2><span style=\"font-size: 14pt;\"><strong>MOBILIZA\u00c7\u00c3O DOS POVOS IND\u00cdGENAS DO BRASIL<\/strong><\/span><\/h2>\n<p><span style=\"background-color: transparent; color: #000000; font-family: Arial; font-size: 11pt;\"><span style=\"color: #808080;\">V\u00e1rios representantes dos povos ind\u00edgenas do Brasil (Articulation des Peuples Indig\u00e8nes du Br\u00e9sil, APIB) estiveram em Paris para uma visita \u00fanica e se reuniram em frente aos tribunais, enfatizando a necessidade urgente de a\u00e7\u00e3o.<\/span><\/span><\/p>\n<p><span style=\"background-color: transparent; color: #000000; font-family: Arial; font-size: 11pt;\"><span style=\"color: #808080;\">Eloy Terena, advogado da COIAB (Coordena\u00e7\u00e3o das Organiza\u00e7\u00f5es Ind\u00edgenas da Amaz\u00f4nia Brasileira), disse: \u00ab Essa lei francesa que imp\u00f5e um dever de vigil\u00e2ncia \u00e9 a primeira desse tipo no mundo e marca um passo em dire\u00e7\u00e3o ao respeito pelos direitos humanos e ambientais. Ela cria uma nova obriga\u00e7\u00e3o que agora \u00e9 essencial: prevenir e remediar viola\u00e7\u00f5es dos direitos humanos e danos ambientais causados pelas atividades das empresas e pelas atividades de suas subsidi\u00e1rias, subcontratadas ou fornecedores. Ela deve ser implementada em todos os pa\u00edses do mundo, pois a emerg\u00eancia clim\u00e1tica chegou! \u00bb<\/span><br><\/span><\/p>\n<h2><span style=\"font-size: 14pt;\">AO FINAL DESSA PRIMEIRA AUDI\u00caNCIA<\/span><\/h2>\n<p><span style=\"font-weight: 400;\">Essa primeira audi\u00eancia tinha o objetivo de determinar um cronograma para o julgamento. No entanto,  <\/span><span style=\"font-weight: 400;\">a ordem do juiz de 9 de junho de 2022 determinou que as partes se encontrassem com um mediador para uma reuni\u00e3o informativa sobre media\u00e7\u00e3o antes de 15 de agosto de 2022. Ap\u00f3s a reuni\u00e3o, as partes poder\u00e3o aceitar ou recusar a proposta de media\u00e7\u00e3o. A pr\u00f3xima audi\u00eancia de status foi marcada para 15 de setembro.  <\/span>  2022.<\/p>\t\t\t\t\t\t\t\t<\/div>\n\t\t\t\t<\/div>\n\t\t\t\t\t<\/div>\n\t\t<\/div>\n\t\t\t\t\t<\/div>\n\t\t<\/section>\n\t\t\t\t<section class=\"elementor-section elementor-top-section elementor-element elementor-element-2b34042 elementor-section-boxed elementor-section-height-default elementor-section-height-default\" data-id=\"2b34042\" data-element_type=\"section\" data-e-type=\"section\">\n\t\t\t\t\t\t<div class=\"elementor-container elementor-column-gap-default\">\n\t\t\t\t\t<div class=\"elementor-column elementor-col-100 elementor-top-column elementor-element elementor-element-ec60ced\" data-id=\"ec60ced\" data-element_type=\"column\" data-e-type=\"column\">\n\t\t\t<div class=\"elementor-widget-wrap elementor-element-populated\">\n\t\t\t\t\t\t<div class=\"elementor-element elementor-element-c0ab8a0 elementor-widget elementor-widget-video\" data-id=\"c0ab8a0\" data-element_type=\"widget\" data-e-type=\"widget\" data-settings=\"{&quot;youtube_url&quot;:&quot;https:\\\/\\\/youtu.be\\\/3rSFMGnBE8c&quot;,&quot;video_type&quot;:&quot;youtube&quot;,&quot;controls&quot;:&quot;yes&quot;}\" data-widget_type=\"video.default\">\n\t\t\t\t<div class=\"elementor-widget-container\">\n\t\t\t\t\t\t\t<div class=\"elementor-wrapper elementor-open-inline\">\n\t\t\t<div class=\"elementor-video\"><\/div>\t\t<\/div>\n\t\t\t\t\t\t<\/div>\n\t\t\t\t<\/div>\n\t\t\t\t\t<\/div>\n\t\t<\/div>\n\t\t\t\t\t<\/div>\n\t\t<\/section>\n\t\t\t\t<\/div>\n\t\t","protected":false},"excerpt":{"rendered":"<p>Primeira audi\u00eancia judicial em Paris e apoio de representantes dos povos ind\u00edgenas do Brasil Paris &#8211; 9 de junho de 2022 &#8211; Na quinta-feira, 9 de junho de 2022, foi realizada a primeira audi\u00eancia no tribunal judicial de Paris na a\u00e7\u00e3o legal movida contra o Grupo Casino por n\u00e3o cumprir seu dever de cuidado no [&hellip;]<\/p>\n","protected":false},"author":9,"featured_media":3608,"parent":0,"menu_order":0,"comment_status":"closed","ping_status":"closed","template":"elementor_header_footer","meta":{"_acf_changed":false,"site-sidebar-layout":"default","site-content-layout":"","ast-site-content-layout":"default","site-content-style":"default","site-sidebar-style":"default","ast-global-header-display":"","ast-banner-title-visibility":"","ast-main-header-display":"","ast-hfb-above-header-display":"","ast-hfb-below-header-display":"","ast-hfb-mobile-header-display":"","site-post-title":"disabled","ast-breadcrumbs-content":"","ast-featured-img":"","footer-sml-layout":"","ast-disable-related-posts":"","theme-transparent-header-meta":"","adv-header-id-meta":"","stick-header-meta":"","header-above-stick-meta":"","header-main-stick-meta":"","header-below-stick-meta":"","astra-migrate-meta-layouts":"default","ast-page-background-enabled":"default","ast-page-background-meta":{"desktop":{"background-color":"var(--ast-global-color-4)","background-image":"","background-repeat":"repeat","background-position":"center center","background-size":"auto","background-attachment":"scroll","background-type":"","background-media":"","overlay-type":"","overlay-color":"","overlay-opacity":"","overlay-gradient":""},"tablet":{"background-color":"","background-image":"","background-repeat":"repeat","background-position":"center center","background-size":"auto","background-attachment":"scroll","background-type":"","background-media":"","overlay-type":"","overlay-color":"","overlay-opacity":"","overlay-gradient":""},"mobile":{"background-color":"","background-image":"","background-repeat":"repeat","background-position":"center center","background-size":"auto","background-attachment":"scroll","background-type":"","background-media":"","overlay-type":"","overlay-color":"","overlay-opacity":"","overlay-gradient":""}},"ast-content-background-meta":{"desktop":{"background-color":"var(--ast-global-color-5)","background-image":"","background-repeat":"repeat","background-position":"center center","background-size":"auto","background-attachment":"scroll","background-type":"","background-media":"","overlay-type":"","overlay-color":"","overlay-opacity":"","overlay-gradient":""},"tablet":{"background-color":"var(--ast-global-color-5)","background-image":"","background-repeat":"repeat","background-position":"center center","background-size":"auto","background-attachment":"scroll","background-type":"","background-media":"","overlay-type":"","overlay-color":"","overlay-opacity":"","overlay-gradient":""},"mobile":{"background-color":"var(--ast-global-color-5)","background-image":"","background-repeat":"repeat","background-position":"center center","background-size":"auto","background-attachment":"scroll","background-type":"","background-media":"","overlay-type":"","overlay-color":"","overlay-opacity":"","overlay-gradient":""}},"footnotes":""},"categories":[31],"tags":[36],"class_list":["post-3619","page","type-page","status-publish","has-post-thumbnail","hentry","category-noticias","tag-caso-de-casino-primeira-audiencia-no-tribunal-de-primeira-instancia-de-paris"],"acf":[],"_links":{"self":[{"href":"https:\/\/nourrirunmondedeforeste.org\/pt-br\/wp-json\/wp\/v2\/pages\/3619","targetHints":{"allow":["GET"]}}],"collection":[{"href":"https:\/\/nourrirunmondedeforeste.org\/pt-br\/wp-json\/wp\/v2\/pages"}],"about":[{"href":"https:\/\/nourrirunmondedeforeste.org\/pt-br\/wp-json\/wp\/v2\/types\/page"}],"author":[{"embeddable":true,"href":"https:\/\/nourrirunmondedeforeste.org\/pt-br\/wp-json\/wp\/v2\/users\/9"}],"replies":[{"embeddable":true,"href":"https:\/\/nourrirunmondedeforeste.org\/pt-br\/wp-json\/wp\/v2\/comments?post=3619"}],"version-history":[{"count":1,"href":"https:\/\/nourrirunmondedeforeste.org\/pt-br\/wp-json\/wp\/v2\/pages\/3619\/revisions"}],"predecessor-version":[{"id":3620,"href":"https:\/\/nourrirunmondedeforeste.org\/pt-br\/wp-json\/wp\/v2\/pages\/3619\/revisions\/3620"}],"wp:featuredmedia":[{"embeddable":true,"href":"https:\/\/nourrirunmondedeforeste.org\/pt-br\/wp-json\/wp\/v2\/media\/3608"}],"wp:attachment":[{"href":"https:\/\/nourrirunmondedeforeste.org\/pt-br\/wp-json\/wp\/v2\/media?parent=3619"}],"wp:term":[{"taxonomy":"category","embeddable":true,"href":"https:\/\/nourrirunmondedeforeste.org\/pt-br\/wp-json\/wp\/v2\/categories?post=3619"},{"taxonomy":"post_tag","embeddable":true,"href":"https:\/\/nourrirunmondedeforeste.org\/pt-br\/wp-json\/wp\/v2\/tags?post=3619"}],"curies":[{"name":"wp","href":"https:\/\/api.w.org\/{rel}","templated":true}]}}