{"id":2479,"date":"2022-05-19T04:02:13","date_gmt":"2022-05-19T04:02:13","guid":{"rendered":"https:\/\/nourrirunmondedeforeste.org\/duplojogo\/"},"modified":"2022-06-08T22:40:39","modified_gmt":"2022-06-08T22:40:39","slug":"duplojogo","status":"publish","type":"page","link":"https:\/\/nourrirunmondedeforeste.org\/pt-br\/duplojogo\/","title":{"rendered":"#DuploJogo"},"content":{"rendered":"<p>https:\/\/www.youtube.com\/watch?v=FDQ9NoGShaI<\/p>\n<p><strong>#DuploJogo: As marcas do Grupo Casino esqueceram seu dever de cuidado na Am\u00e9rica do Sul: No Brasil e na Col\u00f4mbia o desmatamento est\u00e1 se intensificando, o principal culpado \u00e9 a pecu\u00e1ria. Esta carne encontra-se nas cadeias de distribui\u00e7\u00e3o apesar do Grupo Casino ser l\u00edder na distribui\u00e7\u00e3o no Brasil e na Col\u00f4mbia&#8230;<\/strong><\/p>\n","protected":false},"excerpt":{"rendered":"<p>https:\/\/www.youtube.com\/watch?v=FDQ9NoGShaI #DuploJogo: As marcas do Grupo Casino esqueceram seu dever de cuidado na Am\u00e9rica do Sul: No Brasil e na Col\u00f4mbia o desmatamento est\u00e1 se intensificando, o principal culpado \u00e9 a pecu\u00e1ria. Esta carne encontra-se nas cadeias de distribui\u00e7\u00e3o apesar do Grupo Casino ser l\u00edder na distribui\u00e7\u00e3o no Brasil e na Col\u00f4mbia&#8230;<\/p>\n","protected":false},"author":1,"featured_media":923,"parent":0,"menu_order":0,"comment_status":"closed","ping_status":"closed","template":"elementor_header_footer","meta":{"_acf_changed":false,"site-sidebar-layout":"no-sidebar","site-content-layout":"page-builder","ast-site-content-layout":"default","site-content-style":"default","site-sidebar-style":"default","ast-global-header-display":"","ast-banner-title-visibility":"","ast-main-header-display":"","ast-hfb-above-header-display":"","ast-hfb-below-header-display":"","ast-hfb-mobile-header-display":"","site-post-title":"disabled","ast-breadcrumbs-content":"","ast-featured-img":"disabled","footer-sml-layout":"","ast-disable-related-posts":"","theme-transparent-header-meta":"","adv-header-id-meta":"","stick-header-meta":"","header-above-stick-meta":"","header-main-stick-meta":"","header-below-stick-meta":"","astra-migrate-meta-layouts":"default","ast-page-background-enabled":"default","ast-page-background-meta":{"desktop":{"background-color":"var(--ast-global-color-4)","background-image":"","background-repeat":"repeat","background-position":"center center","background-size":"auto","background-attachment":"scroll","background-type":"","background-media":"","overlay-type":"","overlay-color":"","overlay-opacity":"","overlay-gradient":""},"tablet":{"background-color":"","background-image":"","background-repeat":"repeat","background-position":"center center","background-size":"auto","background-attachment":"scroll","background-type":"","background-media":"","overlay-type":"","overlay-color":"","overlay-opacity":"","overlay-gradient":""},"mobile":{"background-color":"","background-image":"","background-repeat":"repeat","background-position":"center center","background-size":"auto","background-attachment":"scroll","background-type":"","background-media":"","overlay-type":"","overlay-color":"","overlay-opacity":"","overlay-gradient":""}},"ast-content-background-meta":{"desktop":{"background-color":"var(--ast-global-color-5)","background-image":"","background-repeat":"repeat","background-position":"center center","background-size":"auto","background-attachment":"scroll","background-type":"","background-media":"","overlay-type":"","overlay-color":"","overlay-opacity":"","overlay-gradient":""},"tablet":{"background-color":"var(--ast-global-color-5)","background-image":"","background-repeat":"repeat","background-position":"center center","background-size":"auto","background-attachment":"scroll","background-type":"","background-media":"","overlay-type":"","overlay-color":"","overlay-opacity":"","overlay-gradient":""},"mobile":{"background-color":"var(--ast-global-color-5)","background-image":"","background-repeat":"repeat","background-position":"center center","background-size":"auto","background-attachment":"scroll","background-type":"","background-media":"","overlay-type":"","overlay-color":"","overlay-opacity":"","overlay-gradient":""}},"footnotes":""},"categories":[32],"tags":[],"class_list":["post-2479","page","type-page","status-publish","has-post-thumbnail","hentry","category-video-pt-br"],"acf":[],"_links":{"self":[{"href":"https:\/\/nourrirunmondedeforeste.org\/pt-br\/wp-json\/wp\/v2\/pages\/2479","targetHints":{"allow":["GET"]}}],"collection":[{"href":"https:\/\/nourrirunmondedeforeste.org\/pt-br\/wp-json\/wp\/v2\/pages"}],"about":[{"href":"https:\/\/nourrirunmondedeforeste.org\/pt-br\/wp-json\/wp\/v2\/types\/page"}],"author":[{"embeddable":true,"href":"https:\/\/nourrirunmondedeforeste.org\/pt-br\/wp-json\/wp\/v2\/users\/1"}],"replies":[{"embeddable":true,"href":"https:\/\/nourrirunmondedeforeste.org\/pt-br\/wp-json\/wp\/v2\/comments?post=2479"}],"version-history":[{"count":0,"href":"https:\/\/nourrirunmondedeforeste.org\/pt-br\/wp-json\/wp\/v2\/pages\/2479\/revisions"}],"wp:featuredmedia":[{"embeddable":true,"href":"https:\/\/nourrirunmondedeforeste.org\/pt-br\/wp-json\/wp\/v2\/media\/923"}],"wp:attachment":[{"href":"https:\/\/nourrirunmondedeforeste.org\/pt-br\/wp-json\/wp\/v2\/media?parent=2479"}],"wp:term":[{"taxonomy":"category","embeddable":true,"href":"https:\/\/nourrirunmondedeforeste.org\/pt-br\/wp-json\/wp\/v2\/categories?post=2479"},{"taxonomy":"post_tag","embeddable":true,"href":"https:\/\/nourrirunmondedeforeste.org\/pt-br\/wp-json\/wp\/v2\/tags?post=2479"}],"curies":[{"name":"wp","href":"https:\/\/api.w.org\/{rel}","templated":true}]}}