{"id":2461,"date":"2022-05-31T09:49:13","date_gmt":"2022-05-31T09:49:13","guid":{"rendered":"https:\/\/nourrirunmondedeforeste.org\/investigacao-no-brasil-conheca-nossa-investigacao-na-amazonia-e-o-depoimento-de-marcel-gomez-do-reporter-brasil\/"},"modified":"2022-06-08T22:23:45","modified_gmt":"2022-06-08T22:23:45","slug":"investigacao-no-brasil-conheca-nossa-investigacao-na-amazonia-e-o-depoimento-de-marcel-gomez-do-reporter-brasil","status":"publish","type":"page","link":"https:\/\/nourrirunmondedeforeste.org\/pt-br\/investigacao-no-brasil-conheca-nossa-investigacao-na-amazonia-e-o-depoimento-de-marcel-gomez-do-reporter-brasil\/","title":{"rendered":"INVESTIGA\u00c7\u00c3O NO BRASIL: Conhe\u00e7a nossa investiga\u00e7\u00e3o na Amaz\u00f4nia e o depoimento de Marcel Gomez do Rep\u00f3rter Brasil."},"content":{"rendered":"\t\t<div data-elementor-type=\"wp-page\" data-elementor-id=\"2461\" class=\"elementor elementor-2461 elementor-1803\">\n\t\t\t\t\t\t<section class=\"elementor-section elementor-top-section elementor-element elementor-element-9aea291 elementor-section-boxed elementor-section-height-default elementor-section-height-default\" data-id=\"9aea291\" data-element_type=\"section\" data-e-type=\"section\">\n\t\t\t\t\t\t<div class=\"elementor-container elementor-column-gap-default\">\n\t\t\t\t\t<div class=\"elementor-column elementor-col-100 elementor-top-column elementor-element elementor-element-6c99a9c\" data-id=\"6c99a9c\" data-element_type=\"column\" data-e-type=\"column\">\n\t\t\t<div class=\"elementor-widget-wrap elementor-element-populated\">\n\t\t\t\t\t\t<div class=\"elementor-element elementor-element-41d7396 elementor-widget__width-initial elementor-widget elementor-widget-video\" data-id=\"41d7396\" data-element_type=\"widget\" data-e-type=\"widget\" data-settings=\"{&quot;youtube_url&quot;:&quot;https:\\\/\\\/youtu.be\\\/Rl3VAZeQUjE&quot;,&quot;video_type&quot;:&quot;youtube&quot;,&quot;controls&quot;:&quot;yes&quot;}\" data-widget_type=\"video.default\">\n\t\t\t\t<div class=\"elementor-widget-container\">\n\t\t\t\t\t\t\t<div class=\"elementor-wrapper elementor-open-inline\">\n\t\t\t<div class=\"elementor-video\"><\/div>\t\t<\/div>\n\t\t\t\t\t\t<\/div>\n\t\t\t\t<\/div>\n\t\t\t\t\t<\/div>\n\t\t<\/div>\n\t\t\t\t\t<\/div>\n\t\t<\/section>\n\t\t\t\t<section class=\"elementor-section elementor-top-section elementor-element elementor-element-cd4e74a elementor-section-boxed elementor-section-height-default elementor-section-height-default\" data-id=\"cd4e74a\" data-element_type=\"section\" data-e-type=\"section\">\n\t\t\t\t\t\t<div class=\"elementor-container elementor-column-gap-default\">\n\t\t\t\t\t<div class=\"elementor-column elementor-col-100 elementor-top-column elementor-element elementor-element-53e1a6e\" data-id=\"53e1a6e\" data-element_type=\"column\" data-e-type=\"column\">\n\t\t\t<div class=\"elementor-widget-wrap elementor-element-populated\">\n\t\t\t\t\t\t<div class=\"elementor-element elementor-element-f747d5b elementor-widget elementor-widget-text-editor\" data-id=\"f747d5b\" data-element_type=\"widget\" data-e-type=\"widget\" data-widget_type=\"text-editor.default\">\n\t\t\t\t<div class=\"elementor-widget-container\">\n\t\t\t\t\t\t\t\t\t<p><span style=\"font-weight: 400;\">INVESTIGA\u00c7\u00c3O NO BRASIL: Conhe\u00e7a nossa investiga\u00e7\u00e3o na Amaz\u00f4nia e o depoimento de <\/span><span style=\"font-weight: 400;\">Marcel Gomez do Rep\u00f3rter Brasil.<\/span><\/p><p><span style=\"font-weight: 400;\">O Brasil \u00e9 o campe\u00e3o da biodiversidade, mas tamb\u00e9m do desmatamento. Os criadores de gado mudaram seus rebanhos para a Amaz\u00f4nia. 80% da carne consumida no Brasil \u00e9 vendida por grandes varejistas e pelo Grupo Casino (sua subsidi\u00e1ria GPA), l\u00edder no pa\u00eds. No entanto, o trabalho de rastreabilidade do Grupo \u00e9 insuficiente, n\u00e3o diz respeito \u00e0s fazendas indiretas onde residem os riscos.<\/span><\/p>\t\t\t\t\t\t\t\t<\/div>\n\t\t\t\t<\/div>\n\t\t\t\t\t<\/div>\n\t\t<\/div>\n\t\t\t\t\t<\/div>\n\t\t<\/section>\n\t\t\t\t<\/div>\n\t\t","protected":false},"excerpt":{"rendered":"<p>https:\/\/youtu.be\/Rl3VAZeQUjE INVESTIGA\u00c7\u00c3O NO BRASIL: Conhe\u00e7a nossa investiga\u00e7\u00e3o na Amaz\u00f4nia e o depoimento de Marcel Gomez do Rep\u00f3rter Brasil. O Brasil \u00e9 o campe\u00e3o da biodiversidade, mas tamb\u00e9m do desmatamento. Os criadores de gado mudaram seus rebanhos para a Amaz\u00f4nia. 80% da carne consumida no Brasil \u00e9 vendida por grandes varejistas e pelo Grupo Casino (sua [&hellip;]<\/p>\n","protected":false},"author":1,"featured_media":917,"parent":0,"menu_order":0,"comment_status":"closed","ping_status":"closed","template":"elementor_header_footer","meta":{"_acf_changed":false,"site-sidebar-layout":"default","site-content-layout":"","ast-site-content-layout":"default","site-content-style":"default","site-sidebar-style":"default","ast-global-header-display":"","ast-banner-title-visibility":"","ast-main-header-display":"","ast-hfb-above-header-display":"","ast-hfb-below-header-display":"","ast-hfb-mobile-header-display":"","site-post-title":"","ast-breadcrumbs-content":"","ast-featured-img":"","footer-sml-layout":"","ast-disable-related-posts":"","theme-transparent-header-meta":"","adv-header-id-meta":"","stick-header-meta":"","header-above-stick-meta":"","header-main-stick-meta":"","header-below-stick-meta":"","astra-migrate-meta-layouts":"default","ast-page-background-enabled":"default","ast-page-background-meta":{"desktop":{"background-color":"var(--ast-global-color-4)","background-image":"","background-repeat":"repeat","background-position":"center center","background-size":"auto","background-attachment":"scroll","background-type":"","background-media":"","overlay-type":"","overlay-color":"","overlay-opacity":"","overlay-gradient":""},"tablet":{"background-color":"","background-image":"","background-repeat":"repeat","background-position":"center center","background-size":"auto","background-attachment":"scroll","background-type":"","background-media":"","overlay-type":"","overlay-color":"","overlay-opacity":"","overlay-gradient":""},"mobile":{"background-color":"","background-image":"","background-repeat":"repeat","background-position":"center center","background-size":"auto","background-attachment":"scroll","background-type":"","background-media":"","overlay-type":"","overlay-color":"","overlay-opacity":"","overlay-gradient":""}},"ast-content-background-meta":{"desktop":{"background-color":"var(--ast-global-color-5)","background-image":"","background-repeat":"repeat","background-position":"center center","background-size":"auto","background-attachment":"scroll","background-type":"","background-media":"","overlay-type":"","overlay-color":"","overlay-opacity":"","overlay-gradient":""},"tablet":{"background-color":"var(--ast-global-color-5)","background-image":"","background-repeat":"repeat","background-position":"center center","background-size":"auto","background-attachment":"scroll","background-type":"","background-media":"","overlay-type":"","overlay-color":"","overlay-opacity":"","overlay-gradient":""},"mobile":{"background-color":"var(--ast-global-color-5)","background-image":"","background-repeat":"repeat","background-position":"center center","background-size":"auto","background-attachment":"scroll","background-type":"","background-media":"","overlay-type":"","overlay-color":"","overlay-opacity":"","overlay-gradient":""}},"footnotes":""},"categories":[32],"tags":[],"class_list":["post-2461","page","type-page","status-publish","has-post-thumbnail","hentry","category-video-pt-br"],"acf":[],"_links":{"self":[{"href":"https:\/\/nourrirunmondedeforeste.org\/pt-br\/wp-json\/wp\/v2\/pages\/2461","targetHints":{"allow":["GET"]}}],"collection":[{"href":"https:\/\/nourrirunmondedeforeste.org\/pt-br\/wp-json\/wp\/v2\/pages"}],"about":[{"href":"https:\/\/nourrirunmondedeforeste.org\/pt-br\/wp-json\/wp\/v2\/types\/page"}],"author":[{"embeddable":true,"href":"https:\/\/nourrirunmondedeforeste.org\/pt-br\/wp-json\/wp\/v2\/users\/1"}],"replies":[{"embeddable":true,"href":"https:\/\/nourrirunmondedeforeste.org\/pt-br\/wp-json\/wp\/v2\/comments?post=2461"}],"version-history":[{"count":0,"href":"https:\/\/nourrirunmondedeforeste.org\/pt-br\/wp-json\/wp\/v2\/pages\/2461\/revisions"}],"wp:featuredmedia":[{"embeddable":true,"href":"https:\/\/nourrirunmondedeforeste.org\/pt-br\/wp-json\/wp\/v2\/media\/917"}],"wp:attachment":[{"href":"https:\/\/nourrirunmondedeforeste.org\/pt-br\/wp-json\/wp\/v2\/media?parent=2461"}],"wp:term":[{"taxonomy":"category","embeddable":true,"href":"https:\/\/nourrirunmondedeforeste.org\/pt-br\/wp-json\/wp\/v2\/categories?post=2461"},{"taxonomy":"post_tag","embeddable":true,"href":"https:\/\/nourrirunmondedeforeste.org\/pt-br\/wp-json\/wp\/v2\/tags?post=2461"}],"curies":[{"name":"wp","href":"https:\/\/api.w.org\/{rel}","templated":true}]}}