{"id":2454,"date":"2021-03-03T04:50:00","date_gmt":"2021-03-03T04:50:00","guid":{"rendered":"https:\/\/nourrirunmondedeforeste.org\/casino-processado-em-tribunal\/"},"modified":"2022-06-08T22:06:26","modified_gmt":"2022-06-08T22:06:26","slug":"casino-processado-em-tribunal","status":"publish","type":"page","link":"https:\/\/nourrirunmondedeforeste.org\/pt-br\/casino-processado-em-tribunal\/","title":{"rendered":"CASINO PROCESSADO EM TRIBUNAL"},"content":{"rendered":"\t\t<div data-elementor-type=\"wp-page\" data-elementor-id=\"2454\" class=\"elementor elementor-2454 elementor-1491\">\n\t\t\t\t\t\t<section class=\"elementor-section elementor-top-section elementor-element elementor-element-5ec320d8 elementor-section-boxed elementor-section-height-default elementor-section-height-default\" data-id=\"5ec320d8\" data-element_type=\"section\" data-e-type=\"section\">\n\t\t\t\t\t\t<div class=\"elementor-container elementor-column-gap-default\">\n\t\t\t\t\t<div class=\"elementor-column elementor-col-50 elementor-top-column elementor-element elementor-element-4b5e30c7\" data-id=\"4b5e30c7\" data-element_type=\"column\" data-e-type=\"column\">\n\t\t\t<div class=\"elementor-widget-wrap elementor-element-populated\">\n\t\t\t\t\t\t<div class=\"elementor-element elementor-element-3acdc09e elementor-widget elementor-widget-image\" data-id=\"3acdc09e\" data-element_type=\"widget\" data-e-type=\"widget\" data-widget_type=\"image.default\">\n\t\t\t\t<div class=\"elementor-widget-container\">\n\t\t\t\t\t\t\t\t\t\t\t\t\t\t\t<img fetchpriority=\"high\" decoding=\"async\" width=\"1024\" height=\"512\" src=\"https:\/\/nourrirunmondedeforeste.org\/wp-content\/uploads\/2022\/05\/Featured-Image-Casino-1200x600-1-1024x512.png\" class=\"attachment-large size-large wp-image-284\" alt=\"\" srcset=\"https:\/\/nourrirunmondedeforeste.org\/wp-content\/uploads\/2022\/05\/Featured-Image-Casino-1200x600-1-1024x512.png 1024w, https:\/\/nourrirunmondedeforeste.org\/wp-content\/uploads\/2022\/05\/Featured-Image-Casino-1200x600-1-300x150.png 300w, https:\/\/nourrirunmondedeforeste.org\/wp-content\/uploads\/2022\/05\/Featured-Image-Casino-1200x600-1-768x384.png 768w, https:\/\/nourrirunmondedeforeste.org\/wp-content\/uploads\/2022\/05\/Featured-Image-Casino-1200x600-1.png 1200w\" sizes=\"(max-width: 1024px) 100vw, 1024px\" \/>\t\t\t\t\t\t\t\t\t\t\t\t\t\t\t<\/div>\n\t\t\t\t<\/div>\n\t\t\t\t\t<\/div>\n\t\t<\/div>\n\t\t\t\t<div class=\"elementor-column elementor-col-50 elementor-top-column elementor-element elementor-element-73a5d864\" data-id=\"73a5d864\" data-element_type=\"column\" data-e-type=\"column\">\n\t\t\t<div class=\"elementor-widget-wrap elementor-element-populated\">\n\t\t\t\t\t\t<div class=\"elementor-element elementor-element-7a8666fd elementor-widget elementor-widget-text-editor\" data-id=\"7a8666fd\" data-element_type=\"widget\" data-e-type=\"widget\" data-widget_type=\"text-editor.default\">\n\t\t\t\t<div class=\"elementor-widget-container\">\n\t\t\t\t\t\t\t\t\t<h3><b>CASINO PROCESSADO EM TRIBUNAL<\/b><\/h3><p><strong>Nesta quarta-feira, 3 de mar\u00e7o de 2021, representantes dos povos ind\u00edgenas da Amaz\u00f4nia brasileira e colombiana, bem como organiza\u00e7\u00f5es n\u00e3o governamentais (ONGs) francesas e americanas, est\u00e3o levando o grupo do Cassino a tribunal em Saint-Etienne, Fran\u00e7a, por suas vendas de produtos de carne na Am\u00e9rica do Sul, ligados ao desmatamento e apropria\u00e7\u00e3o de terras por povos ind\u00edgenas com base em evid\u00eancias recolhidas pelo Centro de An\u00e1lise de Crime Clim\u00e1tico. O Grupo Casino teria, alegadamente, adquirido regularmente carne de bovino de tr\u00eas matadouros que obt\u00eam o gado de 592 fornecedores respons\u00e1veis por, pelo menos, 50.000 hectares de desmatamento entre 2008 e 2020. Esta \u00e9 uma \u00e1rea equivalente a cinco vezes o tamanho de Paris.<\/strong><\/p><p><span style=\"font-weight: 400;\">Esta \u00e9 a primeira vez que uma cadeia de hipermercados \u00e9 processada por desmatamento e viola\u00e7\u00f5es de direitos humanos em sua cadeia de fornecimento, com base na lei de presta\u00e7\u00e3o de cuidados aprovada em mar\u00e7o de 2017. <\/span><\/p><p><a href=\"https:\/\/envol-vert.org\/actu\/2021\/03\/casino-assigne-en-justice\/\"><span style=\"font-weight: 400;\">Clique aqui para ler mais<\/span><\/a><\/p>\t\t\t\t\t\t\t\t<\/div>\n\t\t\t\t<\/div>\n\t\t\t\t\t<\/div>\n\t\t<\/div>\n\t\t\t\t\t<\/div>\n\t\t<\/section>\n\t\t\t\t<\/div>\n\t\t","protected":false},"excerpt":{"rendered":"<p>CASINO PROCESSADO EM TRIBUNAL Nesta quarta-feira, 3 de mar\u00e7o de 2021, representantes dos povos ind\u00edgenas da Amaz\u00f4nia brasileira e colombiana, bem como organiza\u00e7\u00f5es n\u00e3o governamentais (ONGs) francesas e americanas, est\u00e3o levando o grupo do Cassino a tribunal em Saint-Etienne, Fran\u00e7a, por suas vendas de produtos de carne na Am\u00e9rica do Sul, ligados ao desmatamento e [&hellip;]<\/p>\n","protected":false},"author":1,"featured_media":911,"parent":0,"menu_order":0,"comment_status":"closed","ping_status":"closed","template":"elementor_header_footer","meta":{"_acf_changed":false,"site-sidebar-layout":"default","site-content-layout":"","ast-site-content-layout":"default","site-content-style":"default","site-sidebar-style":"default","ast-global-header-display":"","ast-banner-title-visibility":"","ast-main-header-display":"","ast-hfb-above-header-display":"","ast-hfb-below-header-display":"","ast-hfb-mobile-header-display":"","site-post-title":"","ast-breadcrumbs-content":"","ast-featured-img":"","footer-sml-layout":"","ast-disable-related-posts":"","theme-transparent-header-meta":"","adv-header-id-meta":"","stick-header-meta":"","header-above-stick-meta":"","header-main-stick-meta":"","header-below-stick-meta":"","astra-migrate-meta-layouts":"default","ast-page-background-enabled":"default","ast-page-background-meta":{"desktop":{"background-color":"var(--ast-global-color-4)","background-image":"","background-repeat":"repeat","background-position":"center center","background-size":"auto","background-attachment":"scroll","background-type":"","background-media":"","overlay-type":"","overlay-color":"","overlay-opacity":"","overlay-gradient":""},"tablet":{"background-color":"","background-image":"","background-repeat":"repeat","background-position":"center center","background-size":"auto","background-attachment":"scroll","background-type":"","background-media":"","overlay-type":"","overlay-color":"","overlay-opacity":"","overlay-gradient":""},"mobile":{"background-color":"","background-image":"","background-repeat":"repeat","background-position":"center center","background-size":"auto","background-attachment":"scroll","background-type":"","background-media":"","overlay-type":"","overlay-color":"","overlay-opacity":"","overlay-gradient":""}},"ast-content-background-meta":{"desktop":{"background-color":"var(--ast-global-color-5)","background-image":"","background-repeat":"repeat","background-position":"center center","background-size":"auto","background-attachment":"scroll","background-type":"","background-media":"","overlay-type":"","overlay-color":"","overlay-opacity":"","overlay-gradient":""},"tablet":{"background-color":"var(--ast-global-color-5)","background-image":"","background-repeat":"repeat","background-position":"center center","background-size":"auto","background-attachment":"scroll","background-type":"","background-media":"","overlay-type":"","overlay-color":"","overlay-opacity":"","overlay-gradient":""},"mobile":{"background-color":"var(--ast-global-color-5)","background-image":"","background-repeat":"repeat","background-position":"center center","background-size":"auto","background-attachment":"scroll","background-type":"","background-media":"","overlay-type":"","overlay-color":"","overlay-opacity":"","overlay-gradient":""}},"footnotes":""},"categories":[31],"tags":[],"class_list":["post-2454","page","type-page","status-publish","has-post-thumbnail","hentry","category-noticias"],"acf":[],"_links":{"self":[{"href":"https:\/\/nourrirunmondedeforeste.org\/pt-br\/wp-json\/wp\/v2\/pages\/2454","targetHints":{"allow":["GET"]}}],"collection":[{"href":"https:\/\/nourrirunmondedeforeste.org\/pt-br\/wp-json\/wp\/v2\/pages"}],"about":[{"href":"https:\/\/nourrirunmondedeforeste.org\/pt-br\/wp-json\/wp\/v2\/types\/page"}],"author":[{"embeddable":true,"href":"https:\/\/nourrirunmondedeforeste.org\/pt-br\/wp-json\/wp\/v2\/users\/1"}],"replies":[{"embeddable":true,"href":"https:\/\/nourrirunmondedeforeste.org\/pt-br\/wp-json\/wp\/v2\/comments?post=2454"}],"version-history":[{"count":0,"href":"https:\/\/nourrirunmondedeforeste.org\/pt-br\/wp-json\/wp\/v2\/pages\/2454\/revisions"}],"wp:featuredmedia":[{"embeddable":true,"href":"https:\/\/nourrirunmondedeforeste.org\/pt-br\/wp-json\/wp\/v2\/media\/911"}],"wp:attachment":[{"href":"https:\/\/nourrirunmondedeforeste.org\/pt-br\/wp-json\/wp\/v2\/media?parent=2454"}],"wp:term":[{"taxonomy":"category","embeddable":true,"href":"https:\/\/nourrirunmondedeforeste.org\/pt-br\/wp-json\/wp\/v2\/categories?post=2454"},{"taxonomy":"post_tag","embeddable":true,"href":"https:\/\/nourrirunmondedeforeste.org\/pt-br\/wp-json\/wp\/v2\/tags?post=2454"}],"curies":[{"name":"wp","href":"https:\/\/api.w.org\/{rel}","templated":true}]}}