{"id":2426,"date":"2022-06-01T16:43:00","date_gmt":"2022-06-01T16:43:00","guid":{"rendered":"https:\/\/nourrirunmondedeforeste.org\/communique-de-presse-des-peuples-gravement-impactes-par-lelevage-bovin-au-bresil-nouveaux-elements-dans-le-proces-contre-casino\/"},"modified":"2022-06-08T21:55:49","modified_gmt":"2022-06-08T21:55:49","slug":"comunicado-de-imprensa-povos-indigenas-gravemente-impactados-pela-pecuaria-no-brasil-nova-evidencia-no-caso-contra-o-casino","status":"publish","type":"page","link":"https:\/\/nourrirunmondedeforeste.org\/pt-br\/comunicado-de-imprensa-povos-indigenas-gravemente-impactados-pela-pecuaria-no-brasil-nova-evidencia-no-caso-contra-o-casino\/","title":{"rendered":"COMUNICADO DE IMPRENSA: Povos Ind\u00edgenas gravemente impactados pela pecu\u00e1ria no Brasil : nova evid\u00eancia no caso contra o Casino"},"content":{"rendered":"\t\t<div data-elementor-type=\"wp-page\" data-elementor-id=\"2426\" class=\"elementor elementor-2426\">\n\t\t\t\t\t\t<section class=\"elementor-section elementor-top-section elementor-element elementor-element-5ec320d8 elementor-section-boxed elementor-section-height-default elementor-section-height-default\" data-id=\"5ec320d8\" data-element_type=\"section\" data-e-type=\"section\">\n\t\t\t\t\t\t<div class=\"elementor-container elementor-column-gap-default\">\n\t\t\t\t\t<div class=\"elementor-column elementor-col-50 elementor-top-column elementor-element elementor-element-4b5e30c7\" data-id=\"4b5e30c7\" data-element_type=\"column\" data-e-type=\"column\">\n\t\t\t<div class=\"elementor-widget-wrap elementor-element-populated\">\n\t\t\t\t\t\t<div class=\"elementor-element elementor-element-3acdc09e elementor-widget elementor-widget-image\" data-id=\"3acdc09e\" data-element_type=\"widget\" data-e-type=\"widget\" data-widget_type=\"image.default\">\n\t\t\t\t<div class=\"elementor-widget-container\">\n\t\t\t\t\t\t\t\t\t\t\t\t\t\t\t<img fetchpriority=\"high\" decoding=\"async\" width=\"600\" height=\"300\" src=\"https:\/\/nourrirunmondedeforeste.org\/wp-content\/uploads\/2022\/06\/CP_Deforestation_Breesil_Coalition-1Juin-2022.jpg\" class=\"attachment-large size-large wp-image-1932\" alt=\"\" srcset=\"https:\/\/nourrirunmondedeforeste.org\/wp-content\/uploads\/2022\/06\/CP_Deforestation_Breesil_Coalition-1Juin-2022.jpg 600w, https:\/\/nourrirunmondedeforeste.org\/wp-content\/uploads\/2022\/06\/CP_Deforestation_Breesil_Coalition-1Juin-2022-300x150.jpg 300w\" sizes=\"(max-width: 600px) 100vw, 600px\" \/>\t\t\t\t\t\t\t\t\t\t\t\t\t\t\t<\/div>\n\t\t\t\t<\/div>\n\t\t\t\t\t<\/div>\n\t\t<\/div>\n\t\t\t\t<div class=\"elementor-column elementor-col-50 elementor-top-column elementor-element elementor-element-73a5d864\" data-id=\"73a5d864\" data-element_type=\"column\" data-e-type=\"column\">\n\t\t\t<div class=\"elementor-widget-wrap elementor-element-populated\">\n\t\t\t\t\t\t<div class=\"elementor-element elementor-element-7a8666fd elementor-widget elementor-widget-text-editor\" data-id=\"7a8666fd\" data-element_type=\"widget\" data-e-type=\"widget\" data-widget_type=\"text-editor.default\">\n\t\t\t\t<div class=\"elementor-widget-container\">\n\t\t\t\t\t\t\t\t\t<h3><b><span dir=\"ltr\" role=\"presentation\">COMUNICADO DE IMPRENSA:<\/span><span dir=\"ltr\" role=\"presentation\"> Povos Ind\u00edgenas gravemente impactados pela pecu\u00e1ria no Brasil : nova evid\u00eancia no caso contra o Casino<\/span><\/b><\/h3><p><strong><span dir=\"ltr\" role=\"presentation\">Paris, 31 de maio de 2022<\/span><span dir=\"ltr\" role=\"presentation\"> &#8211; <\/span><span dir=\"ltr\" role=\"presentation\"><b>Por ocasi\u00e3o da visita dos representantes dos povos ind\u00edgenas Uru-Eu-Wau-Wau a Paris, o CCCA (Centro de An\u00e1lise de Crimes Clim\u00e1ticos) revela os resultados de uma nova investiga\u00e7\u00e3o de campo conduzida na Amaz\u00f4nia brasileira. O relat\u00f3rio descreve o desmatamento ilegal de uma terra ind\u00edgena protegida no Estado de Rond\u00f4nia, em benef\u00edcio da pecu\u00e1ria, e fornece novos elementos de prova no processo franc\u00eas contra o Casino por n\u00e3o ter cumprido as obriga\u00e7\u00f5es que lhe incumbem por for\u00e7a da lei francesa relativa ao dever de vigil\u00e2ncia.<\/b><\/span><\/strong><\/p><p><a href=\"https:\/\/nourrirunmondedeforeste.org\/wp-content\/uploads\/2022\/06\/CP_Deforestation_Bre%CC%81sil-_Coalition-1Juin_2022.pdf\" target=\"_blank\" rel=\"noopener\"><span style=\"font-weight: 400;\">Lire l&#8217;int\u00e9gralit\u00e9 du communiqu\u00e9 de presse<\/span><\/a><\/p>\t\t\t\t\t\t\t\t<\/div>\n\t\t\t\t<\/div>\n\t\t\t\t\t<\/div>\n\t\t<\/div>\n\t\t\t\t\t<\/div>\n\t\t<\/section>\n\t\t\t\t<section class=\"elementor-section elementor-top-section elementor-element elementor-element-4100725 elementor-section-boxed elementor-section-height-default elementor-section-height-default\" data-id=\"4100725\" data-element_type=\"section\" data-e-type=\"section\">\n\t\t\t\t\t\t<div class=\"elementor-container elementor-column-gap-default\">\n\t\t\t\t\t<div class=\"elementor-column elementor-col-100 elementor-top-column elementor-element elementor-element-8304dbc\" data-id=\"8304dbc\" data-element_type=\"column\" data-e-type=\"column\">\n\t\t\t<div class=\"elementor-widget-wrap elementor-element-populated\">\n\t\t\t\t\t\t<div class=\"elementor-element elementor-element-5d149d8 elementor-widget elementor-widget-text-editor\" data-id=\"5d149d8\" data-element_type=\"widget\" data-e-type=\"widget\" data-widget_type=\"text-editor.default\">\n\t\t\t\t<div class=\"elementor-widget-container\">\n\t\t\t\t\t\t\t\t\t<p><b>Invas\u00e3o de territ\u00f3rios ind\u00edgenas em Rond\u00f4nia, Brasil, em benef\u00edcio da pecu\u00e1ria.<\/b><\/p><p><span style=\"font-weight: 400;\">Investiga\u00e7\u00f5es de campo realizadas pelo CCCA revelam invas\u00f5es ilegais da terra ind\u00edgena Uru-Eu-Wau-Wau, localizada no cora\u00e7\u00e3o da regi\u00e3o amaz\u00f4nica de Rond\u00f4nia, em benef\u00edcio das fazendas de gado. 25.482 bovinos est\u00e3o ilegalmente presentes na reserva e 13.411 hectares de floresta foram desmatados para pastagem, uma \u00e1rea maior do que a cidade de Paris.<\/span><\/p><p><span style=\"font-weight: 400;\">Esses estudos tamb\u00e9m documentam as grandes consequ\u00eancias dessas invas\u00f5es para os povos ind\u00edgenas envolvidos:<\/span><\/p><p><span style=\"font-weight: 400;\">&#8211; Os danos ambientais causados pelo desmatamento e cria\u00e7\u00e3o de gado s\u00e3o estimados em mais de 128 milh\u00f5es de euros ( a partir da perda de servi\u00e7os ecossist\u00eamicos, do custo da reabilita\u00e7\u00e3o e dos custos de oportunidade do uso da terra).<\/span><\/p><p><span style=\"font-weight: 400;\">&#8211; Existem tamb\u00e9m amea\u00e7as \u00e0 seguran\u00e7a dos povos ind\u00edgenas, \u00e0 sua subsist\u00eancia e mesmo \u00e0 sua cultura.<\/span><\/p><p><span style=\"font-weight: 400;\">&#8211; &#8220;<\/span><i><span style=\"font-weight: 400;\">Os povos das terras ind\u00edgenas Uru-Eu-Wau-Wau t\u00eam sofrido com um cerco constante e em expans\u00e3o de seu territ\u00f3rio que amea\u00e7a suas vidas<\/span><\/i><span style=\"font-weight: 400;\">&#8220;, diz um ind\u00edgena.<\/span><i><span style=\"font-weight: 400;\"> &#8220;Estamos todos sob amea\u00e7a, h\u00e1 muitas amea\u00e7as. Todas as aldeias est\u00e3o afectadas. Eles dizem que v\u00e3o terminar com os povos ind\u00edgenas&#8230; \u00c9 arriscado andar sozinho e ser capturado. \u00c9 perigoso ir \u00e0 cidade.&#8221;<\/span><\/i><\/p><p><span style=\"font-weight: 400;\">&#8211; Existe tamb\u00e9m um verdadeiro impacto na sa\u00fade.\u00a0 De acordo com os testemunhos: <\/span><i><span style=\"font-weight: 400;\">&#8220;Os invasores tamb\u00e9m violaram os direitos das popula\u00e7\u00f5es ind\u00edgenas isoladas ao entrar em contato com elas, enquanto essas pessoas sem mem\u00f3ria imunol\u00f3gica s\u00e3o particularmente vulner\u00e1veis, especialmente em tempos de pandemia.&#8221;<\/span><\/i><\/p><p><span style=\"font-weight: 400;\">De acordo com o CCCA, as invas\u00f5es de terras ind\u00edgenas, o desmatamento para pastagem, a cria\u00e7\u00e3o de gado e seu destino para consumo constituem atividades ilegais sob a lei brasileira.<\/span><\/p><p><span style=\"font-weight: 400;\">O link para o relat\u00f3rio completo &#8220;AS CONEX\u00d5ES ENTRE A CADEIA DE VALOR DO GRUPO CASINO, DESMATAMENTO E VIOLA\u00c7\u00d5ES DOS POVOS IND\u00cdGENAS NO TERRIT\u00d3RIO URU-EU-WAU NA AMAZ\u00d4NIA BRASILEIRA&#8221; publicado hoje.<\/span><\/p><p>\u00a0<\/p><p><b>Desmatamento ilegal na cadeia de suprimentos do Casino<\/b><\/p><p><span style=\"font-weight: 400;\">Atrav\u00e9s de documentos oficiais de transporte de animais, tr\u00eas fazendas, localizadas na Terra Ind\u00edgena Uru-Eu-Wau-Wau, foram identificadas como ligadas \u00e0 cadeia de abastecimento de um matadouro da empresa brasileira JBS que abastecia as lojas do Grupo Casino no Brasil. Essas fazendas s\u00e3o respons\u00e1veis por 340 hectares de desmatamento ilegal. Com apenas 10% do gado produzido em territ\u00f3rio ind\u00edgena apresentando documentos oficiais de transporte de animais, a responsabilidade das empresas poderia ser ainda maior.<\/span><\/p><p><span style=\"font-weight: 400;\">Rhavena Terto Madeira, Diretora do CCCA Brasil, disse: <\/span><i><span style=\"font-weight: 400;\">&#8220;Os compromissos do Casino para eliminar o desmatamento n\u00e3o s\u00e3o insatisfat\u00f3rios. Esses novos elementos mostram que o <\/span><\/i><b><i>Grupo Casino tamb\u00e9m pode ser respons\u00e1vel por esse dano ambiental sob a lei brasileira<\/i><\/b><i><span style=\"font-weight: 400;\">, por consentimento ou omiss\u00e3o.&#8221;<\/span><\/i><\/p><p><span style=\"font-weight: 400;\">Para as ONGs que levaram o Casino a tribunal, esta investiga\u00e7\u00e3o ilustra as consequ\u00eancias do incumprimento, por parte da empresa, das obriga\u00e7\u00f5es que lhe incumbem por for\u00e7a da lei francesa sobre o dever de vigil\u00e2ncia.\u00a0 A a\u00e7\u00e3o judicial iniciada em Saint-Etienne foi encaminhada ao Tribunal Judicial de Paris, que foi designado no final de 2021 como competente para julgar lit\u00edgios com base no dever de vigil\u00e2ncia. A audi\u00eancia para definir o calend\u00e1rio do processo ocorrer\u00e1 em 9 de junho de 2022. As a\u00e7\u00f5es de outras delega\u00e7\u00f5es ind\u00edgenas est\u00e3o em prepara\u00e7\u00e3o.<\/span><\/p><p><span style=\"font-weight: 400;\">\u00a0<\/span><\/p><p><b>Mobiliza\u00e7\u00e3o na Fran\u00e7a: representantes dos povos visitam Paris e um site \u00e9 dedicado a informa\u00e7\u00f5es sobre o caso<\/b><\/p><p><span style=\"font-weight: 400;\">Em reuni\u00e3o com ONGs francesas e sociedade civil nesta ter\u00e7a-feira, 31 de maio de 2022, estiveram presentes na revela\u00e7\u00e3o do relat\u00f3rio da CCCA na Fran\u00e7a (representada por Rhavena Terto Madeira):<\/span><\/p><p><span style=\"font-weight: 400;\">&#8211; Alice Patax\u00f3, do povo ind\u00edgena Patax\u00f3 da Bahia, uma ativista de 20 anos que falou na COP 26 em Glasgow, denunciando o desmatamento na Amaz\u00f4nia e defendendo os direitos dos povos ind\u00edgenas.<\/span><\/p><p><span style=\"font-weight: 400;\">&#8211; Tejubi, da etnia ind\u00edgena Uru-Eu-Wau-Wau de Rond\u00f4nia, de 21 anos. Ela faz parte da associa\u00e7\u00e3o Jupa\u00fa, que lidera a luta para defender os direitos de seu povo e desenvolver projetos sustent\u00e1veis em suas terras.<\/span><\/p><p><span style=\"font-weight: 400;\">&#8211; Neidinha Bandeira, que \u00e9 uma ativista emblem\u00e1tica e chefe da Associa\u00e7\u00e3o de Defesa Etno-Ambiental de Kanind\u00e9 , que trabalha com 52 grupos \u00e9tnicos ind\u00edgenas para impedir a invas\u00e3o de criadores de gado e madeireiros ilegais.<\/span><\/p><p><span style=\"font-weight: 400;\">A coliga\u00e7\u00e3o de representantes ind\u00edgenas franceses e internacionais que processaram o Grupo Casino tamb\u00e9m est\u00e1 lan\u00e7ando hoje seu site dedicado Nourrirunmonded\u00e9forest\u00e9.org para esclarecer esta grande quest\u00e3o: Os dois maiores retalhistas do Brasil Carrefour e Casino s\u00e3o franceses e a carne bovina, principal vetor do desmatamento na Amaz\u00f4nia, \u00e9 vendida no Brasil.<\/span><\/p>\t\t\t\t\t\t\t\t<\/div>\n\t\t\t\t<\/div>\n\t\t\t\t\t<\/div>\n\t\t<\/div>\n\t\t\t\t\t<\/div>\n\t\t<\/section>\n\t\t\t\t<\/div>\n\t\t","protected":false},"excerpt":{"rendered":"<p>COMUNICADO DE IMPRENSA: Povos Ind\u00edgenas gravemente impactados pela pecu\u00e1ria no Brasil : nova evid\u00eancia no caso contra o Casino Paris, 31 de maio de 2022 &#8211; Por ocasi\u00e3o da visita dos representantes dos povos ind\u00edgenas Uru-Eu-Wau-Wau a Paris, o CCCA (Centro de An\u00e1lise de Crimes Clim\u00e1ticos) revela os resultados de uma nova investiga\u00e7\u00e3o de campo [&hellip;]<\/p>\n","protected":false},"author":1,"featured_media":1934,"parent":0,"menu_order":0,"comment_status":"closed","ping_status":"closed","template":"elementor_header_footer","meta":{"_acf_changed":false,"site-sidebar-layout":"default","site-content-layout":"","ast-site-content-layout":"default","site-content-style":"default","site-sidebar-style":"default","ast-global-header-display":"","ast-banner-title-visibility":"","ast-main-header-display":"","ast-hfb-above-header-display":"","ast-hfb-below-header-display":"","ast-hfb-mobile-header-display":"","site-post-title":"","ast-breadcrumbs-content":"","ast-featured-img":"","footer-sml-layout":"","ast-disable-related-posts":"","theme-transparent-header-meta":"","adv-header-id-meta":"","stick-header-meta":"","header-above-stick-meta":"","header-main-stick-meta":"","header-below-stick-meta":"","astra-migrate-meta-layouts":"default","ast-page-background-enabled":"default","ast-page-background-meta":{"desktop":{"background-color":"var(--ast-global-color-4)","background-image":"","background-repeat":"repeat","background-position":"center center","background-size":"auto","background-attachment":"scroll","background-type":"","background-media":"","overlay-type":"","overlay-color":"","overlay-opacity":"","overlay-gradient":""},"tablet":{"background-color":"","background-image":"","background-repeat":"repeat","background-position":"center center","background-size":"auto","background-attachment":"scroll","background-type":"","background-media":"","overlay-type":"","overlay-color":"","overlay-opacity":"","overlay-gradient":""},"mobile":{"background-color":"","background-image":"","background-repeat":"repeat","background-position":"center center","background-size":"auto","background-attachment":"scroll","background-type":"","background-media":"","overlay-type":"","overlay-color":"","overlay-opacity":"","overlay-gradient":""}},"ast-content-background-meta":{"desktop":{"background-color":"var(--ast-global-color-5)","background-image":"","background-repeat":"repeat","background-position":"center center","background-size":"auto","background-attachment":"scroll","background-type":"","background-media":"","overlay-type":"","overlay-color":"","overlay-opacity":"","overlay-gradient":""},"tablet":{"background-color":"var(--ast-global-color-5)","background-image":"","background-repeat":"repeat","background-position":"center center","background-size":"auto","background-attachment":"scroll","background-type":"","background-media":"","overlay-type":"","overlay-color":"","overlay-opacity":"","overlay-gradient":""},"mobile":{"background-color":"var(--ast-global-color-5)","background-image":"","background-repeat":"repeat","background-position":"center center","background-size":"auto","background-attachment":"scroll","background-type":"","background-media":"","overlay-type":"","overlay-color":"","overlay-opacity":"","overlay-gradient":""}},"footnotes":""},"categories":[31],"tags":[],"class_list":["post-2426","page","type-page","status-publish","has-post-thumbnail","hentry","category-noticias"],"acf":[],"_links":{"self":[{"href":"https:\/\/nourrirunmondedeforeste.org\/pt-br\/wp-json\/wp\/v2\/pages\/2426","targetHints":{"allow":["GET"]}}],"collection":[{"href":"https:\/\/nourrirunmondedeforeste.org\/pt-br\/wp-json\/wp\/v2\/pages"}],"about":[{"href":"https:\/\/nourrirunmondedeforeste.org\/pt-br\/wp-json\/wp\/v2\/types\/page"}],"author":[{"embeddable":true,"href":"https:\/\/nourrirunmondedeforeste.org\/pt-br\/wp-json\/wp\/v2\/users\/1"}],"replies":[{"embeddable":true,"href":"https:\/\/nourrirunmondedeforeste.org\/pt-br\/wp-json\/wp\/v2\/comments?post=2426"}],"version-history":[{"count":0,"href":"https:\/\/nourrirunmondedeforeste.org\/pt-br\/wp-json\/wp\/v2\/pages\/2426\/revisions"}],"wp:featuredmedia":[{"embeddable":true,"href":"https:\/\/nourrirunmondedeforeste.org\/pt-br\/wp-json\/wp\/v2\/media\/1934"}],"wp:attachment":[{"href":"https:\/\/nourrirunmondedeforeste.org\/pt-br\/wp-json\/wp\/v2\/media?parent=2426"}],"wp:term":[{"taxonomy":"category","embeddable":true,"href":"https:\/\/nourrirunmondedeforeste.org\/pt-br\/wp-json\/wp\/v2\/categories?post=2426"},{"taxonomy":"post_tag","embeddable":true,"href":"https:\/\/nourrirunmondedeforeste.org\/pt-br\/wp-json\/wp\/v2\/tags?post=2426"}],"curies":[{"name":"wp","href":"https:\/\/api.w.org\/{rel}","templated":true}]}}