{"id":2409,"date":"2022-05-17T10:22:00","date_gmt":"2022-05-17T10:22:00","guid":{"rendered":"https:\/\/nourrirunmondedeforeste.org\/nossas-demandas\/"},"modified":"2022-06-08T21:00:15","modified_gmt":"2022-06-08T21:00:15","slug":"nossas-demandas","status":"publish","type":"page","link":"https:\/\/nourrirunmondedeforeste.org\/pt-br\/nossas-demandas\/","title":{"rendered":"Nossas demandas"},"content":{"rendered":"\t\t<div data-elementor-type=\"wp-page\" data-elementor-id=\"2409\" class=\"elementor elementor-2409 elementor-107\">\n\t\t\t\t\t\t<section class=\"elementor-section elementor-top-section elementor-element elementor-element-64391e20 elementor-section-full_width elementor-section-height-min-height elementor-section-height-default elementor-section-items-middle elementor-invisible\" data-id=\"64391e20\" data-element_type=\"section\" data-e-type=\"section\" data-settings=\"{&quot;background_background&quot;:&quot;classic&quot;,&quot;animation&quot;:&quot;zoomIn&quot;}\">\n\t\t\t\t\t\t<div class=\"elementor-container elementor-column-gap-default\">\n\t\t\t\t\t<div class=\"elementor-column elementor-col-100 elementor-top-column elementor-element elementor-element-3cbe7636\" data-id=\"3cbe7636\" data-element_type=\"column\" data-e-type=\"column\">\n\t\t\t<div class=\"elementor-widget-wrap elementor-element-populated\">\n\t\t\t\t\t\t<div class=\"elementor-element elementor-element-47426adf elementor-widget__width-auto elementor-widget elementor-widget-heading\" data-id=\"47426adf\" data-element_type=\"widget\" data-e-type=\"widget\" data-widget_type=\"heading.default\">\n\t\t\t\t<div class=\"elementor-widget-container\">\n\t\t\t\t\t<h1 class=\"elementor-heading-title elementor-size-default\">Nossas demandas<\/h1>\t\t\t\t<\/div>\n\t\t\t\t<\/div>\n\t\t\t\t\t<\/div>\n\t\t<\/div>\n\t\t\t\t\t<\/div>\n\t\t<\/section>\n\t\t\t\t<section class=\"elementor-section elementor-top-section elementor-element elementor-element-42f557e elementor-section-boxed elementor-section-height-default elementor-section-height-default\" data-id=\"42f557e\" data-element_type=\"section\" data-e-type=\"section\">\n\t\t\t\t\t\t<div class=\"elementor-container elementor-column-gap-default\">\n\t\t\t\t\t<div class=\"elementor-column elementor-col-100 elementor-top-column elementor-element elementor-element-c0cf459\" data-id=\"c0cf459\" data-element_type=\"column\" data-e-type=\"column\">\n\t\t\t<div class=\"elementor-widget-wrap elementor-element-populated\">\n\t\t\t\t\t\t<div class=\"elementor-element elementor-element-588f5db elementor-widget elementor-widget-text-editor\" data-id=\"588f5db\" data-element_type=\"widget\" data-e-type=\"widget\" data-widget_type=\"text-editor.default\">\n\t\t\t\t<div class=\"elementor-widget-container\">\n\t\t\t\t\t\t\t\t\t<p><span style=\"font-weight: 400;\">As organiza\u00e7\u00f5es dos povos ind\u00edgenas exigem uma repara\u00e7\u00e3o pelos danos causados a suas terras ancestrais e o impacto em seus meios de vida pela falta de vigil\u00e2ncia do Grupo Casino. Na verdade, v\u00eaem as suas terras destru\u00eddas e ocupadas ilegalmente por camponeses, privando-os simultaneamente dos seus meios de subsist\u00eancia. <\/span><\/p><p><span style=\"font-weight: 400;\">Portanto, a coliga\u00e7\u00e3o de associa\u00e7\u00f5es pede ao grupo Casino que cumpra as suas obriga\u00e7\u00f5es legais, tomando as medidas necess\u00e1rias para excluir toda a carne de bovino desflorestada da sua cadeia de abastecimento.<\/span><br><br><\/p><h5><strong>Em particular, pede-se ao Casino que:<\/strong><\/h5><ul><li><span style=\"font-weight: 400;\"> Estabele\u00e7a <\/span><b>um mapeamento que apresente, analise e priorize os riscos de danos graves <\/b><span style=\"font-weight: 400;\">derivados do fornecimento de carne bovina \u00e0s filiais do Casino na Am\u00e9rica do Sul, particularmente no Brasil e na Col\u00f4mbia, <\/span><b>actualizado periodicamente <\/b><span style=\"font-weight: 400;\"><span style=\"font-weight: 400;\">para ter em conta as pr\u00e1ticas observadas na cadeia bovina desde a primeira etapa. da produ\u00e7\u00e3o de carne de bovino (associando assim todas as explora\u00e7\u00f5es indirectas, incluindo as chamadas pr\u00e1ticas de \u00abbranqueamento de gado\u00bb, \u00e0s explora\u00e7\u00f5es directas)<\/span><\/span><\/li><\/ul><ul><li style=\"font-weight: 400;\" aria-level=\"1\"><span style=\"font-weight: 400;\">Tomar <\/span><b>medidas para avaliar a situa\u00e7\u00e3o dos fornecedores e tomar medidas adequadas para atenuar os riscos e evitar danos graves<\/b><span style=\"font-weight: 400;\">, a fim de excluir toda a carne proveniente de explora\u00e7\u00f5es (\u00e1reas de abastecimento e\/ou fornecedores directos e indirectos) que tenham contribu\u00eddo para a desfloresta\u00e7\u00e3o ou a convers\u00e3o de ecossistemas (tal como definido pela<\/span><i><span style=\"font-weight: 400;\">Iniciativa do Quadro de Responsabilidade<\/span><\/i><span style=\"font-weight: 400;\"><span style=\"font-weight: 400;\">), em particular ao implementar a rastreabilidade completa de todos os seus fornecedores diretos e indiretos nas suas cadeias de abastecimento.<\/span><\/span><br><hr><\/li><li> <span style=\"font-weight: 400;\"> Avaliar <\/span><b>p\u00fablica e periodicamente a efic\u00e1cia e a efici\u00eancia das medidas de vigil\u00e2ncia,<\/b><span style=\"font-weight: 400;\">com base em indicadores de meios e de resultados, com a participa\u00e7\u00e3o de partes interessadas externas. Fornecer uma lista anual de todos os seus fornecedores de produtos \u00e0 base de carne.<\/span><\/li><\/ul>\t\t\t\t\t\t\t\t<\/div>\n\t\t\t\t<\/div>\n\t\t\t\t\t<\/div>\n\t\t<\/div>\n\t\t\t\t\t<\/div>\n\t\t<\/section>\n\t\t\t\t<\/div>\n\t\t","protected":false},"excerpt":{"rendered":"<p>Nossas demandas As organiza\u00e7\u00f5es dos povos ind\u00edgenas exigem uma repara\u00e7\u00e3o pelos danos causados a suas terras ancestrais e o impacto em seus meios de vida pela falta de vigil\u00e2ncia do Grupo Casino. Na verdade, v\u00eaem as suas terras destru\u00eddas e ocupadas ilegalmente por camponeses, privando-os simultaneamente dos seus meios de subsist\u00eancia. Portanto, a coliga\u00e7\u00e3o de [&hellip;]<\/p>\n","protected":false},"author":1,"featured_media":0,"parent":0,"menu_order":0,"comment_status":"closed","ping_status":"closed","template":"elementor_header_footer","meta":{"_acf_changed":false,"site-sidebar-layout":"default","site-content-layout":"","ast-site-content-layout":"default","site-content-style":"default","site-sidebar-style":"default","ast-global-header-display":"","ast-banner-title-visibility":"","ast-main-header-display":"","ast-hfb-above-header-display":"","ast-hfb-below-header-display":"","ast-hfb-mobile-header-display":"","site-post-title":"","ast-breadcrumbs-content":"","ast-featured-img":"","footer-sml-layout":"","ast-disable-related-posts":"","theme-transparent-header-meta":"","adv-header-id-meta":"","stick-header-meta":"","header-above-stick-meta":"","header-main-stick-meta":"","header-below-stick-meta":"","astra-migrate-meta-layouts":"default","ast-page-background-enabled":"default","ast-page-background-meta":{"desktop":{"background-color":"var(--ast-global-color-4)","background-image":"","background-repeat":"repeat","background-position":"center center","background-size":"auto","background-attachment":"scroll","background-type":"","background-media":"","overlay-type":"","overlay-color":"","overlay-opacity":"","overlay-gradient":""},"tablet":{"background-color":"","background-image":"","background-repeat":"repeat","background-position":"center center","background-size":"auto","background-attachment":"scroll","background-type":"","background-media":"","overlay-type":"","overlay-color":"","overlay-opacity":"","overlay-gradient":""},"mobile":{"background-color":"","background-image":"","background-repeat":"repeat","background-position":"center center","background-size":"auto","background-attachment":"scroll","background-type":"","background-media":"","overlay-type":"","overlay-color":"","overlay-opacity":"","overlay-gradient":""}},"ast-content-background-meta":{"desktop":{"background-color":"var(--ast-global-color-5)","background-image":"","background-repeat":"repeat","background-position":"center center","background-size":"auto","background-attachment":"scroll","background-type":"","background-media":"","overlay-type":"","overlay-color":"","overlay-opacity":"","overlay-gradient":""},"tablet":{"background-color":"var(--ast-global-color-5)","background-image":"","background-repeat":"repeat","background-position":"center center","background-size":"auto","background-attachment":"scroll","background-type":"","background-media":"","overlay-type":"","overlay-color":"","overlay-opacity":"","overlay-gradient":""},"mobile":{"background-color":"var(--ast-global-color-5)","background-image":"","background-repeat":"repeat","background-position":"center center","background-size":"auto","background-attachment":"scroll","background-type":"","background-media":"","overlay-type":"","overlay-color":"","overlay-opacity":"","overlay-gradient":""}},"footnotes":""},"categories":[],"tags":[],"class_list":["post-2409","page","type-page","status-publish","hentry"],"acf":[],"_links":{"self":[{"href":"https:\/\/nourrirunmondedeforeste.org\/pt-br\/wp-json\/wp\/v2\/pages\/2409","targetHints":{"allow":["GET"]}}],"collection":[{"href":"https:\/\/nourrirunmondedeforeste.org\/pt-br\/wp-json\/wp\/v2\/pages"}],"about":[{"href":"https:\/\/nourrirunmondedeforeste.org\/pt-br\/wp-json\/wp\/v2\/types\/page"}],"author":[{"embeddable":true,"href":"https:\/\/nourrirunmondedeforeste.org\/pt-br\/wp-json\/wp\/v2\/users\/1"}],"replies":[{"embeddable":true,"href":"https:\/\/nourrirunmondedeforeste.org\/pt-br\/wp-json\/wp\/v2\/comments?post=2409"}],"version-history":[{"count":0,"href":"https:\/\/nourrirunmondedeforeste.org\/pt-br\/wp-json\/wp\/v2\/pages\/2409\/revisions"}],"wp:attachment":[{"href":"https:\/\/nourrirunmondedeforeste.org\/pt-br\/wp-json\/wp\/v2\/media?parent=2409"}],"wp:term":[{"taxonomy":"category","embeddable":true,"href":"https:\/\/nourrirunmondedeforeste.org\/pt-br\/wp-json\/wp\/v2\/categories?post=2409"},{"taxonomy":"post_tag","embeddable":true,"href":"https:\/\/nourrirunmondedeforeste.org\/pt-br\/wp-json\/wp\/v2\/tags?post=2409"}],"curies":[{"name":"wp","href":"https:\/\/api.w.org\/{rel}","templated":true}]}}