{"id":1962,"date":"2022-05-31T08:59:12","date_gmt":"2022-05-31T08:59:12","guid":{"rendered":"https:\/\/nourrirunmondedeforeste.org\/contato\/"},"modified":"2022-06-03T16:44:08","modified_gmt":"2022-06-03T16:44:08","slug":"contato","status":"publish","type":"page","link":"https:\/\/nourrirunmondedeforeste.org\/pt-br\/contato\/","title":{"rendered":"Contato"},"content":{"rendered":"\t\t<div data-elementor-type=\"wp-page\" data-elementor-id=\"1962\" class=\"elementor elementor-1962 elementor-1753\">\n\t\t\t\t\t\t<section class=\"elementor-section elementor-top-section elementor-element elementor-element-20ae098a elementor-section-full_width elementor-section-height-min-height elementor-section-height-default elementor-section-items-middle elementor-invisible\" data-id=\"20ae098a\" data-element_type=\"section\" data-e-type=\"section\" data-settings=\"{&quot;background_background&quot;:&quot;classic&quot;,&quot;animation&quot;:&quot;zoomIn&quot;}\">\n\t\t\t\t\t\t<div class=\"elementor-container elementor-column-gap-default\">\n\t\t\t\t\t<div class=\"elementor-column elementor-col-100 elementor-top-column elementor-element elementor-element-19d35241\" data-id=\"19d35241\" data-element_type=\"column\" data-e-type=\"column\">\n\t\t\t<div class=\"elementor-widget-wrap elementor-element-populated\">\n\t\t\t\t\t\t<div class=\"elementor-element elementor-element-1b5b114 elementor-widget__width-auto elementor-widget elementor-widget-heading\" data-id=\"1b5b114\" data-element_type=\"widget\" data-e-type=\"widget\" data-widget_type=\"heading.default\">\n\t\t\t\t<div class=\"elementor-widget-container\">\n\t\t\t\t\t<h1 class=\"elementor-heading-title elementor-size-default\">Contato<\/h1>\t\t\t\t<\/div>\n\t\t\t\t<\/div>\n\t\t\t\t\t<\/div>\n\t\t<\/div>\n\t\t\t\t\t<\/div>\n\t\t<\/section>\n\t\t\t\t<section class=\"elementor-section elementor-top-section elementor-element elementor-element-7cdefe8 elementor-section-boxed elementor-section-height-default elementor-section-height-default\" data-id=\"7cdefe8\" data-element_type=\"section\" data-e-type=\"section\">\n\t\t\t\t\t\t<div class=\"elementor-container elementor-column-gap-default\">\n\t\t\t\t\t<div class=\"elementor-column elementor-col-100 elementor-top-column elementor-element elementor-element-da4ada1\" data-id=\"da4ada1\" data-element_type=\"column\" data-e-type=\"column\">\n\t\t\t<div class=\"elementor-widget-wrap elementor-element-populated\">\n\t\t\t\t\t\t<div class=\"elementor-element elementor-element-a627457 elementor-widget elementor-widget-text-editor\" data-id=\"a627457\" data-element_type=\"widget\" data-e-type=\"widget\" data-widget_type=\"text-editor.default\">\n\t\t\t\t<div class=\"elementor-widget-container\">\n\t\t\t\t\t\t\t\t\t<p><span style=\"font-size: 12pt;\"><strong>Contato Geral da Coaliz\u00e3o: <\/strong><a href=\"mailto:nourrirunmondedeforeste@gmail.com\">nourrirunmondedeforeste@gmail.com<\/a><\/span><\/p><p><span style=\"font-size: 12pt;\"><strong>Canop\u00e9e<\/strong><\/span><\/p><p><span style=\"font-size: 12pt;\"><strong>Coordena\u00e7\u00e3o das Organiza\u00e7\u00f5es Ind\u00edgenas da Amaz\u00f4nia Brasileira (COIAB): <a href=\"mailto:comunicacao@coiab.org.br\"><span style=\"font-weight: 400;\">comunicacao@coiab.org.br<\/span><\/a> <\/strong><\/span><\/p><p><span style=\"font-size: 12pt;\"><strong>Comiss\u00e3o Pastoral da Terra (CPT)<\/strong><\/span><\/p><p><span style=\"font-size: 12pt;\"><strong>Envol Vert:<\/strong> <a href=\"mailto:presse@envol-vert.org\">presse@envol-vert.org<\/a><\/span><\/p><p><span style=\"font-size: 12pt;\"><strong>Federa\u00e7\u00e3o dos Povos Ind\u00edgenas do Par\u00e1 (FEPIPA): <a href=\"mailto:comunicacao@coiab.org.br\"><span style=\"font-weight: 400;\">comunicacao@coiab.org.br<\/span><\/a><\/strong><\/span><\/p><p><span style=\"font-size: 12pt;\"><strong>Federa\u00e7\u00e3o dos Povos Ind\u00edgenas do Mato Grosso (FEPOIMT): <a href=\"mailto:comunicacao@coiab.org.br\"><span style=\"font-weight: 400;\">comunicacao@coiab.org.br<\/span><\/a><\/strong><\/span><\/p><p><span style=\"font-size: 12pt;\"><strong>France Nature Environnement<\/strong><\/span><\/p><p><span style=\"font-size: 12pt;\"><strong>Mighty Earth: <a href=\"mailto:boris@mightyearth.org\"><span style=\"font-weight: 400;\">boris@mightyearth.org<\/span><\/a><\/strong><\/span><\/p><p><span style=\"font-size: 12pt;\"><strong>Nosso Affair to All<\/strong><\/span><\/p><p><span style=\"font-size: 12pt;\"><strong>Organiza\u00e7\u00e3o Nacional dos Povos Ind\u00edgenas da Amaz\u00f4nia Colombiana (OPIAC): <a href=\"mailto:mujeryfamiliaopiac@gmail.com\"><span style=\"font-weight: 400;\">mujeryfamiliaopiac@gmail.com<\/span><\/a><\/strong><\/span><\/p><p><span style=\"font-size: 12pt;\"><strong>Sherpa: <a href=\"mailto:presse@asso-sherpa.org\"><span style=\"font-weight: 400;\">presse@asso-sherpa.org<\/span><\/a><\/strong><\/span><\/p>\t\t\t\t\t\t\t\t<\/div>\n\t\t\t\t<\/div>\n\t\t\t\t\t<\/div>\n\t\t<\/div>\n\t\t\t\t\t<\/div>\n\t\t<\/section>\n\t\t\t\t<\/div>\n\t\t","protected":false},"excerpt":{"rendered":"<p>Contato Contato Geral da Coaliz\u00e3o: nourrirunmondedeforeste@gmail.com Canop\u00e9e Coordena\u00e7\u00e3o das Organiza\u00e7\u00f5es Ind\u00edgenas da Amaz\u00f4nia Brasileira (COIAB): comunicacao@coiab.org.br Comiss\u00e3o Pastoral da Terra (CPT) Envol Vert: presse@envol-vert.org Federa\u00e7\u00e3o dos Povos Ind\u00edgenas do Par\u00e1 (FEPIPA): comunicacao@coiab.org.br Federa\u00e7\u00e3o dos Povos Ind\u00edgenas do Mato Grosso (FEPOIMT): comunicacao@coiab.org.br France Nature Environnement Mighty Earth: boris@mightyearth.org Nosso Affair to All Organiza\u00e7\u00e3o Nacional dos Povos [&hellip;]<\/p>\n","protected":false},"author":1,"featured_media":0,"parent":0,"menu_order":0,"comment_status":"closed","ping_status":"closed","template":"elementor_header_footer","meta":{"_acf_changed":false,"site-sidebar-layout":"default","site-content-layout":"","ast-site-content-layout":"default","site-content-style":"default","site-sidebar-style":"default","ast-global-header-display":"","ast-banner-title-visibility":"","ast-main-header-display":"","ast-hfb-above-header-display":"","ast-hfb-below-header-display":"","ast-hfb-mobile-header-display":"","site-post-title":"","ast-breadcrumbs-content":"","ast-featured-img":"","footer-sml-layout":"","ast-disable-related-posts":"","theme-transparent-header-meta":"","adv-header-id-meta":"","stick-header-meta":"","header-above-stick-meta":"","header-main-stick-meta":"","header-below-stick-meta":"","astra-migrate-meta-layouts":"default","ast-page-background-enabled":"default","ast-page-background-meta":{"desktop":{"background-color":"var(--ast-global-color-4)","background-image":"","background-repeat":"repeat","background-position":"center center","background-size":"auto","background-attachment":"scroll","background-type":"","background-media":"","overlay-type":"","overlay-color":"","overlay-opacity":"","overlay-gradient":""},"tablet":{"background-color":"","background-image":"","background-repeat":"repeat","background-position":"center center","background-size":"auto","background-attachment":"scroll","background-type":"","background-media":"","overlay-type":"","overlay-color":"","overlay-opacity":"","overlay-gradient":""},"mobile":{"background-color":"","background-image":"","background-repeat":"repeat","background-position":"center center","background-size":"auto","background-attachment":"scroll","background-type":"","background-media":"","overlay-type":"","overlay-color":"","overlay-opacity":"","overlay-gradient":""}},"ast-content-background-meta":{"desktop":{"background-color":"var(--ast-global-color-5)","background-image":"","background-repeat":"repeat","background-position":"center center","background-size":"auto","background-attachment":"scroll","background-type":"","background-media":"","overlay-type":"","overlay-color":"","overlay-opacity":"","overlay-gradient":""},"tablet":{"background-color":"var(--ast-global-color-5)","background-image":"","background-repeat":"repeat","background-position":"center center","background-size":"auto","background-attachment":"scroll","background-type":"","background-media":"","overlay-type":"","overlay-color":"","overlay-opacity":"","overlay-gradient":""},"mobile":{"background-color":"var(--ast-global-color-5)","background-image":"","background-repeat":"repeat","background-position":"center center","background-size":"auto","background-attachment":"scroll","background-type":"","background-media":"","overlay-type":"","overlay-color":"","overlay-opacity":"","overlay-gradient":""}},"footnotes":""},"categories":[],"tags":[],"class_list":["post-1962","page","type-page","status-publish","hentry"],"acf":[],"_links":{"self":[{"href":"https:\/\/nourrirunmondedeforeste.org\/pt-br\/wp-json\/wp\/v2\/pages\/1962","targetHints":{"allow":["GET"]}}],"collection":[{"href":"https:\/\/nourrirunmondedeforeste.org\/pt-br\/wp-json\/wp\/v2\/pages"}],"about":[{"href":"https:\/\/nourrirunmondedeforeste.org\/pt-br\/wp-json\/wp\/v2\/types\/page"}],"author":[{"embeddable":true,"href":"https:\/\/nourrirunmondedeforeste.org\/pt-br\/wp-json\/wp\/v2\/users\/1"}],"replies":[{"embeddable":true,"href":"https:\/\/nourrirunmondedeforeste.org\/pt-br\/wp-json\/wp\/v2\/comments?post=1962"}],"version-history":[{"count":0,"href":"https:\/\/nourrirunmondedeforeste.org\/pt-br\/wp-json\/wp\/v2\/pages\/1962\/revisions"}],"wp:attachment":[{"href":"https:\/\/nourrirunmondedeforeste.org\/pt-br\/wp-json\/wp\/v2\/media?parent=1962"}],"wp:term":[{"taxonomy":"category","embeddable":true,"href":"https:\/\/nourrirunmondedeforeste.org\/pt-br\/wp-json\/wp\/v2\/categories?post=1962"},{"taxonomy":"post_tag","embeddable":true,"href":"https:\/\/nourrirunmondedeforeste.org\/pt-br\/wp-json\/wp\/v2\/tags?post=1962"}],"curies":[{"name":"wp","href":"https:\/\/api.w.org\/{rel}","templated":true}]}}