{"id":1836,"date":"2022-05-09T22:15:51","date_gmt":"2022-05-09T22:15:51","guid":{"rendered":"https:\/\/nourrirunmondedeforeste.org\/home-pt\/"},"modified":"2022-06-15T14:11:24","modified_gmt":"2022-06-15T14:11:24","slug":"home-pt","status":"publish","type":"page","link":"https:\/\/nourrirunmondedeforeste.org\/pt-br\/","title":{"rendered":"Home (pt)"},"content":{"rendered":"\t\t<div data-elementor-type=\"wp-page\" data-elementor-id=\"1836\" class=\"elementor elementor-1836 elementor-27\">\n\t\t\t\t\t\t<section class=\"elementor-section elementor-top-section elementor-element elementor-element-45f1773 elementor-section-full_width elementor-section-height-min-height elementor-section-height-default elementor-section-items-middle\" data-id=\"45f1773\" data-element_type=\"section\" data-e-type=\"section\" data-settings=\"{&quot;background_background&quot;:&quot;classic&quot;}\">\n\t\t\t\t\t\t<div class=\"elementor-container elementor-column-gap-default\">\n\t\t\t\t\t<div class=\"elementor-column elementor-col-33 elementor-top-column elementor-element elementor-element-2dd48689\" data-id=\"2dd48689\" data-element_type=\"column\" data-e-type=\"column\">\n\t\t\t<div class=\"elementor-widget-wrap elementor-element-populated\">\n\t\t\t\t\t\t<div class=\"elementor-element elementor-element-5070a1c4 elementor-widget__width-auto elementor-widget elementor-widget-heading\" data-id=\"5070a1c4\" data-element_type=\"widget\" data-e-type=\"widget\" data-widget_type=\"heading.default\">\n\t\t\t\t<div class=\"elementor-widget-container\">\n\t\t\t\t\t<h3 class=\"elementor-heading-title elementor-size-medium\">A floresta e os povos ind\u00edgenas da Amaz\u00f4nia est\u00e3o em perigo.\nO impacto da pecu\u00e1ria no desmatamento e na monopoliza\u00e7\u00e3o dos territ\u00f3rios ind\u00edgenas est\u00e1 aumentando constantemente.\n \nUma coliga\u00e7\u00e3o internacional foi, assim, organizada, realizando regularmente in\u00fameras investiga\u00e7\u00f5es que infelizmente ilustram as consequ\u00eancias do fracasso das grandes empresas em cumprir seu dever de cuidado. O Grupo Casino, l\u00edder em distribui\u00e7\u00e3o de hipermercados no Brasil e na Col\u00f4mbia, \u00e9 um deles.\n \nDescubra tudo sobre essa \"quest\u00e3o\" aqui.\n<\/h3>\t\t\t\t<\/div>\n\t\t\t\t<\/div>\n\t\t\t\t\t<\/div>\n\t\t<\/div>\n\t\t\t\t<div class=\"elementor-column elementor-col-33 elementor-top-column elementor-element elementor-element-27ac4f13\" data-id=\"27ac4f13\" data-element_type=\"column\" data-e-type=\"column\">\n\t\t\t<div class=\"elementor-widget-wrap elementor-element-populated\">\n\t\t\t\t\t\t<div class=\"elementor-element elementor-element-d86a278 elementor-widget elementor-widget-image\" data-id=\"d86a278\" data-element_type=\"widget\" data-e-type=\"widget\" data-widget_type=\"image.default\">\n\t\t\t\t<div class=\"elementor-widget-container\">\n\t\t\t\t\t\t\t\t\t\t\t\t\t\t\t<img fetchpriority=\"high\" decoding=\"async\" width=\"768\" height=\"768\" src=\"https:\/\/nourrirunmondedeforeste.org\/wp-content\/uploads\/2022\/05\/home-pt-768x768.jpg\" class=\"attachment-medium_large size-medium_large wp-image-1828\" alt=\"\" srcset=\"https:\/\/nourrirunmondedeforeste.org\/wp-content\/uploads\/2022\/05\/home-pt-768x768.jpg 768w, https:\/\/nourrirunmondedeforeste.org\/wp-content\/uploads\/2022\/05\/home-pt-300x300.jpg 300w, https:\/\/nourrirunmondedeforeste.org\/wp-content\/uploads\/2022\/05\/home-pt-1024x1024.jpg 1024w, https:\/\/nourrirunmondedeforeste.org\/wp-content\/uploads\/2022\/05\/home-pt-150x150.jpg 150w, https:\/\/nourrirunmondedeforeste.org\/wp-content\/uploads\/2022\/05\/home-pt.jpg 1080w\" sizes=\"(max-width: 768px) 100vw, 768px\" \/>\t\t\t\t\t\t\t\t\t\t\t\t\t\t\t<\/div>\n\t\t\t\t<\/div>\n\t\t\t\t\t<\/div>\n\t\t<\/div>\n\t\t\t\t<div class=\"elementor-column elementor-col-33 elementor-top-column elementor-element elementor-element-536f0de0\" data-id=\"536f0de0\" data-element_type=\"column\" data-e-type=\"column\">\n\t\t\t<div class=\"elementor-widget-wrap\">\n\t\t\t\t\t\t\t<\/div>\n\t\t<\/div>\n\t\t\t\t\t<\/div>\n\t\t<\/section>\n\t\t\t\t<section class=\"elementor-section elementor-top-section elementor-element elementor-element-49065605 elementor-section-full_width elementor-section-height-min-height elementor-section-height-default elementor-section-items-middle\" data-id=\"49065605\" data-element_type=\"section\" data-e-type=\"section\" data-settings=\"{&quot;background_background&quot;:&quot;classic&quot;}\">\n\t\t\t\t\t\t<div class=\"elementor-container elementor-column-gap-default\">\n\t\t\t\t\t<div class=\"elementor-column elementor-col-33 elementor-top-column elementor-element elementor-element-7d0f1036\" data-id=\"7d0f1036\" data-element_type=\"column\" data-e-type=\"column\">\n\t\t\t<div class=\"elementor-widget-wrap elementor-element-populated\">\n\t\t\t\t\t\t<div class=\"elementor-element elementor-element-7d0cdb26 elementor-widget__width-initial elementor-widget elementor-widget-image\" data-id=\"7d0cdb26\" data-element_type=\"widget\" data-e-type=\"widget\" data-widget_type=\"image.default\">\n\t\t\t\t<div class=\"elementor-widget-container\">\n\t\t\t\t\t\t\t\t\t\t\t\t\t\t\t<img decoding=\"async\" width=\"768\" height=\"588\" src=\"https:\/\/nourrirunmondedeforeste.org\/wp-content\/uploads\/2022\/06\/home-photo-@JeanBaptisteMariou-768x588.jpg\" class=\"attachment-medium_large size-medium_large wp-image-1975\" alt=\"La for\u00eat et les peuples autochtones d&#039;Amazonie sont en danger. L&#039;impact du secteur bovin dans la d\u00e9forestation et l\u2019accaparement de territoires autochtones ne cessent de progresser. Une coalition internationale s&#039;est donc organis\u00e9e, menant r\u00e9guli\u00e8rement de nombreuses enqu\u00eates qui malheureusement illustrent les cons\u00e9quences des manquements des grandes entreprises \u00e0 leur devoir de vigilance. Le Groupe Casino, leader de la distribution en hypermarch\u00e9 au Br\u00e9sil et en Colombie, en fait partie.  D\u00e9couvrez ici toute l&#039;&quot;affaire&quot;.\" srcset=\"https:\/\/nourrirunmondedeforeste.org\/wp-content\/uploads\/2022\/06\/home-photo-@JeanBaptisteMariou-768x588.jpg 768w, https:\/\/nourrirunmondedeforeste.org\/wp-content\/uploads\/2022\/06\/home-photo-@JeanBaptisteMariou-300x230.jpg 300w, https:\/\/nourrirunmondedeforeste.org\/wp-content\/uploads\/2022\/06\/home-photo-@JeanBaptisteMariou.jpg 800w\" sizes=\"(max-width: 768px) 100vw, 768px\" \/>\t\t\t\t\t\t\t\t\t\t\t\t\t\t\t<\/div>\n\t\t\t\t<\/div>\n\t\t\t\t\t<\/div>\n\t\t<\/div>\n\t\t\t\t<div class=\"elementor-column elementor-col-66 elementor-top-column elementor-element elementor-element-72af83b2\" data-id=\"72af83b2\" data-element_type=\"column\" data-e-type=\"column\">\n\t\t\t<div class=\"elementor-widget-wrap elementor-element-populated\">\n\t\t\t\t\t\t<div class=\"elementor-element elementor-element-5d929fc9 elementor-widget__width-initial elementor-hidden-mobile elementor-widget elementor-widget-video\" data-id=\"5d929fc9\" data-element_type=\"widget\" data-e-type=\"widget\" data-settings=\"{&quot;youtube_url&quot;:&quot;https:\\\/\\\/www.youtube.com\\\/watch?v=FDQ9NoGShaI&quot;,&quot;video_type&quot;:&quot;youtube&quot;,&quot;controls&quot;:&quot;yes&quot;}\" data-widget_type=\"video.default\">\n\t\t\t\t<div class=\"elementor-widget-container\">\n\t\t\t\t\t\t\t<div class=\"elementor-wrapper elementor-open-inline\">\n\t\t\t<div class=\"elementor-video\"><\/div>\t\t<\/div>\n\t\t\t\t\t\t<\/div>\n\t\t\t\t<\/div>\n\t\t\t\t<div class=\"elementor-element elementor-element-6b89f888 elementor-widget__width-inherit elementor-hidden-desktop elementor-widget elementor-widget-video\" data-id=\"6b89f888\" data-element_type=\"widget\" data-e-type=\"widget\" data-settings=\"{&quot;youtube_url&quot;:&quot;https:\\\/\\\/www.youtube.com\\\/watch?v=FDQ9NoGShaI&quot;,&quot;video_type&quot;:&quot;youtube&quot;,&quot;controls&quot;:&quot;yes&quot;}\" data-widget_type=\"video.default\">\n\t\t\t\t<div class=\"elementor-widget-container\">\n\t\t\t\t\t\t\t<div class=\"elementor-wrapper elementor-open-inline\">\n\t\t\t<div class=\"elementor-video\"><\/div>\t\t<\/div>\n\t\t\t\t\t\t<\/div>\n\t\t\t\t<\/div>\n\t\t\t\t\t<\/div>\n\t\t<\/div>\n\t\t\t\t\t<\/div>\n\t\t<\/section>\n\t\t\t\t<\/div>\n\t\t","protected":false},"excerpt":{"rendered":"<p>A floresta e os povos ind\u00edgenas da Amaz\u00f4nia est\u00e3o em perigo. O impacto da pecu\u00e1ria no desmatamento e na monopoliza\u00e7\u00e3o dos territ\u00f3rios ind\u00edgenas est\u00e1 aumentando constantemente. Uma coliga\u00e7\u00e3o internacional foi, assim, organizada, realizando regularmente in\u00fameras investiga\u00e7\u00f5es que infelizmente ilustram as consequ\u00eancias do fracasso das grandes empresas em cumprir seu dever de cuidado. O Grupo Casino, [&hellip;]<\/p>\n","protected":false},"author":1,"featured_media":0,"parent":0,"menu_order":0,"comment_status":"closed","ping_status":"closed","template":"","meta":{"_acf_changed":false,"site-sidebar-layout":"no-sidebar","site-content-layout":"page-builder","ast-site-content-layout":"default","site-content-style":"default","site-sidebar-style":"default","ast-global-header-display":"","ast-banner-title-visibility":"","ast-main-header-display":"","ast-hfb-above-header-display":"","ast-hfb-below-header-display":"","ast-hfb-mobile-header-display":"","site-post-title":"disabled","ast-breadcrumbs-content":"","ast-featured-img":"disabled","footer-sml-layout":"","ast-disable-related-posts":"","theme-transparent-header-meta":"","adv-header-id-meta":"","stick-header-meta":"","header-above-stick-meta":"","header-main-stick-meta":"","header-below-stick-meta":"","astra-migrate-meta-layouts":"default","ast-page-background-enabled":"default","ast-page-background-meta":{"desktop":{"background-color":"var(--ast-global-color-4)","background-image":"","background-repeat":"repeat","background-position":"center center","background-size":"auto","background-attachment":"scroll","background-type":"","background-media":"","overlay-type":"","overlay-color":"","overlay-opacity":"","overlay-gradient":""},"tablet":{"background-color":"","background-image":"","background-repeat":"repeat","background-position":"center center","background-size":"auto","background-attachment":"scroll","background-type":"","background-media":"","overlay-type":"","overlay-color":"","overlay-opacity":"","overlay-gradient":""},"mobile":{"background-color":"","background-image":"","background-repeat":"repeat","background-position":"center center","background-size":"auto","background-attachment":"scroll","background-type":"","background-media":"","overlay-type":"","overlay-color":"","overlay-opacity":"","overlay-gradient":""}},"ast-content-background-meta":{"desktop":{"background-color":"var(--ast-global-color-5)","background-image":"","background-repeat":"repeat","background-position":"center center","background-size":"auto","background-attachment":"scroll","background-type":"","background-media":"","overlay-type":"","overlay-color":"","overlay-opacity":"","overlay-gradient":""},"tablet":{"background-color":"var(--ast-global-color-5)","background-image":"","background-repeat":"repeat","background-position":"center center","background-size":"auto","background-attachment":"scroll","background-type":"","background-media":"","overlay-type":"","overlay-color":"","overlay-opacity":"","overlay-gradient":""},"mobile":{"background-color":"var(--ast-global-color-5)","background-image":"","background-repeat":"repeat","background-position":"center center","background-size":"auto","background-attachment":"scroll","background-type":"","background-media":"","overlay-type":"","overlay-color":"","overlay-opacity":"","overlay-gradient":""}},"footnotes":""},"categories":[],"tags":[],"class_list":["post-1836","page","type-page","status-publish","hentry"],"acf":[],"_links":{"self":[{"href":"https:\/\/nourrirunmondedeforeste.org\/pt-br\/wp-json\/wp\/v2\/pages\/1836","targetHints":{"allow":["GET"]}}],"collection":[{"href":"https:\/\/nourrirunmondedeforeste.org\/pt-br\/wp-json\/wp\/v2\/pages"}],"about":[{"href":"https:\/\/nourrirunmondedeforeste.org\/pt-br\/wp-json\/wp\/v2\/types\/page"}],"author":[{"embeddable":true,"href":"https:\/\/nourrirunmondedeforeste.org\/pt-br\/wp-json\/wp\/v2\/users\/1"}],"replies":[{"embeddable":true,"href":"https:\/\/nourrirunmondedeforeste.org\/pt-br\/wp-json\/wp\/v2\/comments?post=1836"}],"version-history":[{"count":0,"href":"https:\/\/nourrirunmondedeforeste.org\/pt-br\/wp-json\/wp\/v2\/pages\/1836\/revisions"}],"wp:attachment":[{"href":"https:\/\/nourrirunmondedeforeste.org\/pt-br\/wp-json\/wp\/v2\/media?parent=1836"}],"wp:term":[{"taxonomy":"category","embeddable":true,"href":"https:\/\/nourrirunmondedeforeste.org\/pt-br\/wp-json\/wp\/v2\/categories?post=1836"},{"taxonomy":"post_tag","embeddable":true,"href":"https:\/\/nourrirunmondedeforeste.org\/pt-br\/wp-json\/wp\/v2\/tags?post=1836"}],"curies":[{"name":"wp","href":"https:\/\/api.w.org\/{rel}","templated":true}]}}