{"id":3678,"date":"2022-05-31T16:00:00","date_gmt":"2022-05-31T16:00:00","guid":{"rendered":"https:\/\/nourrirunmondedeforeste.org\/?page_id=3678"},"modified":"2024-08-29T14:23:09","modified_gmt":"2024-08-29T14:23:09","slug":"pueblos-gravemente-afectadas-por-la-ganaderia-en-brasil-nuevos-elemetos-en-el-caso-contra-casino","status":"publish","type":"page","link":"https:\/\/nourrirunmondedeforeste.org\/es\/pueblos-gravemente-afectadas-por-la-ganaderia-en-brasil-nuevos-elemetos-en-el-caso-contra-casino\/","title":{"rendered":"Pueblos gravemente afectadas por la ganader\u00eda en Brasil, nuevos elemetos en el caso contra Casino"},"content":{"rendered":"\t\t<div data-elementor-type=\"wp-page\" data-elementor-id=\"3678\" class=\"elementor elementor-3678 elementor-3627\">\n\t\t\t\t\t\t<section class=\"elementor-section elementor-top-section elementor-element elementor-element-5ec320d8 elementor-section-boxed elementor-section-height-default elementor-section-height-default\" data-id=\"5ec320d8\" data-element_type=\"section\" data-e-type=\"section\">\n\t\t\t\t\t\t<div class=\"elementor-container elementor-column-gap-default\">\n\t\t\t\t\t<div class=\"elementor-column elementor-col-50 elementor-top-column elementor-element elementor-element-4b5e30c7\" data-id=\"4b5e30c7\" data-element_type=\"column\" data-e-type=\"column\">\n\t\t\t<div class=\"elementor-widget-wrap elementor-element-populated\">\n\t\t\t\t\t\t<div class=\"elementor-element elementor-element-3acdc09e elementor-widget elementor-widget-image\" data-id=\"3acdc09e\" data-element_type=\"widget\" data-e-type=\"widget\" data-widget_type=\"image.default\">\n\t\t\t\t<div class=\"elementor-widget-container\">\n\t\t\t\t\t\t\t\t\t\t\t\t\t\t\t<img fetchpriority=\"high\" decoding=\"async\" width=\"1024\" height=\"576\" src=\"https:\/\/nourrirunmondedeforeste.org\/wp-content\/uploads\/2024\/07\/2022-05-31_ES-Nouveaux-elements-proces-1024x576.png\" class=\"attachment-large size-large wp-image-3635\" alt=\"\" srcset=\"https:\/\/nourrirunmondedeforeste.org\/wp-content\/uploads\/2024\/07\/2022-05-31_ES-Nouveaux-elements-proces-1024x576.png 1024w, https:\/\/nourrirunmondedeforeste.org\/wp-content\/uploads\/2024\/07\/2022-05-31_ES-Nouveaux-elements-proces-300x169.png 300w, https:\/\/nourrirunmondedeforeste.org\/wp-content\/uploads\/2024\/07\/2022-05-31_ES-Nouveaux-elements-proces-768x432.png 768w, https:\/\/nourrirunmondedeforeste.org\/wp-content\/uploads\/2024\/07\/2022-05-31_ES-Nouveaux-elements-proces-1536x864.png 1536w, https:\/\/nourrirunmondedeforeste.org\/wp-content\/uploads\/2024\/07\/2022-05-31_ES-Nouveaux-elements-proces.png 1600w\" sizes=\"(max-width: 1024px) 100vw, 1024px\" \/>\t\t\t\t\t\t\t\t\t\t\t\t\t\t\t<\/div>\n\t\t\t\t<\/div>\n\t\t\t\t\t<\/div>\n\t\t<\/div>\n\t\t\t\t<div class=\"elementor-column elementor-col-50 elementor-top-column elementor-element elementor-element-73a5d864\" data-id=\"73a5d864\" data-element_type=\"column\" data-e-type=\"column\">\n\t\t\t<div class=\"elementor-widget-wrap elementor-element-populated\">\n\t\t\t\t\t\t<div class=\"elementor-element elementor-element-7a8666fd elementor-widget elementor-widget-text-editor\" data-id=\"7a8666fd\" data-element_type=\"widget\" data-e-type=\"widget\" data-widget_type=\"text-editor.default\">\n\t\t\t\t<div class=\"elementor-widget-container\">\n\t\t\t\t\t\t\t\t\t<p><strong><span dir=\"ltr\" role=\"presentation\"><span style=\"color: darkgreen; font-size: 18pt;\">COMMUNICADO DE PRENSA:<\/span><\/span><\/strong><\/p>\n<p><b style=\"mso-bidi-font-weight: normal;\"><span lang=\"fr\" style=\"font-size: 16.0pt; line-height: 115%; color: white; mso-themecolor: background1; background: darkgreen; mso-highlight: darkgreen;\">Pueblos gravemente afectadas por la ganader\u00eda en Brasil, nuevos elemetos en el caso contra Casino<\/span><\/b><\/p>\n<p>Paris &#8211; 31 de mayo de 2022 &#8211;<strong> Con ocasi\u00f3n de la visita de representantes del pueblo ind\u00edgena Uru-Eu-Wau-Wau, el CCCA (Centro de An\u00e1lisis de los Cr\u00edmenes Clim\u00e1ticos) desvela los resultados de una nueva investigaci\u00f3n de campo realizada en la Amazonia brasile\u00f1a. Su informe describe la deforestaci\u00f3n ilegal llevada a cabo en un territorio ind\u00edgena protegido del estado de Rond\u00f4nia en beneficio de la ganader\u00eda, y aporta nuevos elementos incriminatorias en la causa incoada en Francia contra Casino por incumplimiento de su deber de diligencia. <\/strong><\/p>\n<p><a href=\"https:\/\/nourrirunmondedeforeste.org\/wp-content\/uploads\/2022\/06\/CP_Deforestation_Bre%CC%81sil-_Coalition-1Juin_2022.pdf\" target=\"_blank\" rel=\"noopener\"><span style=\"font-weight: 400;\">Leer el comunicado de prensa<\/span><\/a><\/p>\n\t\t\t\t\t\t\t\t<\/div>\n\t\t\t\t<\/div>\n\t\t\t\t\t<\/div>\n\t\t<\/div>\n\t\t\t\t\t<\/div>\n\t\t<\/section>\n\t\t\t\t<section class=\"elementor-section elementor-top-section elementor-element elementor-element-3b69d48 elementor-section-boxed elementor-section-height-default elementor-section-height-default\" data-id=\"3b69d48\" data-element_type=\"section\" data-e-type=\"section\">\n\t\t\t\t\t\t<div class=\"elementor-container elementor-column-gap-default\">\n\t\t\t\t\t<div class=\"elementor-column elementor-col-100 elementor-top-column elementor-element elementor-element-c419f9c\" data-id=\"c419f9c\" data-element_type=\"column\" data-e-type=\"column\">\n\t\t\t<div class=\"elementor-widget-wrap elementor-element-populated\">\n\t\t\t\t\t\t<div class=\"elementor-element elementor-element-566866d elementor-widget elementor-widget-text-editor\" data-id=\"566866d\" data-element_type=\"widget\" data-e-type=\"widget\" data-widget_type=\"text-editor.default\">\n\t\t\t\t<div class=\"elementor-widget-container\">\n\t\t\t\t\t\t\t\t\t<h2><strong><span style=\"font-size: 14pt;\">INVASION DE LOS TERRITORIOS DE LOS PUEBLOS DE ROND\u00d4NIA EN BRASIL EN BENEFICIO DE LA GANADERIA<br \/><\/span><\/strong><\/h2>\n<p><span style=\"background-color: transparent; color: #000000; font-family: Arial; font-size: 11pt;\"><span style=\"color: #808080;\">Las investigaciones de campo llevadas a cabo por el CCCA han revelado invasiones ilegales del territorio ind\u00edgena Uru-Eu-Wau-Wau, situado en el coraz\u00f3n de la regi\u00f3n amaz\u00f3nica de Rond\u00f4nia, en beneficio de explotaciones ganaderas. <b>En la reserva hay 25.482 cabezas de ganado de forma ilegal y se han talado 13.411 hect\u00e1reas de bosque para el pastoreo, una superficie mayor que la ciudad de Par\u00eds.<\/b><\/span><\/span><\/p>\n<p><span style=\"background-color: transparent; color: #000000; font-family: Arial; font-size: 11pt;\"><span style=\"color: #808080;\">Estos estudios tambi\u00e9n documentan las numerosas consecuencias de estas invasiones para los pueblos ind\u00edgenas afectados:<\/span><\/span><\/p>\n<ul>\n<li><span style=\"background-color: transparent; color: #000000; font-family: Arial; font-size: 11pt;\"><span style=\"color: #808080;\">Los da\u00f1os ambientales causados por la deforestaci\u00f3n y la ganader\u00eda se estiman en m\u00e1s de 128 millones de euros (<i>basados en la p\u00e9rdida de servicios ecosist\u00e9micos, el coste de rehabilitaci\u00f3n y los costes de oportunidad del uso de la tierra<\/i>).<\/span><\/span><\/li>\n<li><span style=\"background-color: transparent; color: #000000; font-family: Arial; font-size: 11pt;\"><span style=\"color: #808080;\">Tambi\u00e9n est\u00e1n amenazados la seguridad, los medios de subsistencia y la propia cultura de los pueblos ind\u00edgenas. \u00ab <i>Los habitantes de las tierras ind\u00edgenas Uru-Eu-Wau-Wau han sufrido un cerco constante y en expansi\u00f3n de su territorio, que amenaza sus vidas<\/i> afirma un miembro del pueblo ind\u00edgena. <i>Todos estamos amenazados, y son muchos. Todos los pueblos est\u00e1n afectados. Dicen que van a acabar con los ind\u00edgenas&#8230; Es arriesgado caminar solo y que te capturen. Es peligroso ir a la ciudad<\/i> \u00bb. <\/span><\/span><\/li>\n<li><span style=\"background-color: transparent; color: #000000; font-family: Arial; font-size: 11pt;\"><span style=\"color: #808080;\">Tambi\u00e9n hay un impacto sanitario, seg\u00fan los testimonios: \u00ab <em>Los invasores tambi\u00e9n han violado los derechos de las poblaciones ind\u00edgenas aisladas al entrar en contacto con ellas, a pesar de que estas personas sin memoria inmunol\u00f3gica son especialmente vulnerables, sobre todo en \u00e9poca de pandemias<\/em> \u00bb.<\/span><\/span><\/li>\n<\/ul>\n<div>\n<p>Seg\u00fan el CCCA, estas invasiones de tierras ind\u00edgenas, su deforestaci\u00f3n, uso para pastoreo, cr\u00eda de ganado y su destino al consumo <b>constituyen actividades ilegales seg\u00fan la legislaci\u00f3n brasile\u00f1a<\/b>.<br \/>El <u><a href=\"https:\/\/climatecrimeanalysis.org\/project\/casino-case\/\" target=\"_blank\" rel=\"noopener\">enlace<\/a><\/u> al informe completo \u00ab LAS CONEXIONES ENTRE LA CADENA DE VALOR DEL GRUPO CASINO, LA DEFORESTACI\u00d3N Y LAS VIOLACIONES DE LA URU-EU-WAU IND\u00cdGENA EN LA AMAZON\u00cdA BRASILE\u00d1A \u00bb publicado hoy.<b><br \/><\/b><\/p>\n<h2><strong><span style=\"font-size: 14pt;\">CASOS DE DEFORESTACI\u00d3N ILEGAL EN LA CADENA DE SUMINISTRO DEL GRUPO DE CASINOS<br \/><\/span><\/strong><\/h2>\n<p><span style=\"background-color: transparent; color: #000000; font-family: Arial; font-size: 11pt;\"><span style=\"color: #808080;\"><b>Utilizando documentos oficiales de transporte de animales, se identificaron tres granjas del territorio ind\u00edgena Uru-Eu-Wau-Wau conectadas a la cadena de suministro<\/b> de un matadero de la empresa brasile\u00f1a JBS, que <b>abastec\u00eda a las tiendas del Grupo Casino<\/b> en Brasil. Estas explotaciones son responsables de <b>340 hect\u00e1reas de deforestaci\u00f3n ilegal<\/b>. Dado que s\u00f3lo el 10% del ganado producido en el territorio ind\u00edgena muestra documentos oficiales de transporte de animales, la responsabilidad de las empresas podr\u00eda ser a\u00fan mayor.  <br \/><\/span><\/span><\/p>\n<p><span style=\"background-color: transparent; color: #000000; font-family: Arial; font-size: 11pt;\"><span style=\"color: #808080;\">Rhavena Terto Madeira, Directora de CCCA Brasil, ha declarado: \u00ab Los compromisos del Grupo Casino para eliminar la deforestaci\u00f3n no son s\u00f3lo insatisfactorios.Estos nuevos elementos demuestran que el Grupo <b>Casino tambi\u00e9n podr\u00eda ser responsable de este da\u00f1o medioambiental en virtud de la legislaci\u00f3n brasile\u00f1a<\/b>, por consentimiento u omisi\u00f3n \u00bb. <br \/><\/span><\/span><\/p>\n<p><span style=\"background-color: transparent; color: #000000; font-family: Arial; font-size: 11pt;\"><span style=\"color: #808080;\">Para las organizaciones que llevaron al Grupo Casino ante los tribunales, esta investigaci\u00f3n ilustra las consecuencias del incumplimiento por parte de la empresa de su deber de diligencia. La acci\u00f3n judicial, iniciada en Saint-\u00c9tienne, se ha remitido al Tribunal Judicial de Par\u00eds, designado a finales de 2021 como competente para conocer de los litigios basados en la ley sobre el deber de diligencia. La audiencia para fijar el calendario del procedimiento tendr\u00e1 lugar el 9 de junio de 2022. Se est\u00e1n preparando acciones de otras delegaciones ind\u00edgenas.   <br \/><\/span><\/span><\/p>\n<h6><strong><span style=\"font-size: 14pt;\">MOVILIZACI\u00d3N EN FRANCIA: LAS REPRESENTANTES DE LOS PUEBLOS IND\u00cdGENAS VISITAN PAR\u00cdS, UN SITIO WEB DE INFORMACI\u00d3N ESPEC\u00cdFICO<br \/><\/span><\/strong><\/h6>\n<p><span style=\"background-color: transparent; color: #000000; font-family: Arial; font-size: 11pt;\"><span style=\"color: #808080;\">Rhavena Terto Madeira estuvo presente en la presentaci\u00f3n del informe de la CACB en Francia, el martes 31 de mayo de 2022, en el marco de una reuni\u00f3n con ONG francesas y la sociedad civil:<\/span><\/span><\/p>\n<\/div>\n\t\t\t\t\t\t\t\t<\/div>\n\t\t\t\t<\/div>\n\t\t\t\t<section class=\"elementor-section elementor-inner-section elementor-element elementor-element-78f7acb elementor-section-boxed elementor-section-height-default elementor-section-height-default\" data-id=\"78f7acb\" data-element_type=\"section\" data-e-type=\"section\">\n\t\t\t\t\t\t<div class=\"elementor-container elementor-column-gap-default\">\n\t\t\t\t\t<div class=\"elementor-column elementor-col-50 elementor-inner-column elementor-element elementor-element-98b6f62\" data-id=\"98b6f62\" data-element_type=\"column\" data-e-type=\"column\">\n\t\t\t<div class=\"elementor-widget-wrap elementor-element-populated\">\n\t\t\t\t\t\t<div class=\"elementor-element elementor-element-9738ce3 elementor-widget elementor-widget-image\" data-id=\"9738ce3\" data-element_type=\"widget\" data-e-type=\"widget\" data-widget_type=\"image.default\">\n\t\t\t\t<div class=\"elementor-widget-container\">\n\t\t\t\t\t\t\t\t\t\t\t\t\t\t\t<img decoding=\"async\" width=\"600\" height=\"300\" src=\"https:\/\/nourrirunmondedeforeste.org\/wp-content\/uploads\/2022\/06\/CP_Deforestation_Breesil_Coalition-1Juin-2022.jpg\" class=\"attachment-large size-large wp-image-1935\" alt=\"\" srcset=\"https:\/\/nourrirunmondedeforeste.org\/wp-content\/uploads\/2022\/06\/CP_Deforestation_Breesil_Coalition-1Juin-2022.jpg 600w, https:\/\/nourrirunmondedeforeste.org\/wp-content\/uploads\/2022\/06\/CP_Deforestation_Breesil_Coalition-1Juin-2022-300x150.jpg 300w\" sizes=\"(max-width: 600px) 100vw, 600px\" \/>\t\t\t\t\t\t\t\t\t\t\t\t\t\t\t<\/div>\n\t\t\t\t<\/div>\n\t\t\t\t\t<\/div>\n\t\t<\/div>\n\t\t\t\t<div class=\"elementor-column elementor-col-50 elementor-inner-column elementor-element elementor-element-d693b18\" data-id=\"d693b18\" data-element_type=\"column\" data-e-type=\"column\">\n\t\t\t<div class=\"elementor-widget-wrap elementor-element-populated\">\n\t\t\t\t\t\t<div class=\"elementor-element elementor-element-8ac7609 elementor-widget elementor-widget-text-editor\" data-id=\"8ac7609\" data-element_type=\"widget\" data-e-type=\"widget\" data-widget_type=\"text-editor.default\">\n\t\t\t\t<div class=\"elementor-widget-container\">\n\t\t\t\t\t\t\t\t\t<p><strong>Alice Patax\u00f3<\/strong>, del pueblo ind\u00edgena <b>Patax\u00f3 de Bah\u00eda<\/b>, una activista de 20 a\u00f1os que intervino en la COP26 de Glasgow para denunciar la deforestaci\u00f3n de la Amazonia y defender los derechos de los pueblos ind\u00edgenas.<\/p>\n<p><b>Tejubi<\/b>, del pueblo ind\u00edgena <strong>Uru-Eu-Wau-Wau de Rond\u00f4nia<\/strong>, l\u00edder ind\u00edgena de 21 a\u00f1os. Es miembro de la asociaci\u00f3n Jupa\u00fa, que lidera la lucha por la defensa de los derechos de su pueblo y por el desarrollo de proyectos sostenibles en sus tierras. <\/p>\n<p><b>Neidinha Bandeira<\/b>, emblem\u00e1tica activista que dirige la asociaci\u00f3n de defensa etnoambiental Kanind\u00e9, que trabaja con 52 etnias ind\u00edgenas para frenar a los ganaderos invasores y a los madereros ilegales.<\/p>\n\t\t\t\t\t\t\t\t<\/div>\n\t\t\t\t<\/div>\n\t\t\t\t\t<\/div>\n\t\t<\/div>\n\t\t\t\t\t<\/div>\n\t\t<\/section>\n\t\t\t\t<div class=\"elementor-element elementor-element-9228dfc elementor-widget elementor-widget-text-editor\" data-id=\"9228dfc\" data-element_type=\"widget\" data-e-type=\"widget\" data-widget_type=\"text-editor.default\">\n\t\t\t\t<div class=\"elementor-widget-container\">\n\t\t\t\t\t\t\t\t\t<p><b>La coalici\u00f3n de organizaciones francesas e internacionales y de representantes ind\u00edgenas que llev\u00f3 al Grupo Casino a los tribunales<\/b> lanza tambi\u00e9n su sitio web espec\u00edfico, <u><a href=\"http:\/\/nourrirunmondedeforeste.org\" target=\"_blank\" rel=\"noopener\">nourrirunmondedeforeste.org<\/a><\/u>, para contribuir a sensibilizar a la opini\u00f3n p\u00fablica sobre este importante problema: los dos mayores minoristas de Brasil, Carrefour y Casino, son franceses, y la carne de vacuno, que es la principal fuente de deforestaci\u00f3n de la Amazonia, se vende en Brasil.<\/p>\n\t\t\t\t\t\t\t\t<\/div>\n\t\t\t\t<\/div>\n\t\t\t\t\t<\/div>\n\t\t<\/div>\n\t\t\t\t\t<\/div>\n\t\t<\/section>\n\t\t\t\t<\/div>\n\t\t","protected":false},"excerpt":{"rendered":"<p>COMMUNICADO DE PRENSA: Pueblos gravemente afectadas por la ganader\u00eda en Brasil, nuevos elemetos en el caso contra Casino Paris &#8211; 31 de mayo de 2022 &#8211; Con ocasi\u00f3n de la visita de representantes del pueblo ind\u00edgena Uru-Eu-Wau-Wau, el CCCA (Centro de An\u00e1lisis de los Cr\u00edmenes Clim\u00e1ticos) desvela los resultados de una nueva investigaci\u00f3n de campo [&hellip;]<\/p>\n","protected":false},"author":9,"featured_media":3635,"parent":0,"menu_order":0,"comment_status":"closed","ping_status":"closed","template":"elementor_header_footer","meta":{"_acf_changed":false,"site-sidebar-layout":"default","site-content-layout":"","ast-site-content-layout":"default","site-content-style":"default","site-sidebar-style":"default","ast-global-header-display":"","ast-banner-title-visibility":"","ast-main-header-display":"","ast-hfb-above-header-display":"","ast-hfb-below-header-display":"","ast-hfb-mobile-header-display":"","site-post-title":"","ast-breadcrumbs-content":"","ast-featured-img":"","footer-sml-layout":"","ast-disable-related-posts":"","theme-transparent-header-meta":"","adv-header-id-meta":"","stick-header-meta":"","header-above-stick-meta":"","header-main-stick-meta":"","header-below-stick-meta":"","astra-migrate-meta-layouts":"default","ast-page-background-enabled":"default","ast-page-background-meta":{"desktop":{"background-color":"var(--ast-global-color-4)","background-image":"","background-repeat":"repeat","background-position":"center center","background-size":"auto","background-attachment":"scroll","background-type":"","background-media":"","overlay-type":"","overlay-color":"","overlay-opacity":"","overlay-gradient":""},"tablet":{"background-color":"","background-image":"","background-repeat":"repeat","background-position":"center center","background-size":"auto","background-attachment":"scroll","background-type":"","background-media":"","overlay-type":"","overlay-color":"","overlay-opacity":"","overlay-gradient":""},"mobile":{"background-color":"","background-image":"","background-repeat":"repeat","background-position":"center center","background-size":"auto","background-attachment":"scroll","background-type":"","background-media":"","overlay-type":"","overlay-color":"","overlay-opacity":"","overlay-gradient":""}},"ast-content-background-meta":{"desktop":{"background-color":"var(--ast-global-color-5)","background-image":"","background-repeat":"repeat","background-position":"center center","background-size":"auto","background-attachment":"scroll","background-type":"","background-media":"","overlay-type":"","overlay-color":"","overlay-opacity":"","overlay-gradient":""},"tablet":{"background-color":"var(--ast-global-color-5)","background-image":"","background-repeat":"repeat","background-position":"center center","background-size":"auto","background-attachment":"scroll","background-type":"","background-media":"","overlay-type":"","overlay-color":"","overlay-opacity":"","overlay-gradient":""},"mobile":{"background-color":"var(--ast-global-color-5)","background-image":"","background-repeat":"repeat","background-position":"center center","background-size":"auto","background-attachment":"scroll","background-type":"","background-media":"","overlay-type":"","overlay-color":"","overlay-opacity":"","overlay-gradient":""}},"footnotes":""},"categories":[24],"tags":[],"class_list":["post-3678","page","type-page","status-publish","has-post-thumbnail","hentry","category-actualidades"],"acf":[],"_links":{"self":[{"href":"https:\/\/nourrirunmondedeforeste.org\/es\/wp-json\/wp\/v2\/pages\/3678","targetHints":{"allow":["GET"]}}],"collection":[{"href":"https:\/\/nourrirunmondedeforeste.org\/es\/wp-json\/wp\/v2\/pages"}],"about":[{"href":"https:\/\/nourrirunmondedeforeste.org\/es\/wp-json\/wp\/v2\/types\/page"}],"author":[{"embeddable":true,"href":"https:\/\/nourrirunmondedeforeste.org\/es\/wp-json\/wp\/v2\/users\/9"}],"replies":[{"embeddable":true,"href":"https:\/\/nourrirunmondedeforeste.org\/es\/wp-json\/wp\/v2\/comments?post=3678"}],"version-history":[{"count":3,"href":"https:\/\/nourrirunmondedeforeste.org\/es\/wp-json\/wp\/v2\/pages\/3678\/revisions"}],"predecessor-version":[{"id":3688,"href":"https:\/\/nourrirunmondedeforeste.org\/es\/wp-json\/wp\/v2\/pages\/3678\/revisions\/3688"}],"wp:featuredmedia":[{"embeddable":true,"href":"https:\/\/nourrirunmondedeforeste.org\/es\/wp-json\/wp\/v2\/media\/3635"}],"wp:attachment":[{"href":"https:\/\/nourrirunmondedeforeste.org\/es\/wp-json\/wp\/v2\/media?parent=3678"}],"wp:term":[{"taxonomy":"category","embeddable":true,"href":"https:\/\/nourrirunmondedeforeste.org\/es\/wp-json\/wp\/v2\/categories?post=3678"},{"taxonomy":"post_tag","embeddable":true,"href":"https:\/\/nourrirunmondedeforeste.org\/es\/wp-json\/wp\/v2\/tags?post=3678"}],"curies":[{"name":"wp","href":"https:\/\/api.w.org\/{rel}","templated":true}]}}