{"id":3614,"date":"2022-06-09T16:00:00","date_gmt":"2022-06-09T16:00:00","guid":{"rendered":"https:\/\/nourrirunmondedeforeste.org\/?page_id=3614"},"modified":"2024-06-27T09:48:57","modified_gmt":"2024-06-27T09:48:57","slug":"primera-audiencia-en-el-tribunal-judicial-de-paris-y-apoyo-de-los-representantes-de-los-pueblos-indigenas-de-brasil","status":"publish","type":"page","link":"https:\/\/nourrirunmondedeforeste.org\/es\/primera-audiencia-en-el-tribunal-judicial-de-paris-y-apoyo-de-los-representantes-de-los-pueblos-indigenas-de-brasil\/","title":{"rendered":"Primera audiencia en el tribunal judicial de Par\u00eds y apoyo de los representantes de los pueblos ind\u00edgenas de Brasil"},"content":{"rendered":"\t\t<div data-elementor-type=\"wp-page\" data-elementor-id=\"3614\" class=\"elementor elementor-3614 elementor-3604\">\n\t\t\t\t\t\t<section class=\"elementor-section elementor-top-section elementor-element elementor-element-5ec320d8 elementor-section-boxed elementor-section-height-default elementor-section-height-default\" data-id=\"5ec320d8\" data-element_type=\"section\" data-e-type=\"section\">\n\t\t\t\t\t\t<div class=\"elementor-container elementor-column-gap-default\">\n\t\t\t\t\t<div class=\"elementor-column elementor-col-50 elementor-top-column elementor-element elementor-element-4b5e30c7\" data-id=\"4b5e30c7\" data-element_type=\"column\" data-e-type=\"column\">\n\t\t\t<div class=\"elementor-widget-wrap elementor-element-populated\">\n\t\t\t\t\t\t<div class=\"elementor-element elementor-element-3acdc09e elementor-widget elementor-widget-image\" data-id=\"3acdc09e\" data-element_type=\"widget\" data-e-type=\"widget\" data-widget_type=\"image.default\">\n\t\t\t\t<div class=\"elementor-widget-container\">\n\t\t\t\t\t\t\t\t\t\t\t\t\t\t\t<img fetchpriority=\"high\" decoding=\"async\" width=\"1024\" height=\"576\" src=\"https:\/\/nourrirunmondedeforeste.org\/wp-content\/uploads\/2024\/06\/2022-06-09_ES-Premiere-audience-1024x576.png\" class=\"attachment-large size-large wp-image-3609\" alt=\"\" srcset=\"https:\/\/nourrirunmondedeforeste.org\/wp-content\/uploads\/2024\/06\/2022-06-09_ES-Premiere-audience-1024x576.png 1024w, https:\/\/nourrirunmondedeforeste.org\/wp-content\/uploads\/2024\/06\/2022-06-09_ES-Premiere-audience-300x169.png 300w, https:\/\/nourrirunmondedeforeste.org\/wp-content\/uploads\/2024\/06\/2022-06-09_ES-Premiere-audience-768x432.png 768w, https:\/\/nourrirunmondedeforeste.org\/wp-content\/uploads\/2024\/06\/2022-06-09_ES-Premiere-audience-1536x864.png 1536w, https:\/\/nourrirunmondedeforeste.org\/wp-content\/uploads\/2024\/06\/2022-06-09_ES-Premiere-audience.png 1600w\" sizes=\"(max-width: 1024px) 100vw, 1024px\" \/>\t\t\t\t\t\t\t\t\t\t\t\t\t\t\t<\/div>\n\t\t\t\t<\/div>\n\t\t\t\t\t<\/div>\n\t\t<\/div>\n\t\t\t\t<div class=\"elementor-column elementor-col-50 elementor-top-column elementor-element elementor-element-73a5d864\" data-id=\"73a5d864\" data-element_type=\"column\" data-e-type=\"column\">\n\t\t\t<div class=\"elementor-widget-wrap elementor-element-populated\">\n\t\t\t\t\t\t<div class=\"elementor-element elementor-element-7a8666fd elementor-widget elementor-widget-text-editor\" data-id=\"7a8666fd\" data-element_type=\"widget\" data-e-type=\"widget\" data-widget_type=\"text-editor.default\">\n\t\t\t\t<div class=\"elementor-widget-container\">\n\t\t\t\t\t\t\t\t\t<div>\n<p style=\"text-align: justify;\"><b style=\"mso-bidi-font-weight: normal;\"><span lang=\"fr\" style=\"font-size: 16.0pt; line-height: 115%; color: white; mso-themecolor: background1; background: darkgreen; mso-highlight: darkgreen;\">Primera audiencia en el tribunal judicial de Par\u00eds y apoyo de los representantes de los pueblos ind\u00edgenas de Brasil<\/span><\/b><\/p><p style=\"text-align: justify;\"><span style=\"font-style: inherit; font-weight: inherit; color: var( --e-global-color-text ); font-family: var( --e-global-typography-text-font-family ), Sans-serif; background-color: var(--ast-global-color-5);\">Par\u00eds \u2013 9 de junio 2022<\/span><span style=\"font-style: inherit; font-weight: inherit; color: var( --e-global-color-text ); font-family: var( --e-global-typography-text-font-family ), Sans-serif; background-color: var(--ast-global-color-5);\"> <\/span><span style=\"font-style: inherit; color: var( --e-global-color-text ); font-family: var( --e-global-typography-text-font-family ), Sans-serif; background-color: var(--ast-global-color-5);\">&#8211;<\/span><b style=\"font-style: inherit; color: var( --e-global-color-text ); font-family: var( --e-global-typography-text-font-family ), Sans-serif; background-color: var(--ast-global-color-5);\"> <\/b><span style=\"background-color: transparent; color: rgb(0, 0, 0); font-family: Arial; font-size: 11pt; font-weight: bold; white-space: pre-wrap;\"><span style=\"color: #808080;\">El jueves 9 de junio de 2022 tuvo lugar la primera audiencia en el Tribunal de Justicia de Par\u00eds en el marco de la acci\u00f3n judicial emprendida contra el grupo Casino por haber incumplido su deber de diligencia en su suministro de carne de vacuno en Brasil y Colombia, en detrimento de la selva amaz\u00f3nica y de los pueblos ind\u00edgenas. <\/span><\/span><\/p>\n<\/div>\t\t\t\t\t\t\t\t<\/div>\n\t\t\t\t<\/div>\n\t\t\t\t\t<\/div>\n\t\t<\/div>\n\t\t\t\t\t<\/div>\n\t\t<\/section>\n\t\t\t\t<section class=\"elementor-section elementor-top-section elementor-element elementor-element-6704d4a elementor-section-boxed elementor-section-height-default elementor-section-height-default\" data-id=\"6704d4a\" data-element_type=\"section\" data-e-type=\"section\">\n\t\t\t\t\t\t<div class=\"elementor-container elementor-column-gap-default\">\n\t\t\t\t\t<div class=\"elementor-column elementor-col-100 elementor-top-column elementor-element elementor-element-0d7950a\" data-id=\"0d7950a\" data-element_type=\"column\" data-e-type=\"column\">\n\t\t\t<div class=\"elementor-widget-wrap elementor-element-populated\">\n\t\t\t\t\t\t<div class=\"elementor-element elementor-element-ae8d718 elementor-widget elementor-widget-text-editor\" data-id=\"ae8d718\" data-element_type=\"widget\" data-e-type=\"widget\" data-widget_type=\"text-editor.default\">\n\t\t\t\t<div class=\"elementor-widget-container\">\n\t\t\t\t\t\t\t\t\t<h2><strong><span style=\"font-size: 14pt;\">NUESTRAS EXIGENCIAS<\/span><\/strong><\/h2>\n<p><span style=\"background-color: transparent; color: #000000; font-family: Arial; font-size: 11pt;\"> <span style=\"color: #808080;\">M\u00e1s all\u00e1 del deseo de una r\u00e1pida investigaci\u00f3n ante la urgencia de la degradaci\u00f3n de la Amazonia y de la reparaci\u00f3n de los da\u00f1os causados por este incumplimiento del deber de diligencia, la coalici\u00f3n recuerda a todos los actores econ\u00f3micos franceses la necesidad de una prevenci\u00f3n eficaz de las violaciones graves de los derechos humanos y del medio ambiente en toda su cadena de suministro.<\/span><span style=\"color: #808080;\">de las violaciones graves de los derechos humanos y del medio ambiente en toda su cadena de suministro.<br><\/span><\/span><\/p>\n<p><span style=\"background-color: transparent; color: #000000; font-family: Arial; font-size: 11pt;\"><span style=\"color: #808080;\">Me S\u00e9bastien Mabile y Me Fran\u00e7ois de Cambiaire, que representan a la coalici\u00f3n en el caso contra Groupe Casino, recuerdan que: \u00ab <em>Las empresas cubiertas por la ley del deber de diligencia deben desarrollar, aplicar y hacer cumplir planes razonables de diligencia debida para identificar y prevenir los abusos contra los derechos humanos y el medio ambiente derivados de sus actividades. Seg\u00fan el art\u00edculo 2 de la ley, una empresa puede ser considerada civilmente responsable por el incumplimiento de sus obligaciones. La empresa puede ser obligada a pagar da\u00f1os y perjuicios a las v\u00edctimas.  <\/em> <\/span><\/span><span style=\"background-color: transparent; color: #000000; font-family: Arial; font-size: 11pt;\"><span style=\"color: #808080;\">\u00bb<\/span><\/span><\/p>\n<h2><span style=\"font-size: 14pt;\"><strong>LA MOVILIZACI\u00d3N DE LOS PUEBLOS IND\u00cdGENAS DE BRASIL<\/strong><\/span><\/h2>\n<p><span style=\"background-color: transparent; color: #000000; font-family: Arial; font-size: 11pt;\"><span style=\"color: #808080;\">Varios representantes de los pueblos ind\u00edgenas de Brasil (Articulaci\u00f3n de Pueblos Ind\u00edgenas de Brasil, APIB) estuvieron de visita especial en Par\u00eds y se movilizaron en la explanada del tribunal judicial, recordando la urgencia de actuar.<\/span><\/span><\/p>\n<p><span style=\"background-color: transparent; color: #000000; font-family: Arial; font-size: 11pt;\"><span style=\"color: #808080;\">Eloy Terena, abogado de la COIAB (Coordinadora de Organizaciones Ind\u00edgenas de la Amazonia Brasile\u00f1a), ha declarado: \u00ab Esta ley francesa que impone un deber de vigilancia es la primera en el mundo y supone un paso adelante en el respeto de los derechos humanos y medioambientales. Crea una nueva obligaci\u00f3n que ya es indispensable: prevenir y remediar las violaciones de los derechos humanos y los da\u00f1os medioambientales causados por las actividades de las empresas y sus filiales, subcontratistas o proveedores. Deber\u00eda aplicarse en todos los pa\u00edses del mundo, \u00a1la emergencia clim\u00e1tica est\u00e1 aqu\u00ed! \u00bb<\/span><br><\/span><\/p>\n<h2><span style=\"font-size: 14pt;\">AL FINAL DE ESTA PRIMERA AUDIENCIA<\/span><\/h2>\n<p><span style=\"font-weight: 400;\">Esta primera audiencia ten\u00eda por objeto determinar un calendario para la investigaci\u00f3n. Sin embargo,  <\/span><span style=\"font-weight: 400;\">el auto del juez de 9 de junio de 2022 ordenaba a las partes reunirse con un mediador para celebrar una reuni\u00f3n informativa sobre la mediaci\u00f3n antes del 15 de agosto de 2022. Al final de la reuni\u00f3n, las partes pueden aceptar o rechazar la propuesta de mediaci\u00f3n. La pr\u00f3xima audiencia sobre el estatuto se ha fijado para el 15 de septiembre de 2022.  <\/span>  2022.<\/p>\t\t\t\t\t\t\t\t<\/div>\n\t\t\t\t<\/div>\n\t\t\t\t\t<\/div>\n\t\t<\/div>\n\t\t\t\t\t<\/div>\n\t\t<\/section>\n\t\t\t\t<section class=\"elementor-section elementor-top-section elementor-element elementor-element-2b34042 elementor-section-boxed elementor-section-height-default elementor-section-height-default\" data-id=\"2b34042\" data-element_type=\"section\" data-e-type=\"section\">\n\t\t\t\t\t\t<div class=\"elementor-container elementor-column-gap-default\">\n\t\t\t\t\t<div class=\"elementor-column elementor-col-100 elementor-top-column elementor-element elementor-element-ec60ced\" data-id=\"ec60ced\" data-element_type=\"column\" data-e-type=\"column\">\n\t\t\t<div class=\"elementor-widget-wrap elementor-element-populated\">\n\t\t\t\t\t\t<div class=\"elementor-element elementor-element-c0ab8a0 elementor-widget elementor-widget-video\" data-id=\"c0ab8a0\" data-element_type=\"widget\" data-e-type=\"widget\" data-settings=\"{&quot;youtube_url&quot;:&quot;https:\\\/\\\/youtu.be\\\/3rSFMGnBE8c&quot;,&quot;video_type&quot;:&quot;youtube&quot;,&quot;controls&quot;:&quot;yes&quot;}\" data-widget_type=\"video.default\">\n\t\t\t\t<div class=\"elementor-widget-container\">\n\t\t\t\t\t\t\t<div class=\"elementor-wrapper elementor-open-inline\">\n\t\t\t<div class=\"elementor-video\"><\/div>\t\t<\/div>\n\t\t\t\t\t\t<\/div>\n\t\t\t\t<\/div>\n\t\t\t\t\t<\/div>\n\t\t<\/div>\n\t\t\t\t\t<\/div>\n\t\t<\/section>\n\t\t\t\t<\/div>\n\t\t","protected":false},"excerpt":{"rendered":"<p>Primera audiencia en el tribunal judicial de Par\u00eds y apoyo de los representantes de los pueblos ind\u00edgenas de Brasil Par\u00eds \u2013 9 de junio 2022 &#8211; El jueves 9 de junio de 2022 tuvo lugar la primera audiencia en el Tribunal de Justicia de Par\u00eds en el marco de la acci\u00f3n judicial emprendida contra el [&hellip;]<\/p>\n","protected":false},"author":9,"featured_media":3609,"parent":0,"menu_order":0,"comment_status":"closed","ping_status":"closed","template":"elementor_header_footer","meta":{"_acf_changed":false,"site-sidebar-layout":"default","site-content-layout":"","ast-site-content-layout":"default","site-content-style":"default","site-sidebar-style":"default","ast-global-header-display":"","ast-banner-title-visibility":"","ast-main-header-display":"","ast-hfb-above-header-display":"","ast-hfb-below-header-display":"","ast-hfb-mobile-header-display":"","site-post-title":"disabled","ast-breadcrumbs-content":"","ast-featured-img":"","footer-sml-layout":"","ast-disable-related-posts":"","theme-transparent-header-meta":"","adv-header-id-meta":"","stick-header-meta":"","header-above-stick-meta":"","header-main-stick-meta":"","header-below-stick-meta":"","astra-migrate-meta-layouts":"set","ast-page-background-enabled":"default","ast-page-background-meta":{"desktop":{"background-color":"var(--ast-global-color-4)","background-image":"","background-repeat":"repeat","background-position":"center center","background-size":"auto","background-attachment":"scroll","background-type":"","background-media":"","overlay-type":"","overlay-color":"","overlay-opacity":"","overlay-gradient":""},"tablet":{"background-color":"","background-image":"","background-repeat":"repeat","background-position":"center center","background-size":"auto","background-attachment":"scroll","background-type":"","background-media":"","overlay-type":"","overlay-color":"","overlay-opacity":"","overlay-gradient":""},"mobile":{"background-color":"","background-image":"","background-repeat":"repeat","background-position":"center center","background-size":"auto","background-attachment":"scroll","background-type":"","background-media":"","overlay-type":"","overlay-color":"","overlay-opacity":"","overlay-gradient":""}},"ast-content-background-meta":{"desktop":{"background-color":"var(--ast-global-color-5)","background-image":"","background-repeat":"repeat","background-position":"center center","background-size":"auto","background-attachment":"scroll","background-type":"","background-media":"","overlay-type":"","overlay-color":"","overlay-opacity":"","overlay-gradient":""},"tablet":{"background-color":"var(--ast-global-color-5)","background-image":"","background-repeat":"repeat","background-position":"center center","background-size":"auto","background-attachment":"scroll","background-type":"","background-media":"","overlay-type":"","overlay-color":"","overlay-opacity":"","overlay-gradient":""},"mobile":{"background-color":"var(--ast-global-color-5)","background-image":"","background-repeat":"repeat","background-position":"center center","background-size":"auto","background-attachment":"scroll","background-type":"","background-media":"","overlay-type":"","overlay-color":"","overlay-opacity":"","overlay-gradient":""}},"footnotes":""},"categories":[24],"tags":[35],"class_list":["post-3614","page","type-page","status-publish","has-post-thumbnail","hentry","category-actualidades","tag-caso-casino-primera-audiencia-en-el-tribunal-judicial-de-paris"],"acf":[],"_links":{"self":[{"href":"https:\/\/nourrirunmondedeforeste.org\/es\/wp-json\/wp\/v2\/pages\/3614","targetHints":{"allow":["GET"]}}],"collection":[{"href":"https:\/\/nourrirunmondedeforeste.org\/es\/wp-json\/wp\/v2\/pages"}],"about":[{"href":"https:\/\/nourrirunmondedeforeste.org\/es\/wp-json\/wp\/v2\/types\/page"}],"author":[{"embeddable":true,"href":"https:\/\/nourrirunmondedeforeste.org\/es\/wp-json\/wp\/v2\/users\/9"}],"replies":[{"embeddable":true,"href":"https:\/\/nourrirunmondedeforeste.org\/es\/wp-json\/wp\/v2\/comments?post=3614"}],"version-history":[{"count":4,"href":"https:\/\/nourrirunmondedeforeste.org\/es\/wp-json\/wp\/v2\/pages\/3614\/revisions"}],"predecessor-version":[{"id":3618,"href":"https:\/\/nourrirunmondedeforeste.org\/es\/wp-json\/wp\/v2\/pages\/3614\/revisions\/3618"}],"wp:featuredmedia":[{"embeddable":true,"href":"https:\/\/nourrirunmondedeforeste.org\/es\/wp-json\/wp\/v2\/media\/3609"}],"wp:attachment":[{"href":"https:\/\/nourrirunmondedeforeste.org\/es\/wp-json\/wp\/v2\/media?parent=3614"}],"wp:term":[{"taxonomy":"category","embeddable":true,"href":"https:\/\/nourrirunmondedeforeste.org\/es\/wp-json\/wp\/v2\/categories?post=3614"},{"taxonomy":"post_tag","embeddable":true,"href":"https:\/\/nourrirunmondedeforeste.org\/es\/wp-json\/wp\/v2\/tags?post=3614"}],"curies":[{"name":"wp","href":"https:\/\/api.w.org\/{rel}","templated":true}]}}