{"id":3244,"date":"2021-05-27T15:52:00","date_gmt":"2021-05-27T15:52:00","guid":{"rendered":"https:\/\/nourrirunmondedeforeste.org\/casino-tambien-destruye-bosques-colombianos-3\/"},"modified":"2024-04-24T13:40:07","modified_gmt":"2024-04-24T13:40:07","slug":"casino-tambien-destruye-bosques-colombianos-3","status":"publish","type":"page","link":"https:\/\/nourrirunmondedeforeste.org\/es\/casino-tambien-destruye-bosques-colombianos-3\/","title":{"rendered":"Casino tambi\u00e9n destruye bosques colombianos"},"content":{"rendered":"\t\t<div data-elementor-type=\"wp-page\" data-elementor-id=\"3244\" class=\"elementor elementor-3244 elementor-1016\">\n\t\t\t\t\t\t<section class=\"elementor-section elementor-top-section elementor-element elementor-element-4ce35a60 elementor-section-boxed elementor-section-height-default elementor-section-height-default\" data-id=\"4ce35a60\" data-element_type=\"section\" data-e-type=\"section\">\n\t\t\t\t\t\t<div class=\"elementor-container elementor-column-gap-default\">\n\t\t\t\t\t<div class=\"elementor-column elementor-col-50 elementor-top-column elementor-element elementor-element-5f113236\" data-id=\"5f113236\" data-element_type=\"column\" data-e-type=\"column\">\n\t\t\t<div class=\"elementor-widget-wrap elementor-element-populated\">\n\t\t\t\t\t\t<div class=\"elementor-element elementor-element-631ad0c elementor-widget elementor-widget-image\" data-id=\"631ad0c\" data-element_type=\"widget\" data-e-type=\"widget\" data-widget_type=\"image.default\">\n\t\t\t\t<div class=\"elementor-widget-container\">\n\t\t\t\t\t\t\t\t\t\t\t\t\t\t\t<img fetchpriority=\"high\" decoding=\"async\" width=\"1024\" height=\"538\" src=\"https:\/\/nourrirunmondedeforeste.org\/wp-content\/uploads\/2022\/05\/CASINO_1980px1040px_Visuel02_FR-1024x538.jpg\" class=\"attachment-large size-large wp-image-280\" alt=\"\" srcset=\"https:\/\/nourrirunmondedeforeste.org\/wp-content\/uploads\/2022\/05\/CASINO_1980px1040px_Visuel02_FR-1024x538.jpg 1024w, https:\/\/nourrirunmondedeforeste.org\/wp-content\/uploads\/2022\/05\/CASINO_1980px1040px_Visuel02_FR-300x158.jpg 300w, https:\/\/nourrirunmondedeforeste.org\/wp-content\/uploads\/2022\/05\/CASINO_1980px1040px_Visuel02_FR-768x403.jpg 768w, https:\/\/nourrirunmondedeforeste.org\/wp-content\/uploads\/2022\/05\/CASINO_1980px1040px_Visuel02_FR.jpg 1300w\" sizes=\"(max-width: 1024px) 100vw, 1024px\" \/>\t\t\t\t\t\t\t\t\t\t\t\t\t\t\t<\/div>\n\t\t\t\t<\/div>\n\t\t\t\t\t<\/div>\n\t\t<\/div>\n\t\t\t\t<div class=\"elementor-column elementor-col-50 elementor-top-column elementor-element elementor-element-468ced20\" data-id=\"468ced20\" data-element_type=\"column\" data-e-type=\"column\">\n\t\t\t<div class=\"elementor-widget-wrap elementor-element-populated\">\n\t\t\t\t\t\t<div class=\"elementor-element elementor-element-490bfe51 elementor-widget__width-initial elementor-widget elementor-widget-text-editor\" data-id=\"490bfe51\" data-element_type=\"widget\" data-e-type=\"widget\" data-widget_type=\"text-editor.default\">\n\t\t\t\t<div class=\"elementor-widget-container\">\n\t\t\t\t\t\t\t\t\t<p style=\"text-align: justify;\"><b style=\"mso-bidi-font-weight: normal;\"><span lang=\"fr\" style=\"font-size: 16.0pt; line-height: 115%; color: white; mso-themecolor: background1; background: darkgreen; mso-highlight: darkgreen;\">Casino tambi\u00e9n destruye bosques colombianos<br \/><\/span><\/b><\/p>\n<p>Colombia &#8211; <strong>El 27 de mayo de 2021, la Agencia de Investigaci\u00f3n Ambiental (EIA) public\u00f3 un informe condenatorio titulado <i>\u00ab <\/i><a href=\"https:\/\/eia-global.org\/reports\/20210527-tainted-beef-report\"><i>Carne Contaminada<\/i><\/a><\/strong><span style=\"font-weight: 400;\"><strong> \u00bb<\/strong> a ra\u00edz de una investigaci\u00f3n sobre la industria c\u00e1rnica colombiana. Este informe denuncia<\/span><a href=\"https:\/\/envol-vert.org\/actu\/2021\/05\/casino-detruit-les-forets-en-colombie\/\"><span style=\"font-weight: 400;\">casos de deforestaci\u00f3n<\/span><\/a><span style=\"font-weight: 400;\"> (unas 400 ha) en el Parque Nacional de Chiribiquete y de financiaci\u00f3n a grupos armados por parte de proveedores de la cadena de suministro de los supermercados \u00c9xito, filial del Grupo Casino en Colombia, a partir de una investigaci\u00f3n realizada en el arco de deforestaci\u00f3n al norte y noroeste del Parque Nacional Natural de Chiribiquete, la mayor \u00e1rea protegida de Colombia.<\/span><\/p>\n<p><a href=\"https:\/\/envol-vert.org\/actu\/2021\/05\/casino-detruit-les-forets-en-colombie\/\"><span style=\"font-weight: 400;\">Haga clic aqu\u00ed para obtener m\u00e1s informaci\u00f3n<\/span><\/a><\/p>\n<p><a href=\"https:\/\/us.eia.org\/press-releases\/indirect-suppliers-lack-of-full-supply-chain-traceability-exposes-colombias-supermarkets-to-illegal-deforestation\/\"><span style=\"font-weight: 400;\">Pulse aqu\u00ed para acceder al comunicado publicado por EIA<\/span><\/a><\/p>\n<p><a href=\"https:\/\/us.eia.org\/report\/20210527-tainted-beef-report\/\"><span style=\"font-weight: 400;\">Pulse aqu\u00ed para acceder al informe publicado por EIA<\/span><\/a><\/p>\n\t\t\t\t\t\t\t\t<\/div>\n\t\t\t\t<\/div>\n\t\t\t\t\t<\/div>\n\t\t<\/div>\n\t\t\t\t\t<\/div>\n\t\t<\/section>\n\t\t\t\t<section class=\"elementor-section elementor-top-section elementor-element elementor-element-d115d22 elementor-section-boxed elementor-section-height-default elementor-section-height-default\" data-id=\"d115d22\" data-element_type=\"section\" data-e-type=\"section\">\n\t\t\t\t\t\t<div class=\"elementor-container elementor-column-gap-default\">\n\t\t\t\t\t<div class=\"elementor-column elementor-col-100 elementor-top-column elementor-element elementor-element-d350b8d\" data-id=\"d350b8d\" data-element_type=\"column\" data-e-type=\"column\">\n\t\t\t<div class=\"elementor-widget-wrap\">\n\t\t\t\t\t\t\t<\/div>\n\t\t<\/div>\n\t\t\t\t\t<\/div>\n\t\t<\/section>\n\t\t\t\t<\/div>\n\t\t","protected":false},"excerpt":{"rendered":"<p>Casino tambi\u00e9n destruye bosques colombianos Colombia &#8211; El 27 de mayo de 2021, la Agencia de Investigaci\u00f3n Ambiental (EIA) public\u00f3 un informe condenatorio titulado \u00ab Carne Contaminada \u00bb a ra\u00edz de una investigaci\u00f3n sobre la industria c\u00e1rnica colombiana. Este informe denunciacasos de deforestaci\u00f3n (unas 400 ha) en el Parque Nacional de Chiribiquete y de financiaci\u00f3n [&hellip;]<\/p>\n","protected":false},"author":1,"featured_media":900,"parent":0,"menu_order":0,"comment_status":"closed","ping_status":"closed","template":"elementor_header_footer","meta":{"_acf_changed":false,"site-sidebar-layout":"default","site-content-layout":"","ast-site-content-layout":"default","site-content-style":"default","site-sidebar-style":"default","ast-global-header-display":"","ast-banner-title-visibility":"","ast-main-header-display":"","ast-hfb-above-header-display":"","ast-hfb-below-header-display":"","ast-hfb-mobile-header-display":"","site-post-title":"","ast-breadcrumbs-content":"","ast-featured-img":"","footer-sml-layout":"","ast-disable-related-posts":"","theme-transparent-header-meta":"","adv-header-id-meta":"","stick-header-meta":"","header-above-stick-meta":"","header-main-stick-meta":"","header-below-stick-meta":"","astra-migrate-meta-layouts":"default","ast-page-background-enabled":"default","ast-page-background-meta":{"desktop":{"background-color":"var(--ast-global-color-4)","background-image":"","background-repeat":"repeat","background-position":"center center","background-size":"auto","background-attachment":"scroll","background-type":"","background-media":"","overlay-type":"","overlay-color":"","overlay-opacity":"","overlay-gradient":""},"tablet":{"background-color":"","background-image":"","background-repeat":"repeat","background-position":"center center","background-size":"auto","background-attachment":"scroll","background-type":"","background-media":"","overlay-type":"","overlay-color":"","overlay-opacity":"","overlay-gradient":""},"mobile":{"background-color":"","background-image":"","background-repeat":"repeat","background-position":"center center","background-size":"auto","background-attachment":"scroll","background-type":"","background-media":"","overlay-type":"","overlay-color":"","overlay-opacity":"","overlay-gradient":""}},"ast-content-background-meta":{"desktop":{"background-color":"var(--ast-global-color-5)","background-image":"","background-repeat":"repeat","background-position":"center center","background-size":"auto","background-attachment":"scroll","background-type":"","background-media":"","overlay-type":"","overlay-color":"","overlay-opacity":"","overlay-gradient":""},"tablet":{"background-color":"var(--ast-global-color-5)","background-image":"","background-repeat":"repeat","background-position":"center center","background-size":"auto","background-attachment":"scroll","background-type":"","background-media":"","overlay-type":"","overlay-color":"","overlay-opacity":"","overlay-gradient":""},"mobile":{"background-color":"var(--ast-global-color-5)","background-image":"","background-repeat":"repeat","background-position":"center center","background-size":"auto","background-attachment":"scroll","background-type":"","background-media":"","overlay-type":"","overlay-color":"","overlay-opacity":"","overlay-gradient":""}},"footnotes":""},"categories":[24],"tags":[],"class_list":["post-3244","page","type-page","status-publish","has-post-thumbnail","hentry","category-actualidades"],"acf":[],"_links":{"self":[{"href":"https:\/\/nourrirunmondedeforeste.org\/es\/wp-json\/wp\/v2\/pages\/3244","targetHints":{"allow":["GET"]}}],"collection":[{"href":"https:\/\/nourrirunmondedeforeste.org\/es\/wp-json\/wp\/v2\/pages"}],"about":[{"href":"https:\/\/nourrirunmondedeforeste.org\/es\/wp-json\/wp\/v2\/types\/page"}],"author":[{"embeddable":true,"href":"https:\/\/nourrirunmondedeforeste.org\/es\/wp-json\/wp\/v2\/users\/1"}],"replies":[{"embeddable":true,"href":"https:\/\/nourrirunmondedeforeste.org\/es\/wp-json\/wp\/v2\/comments?post=3244"}],"version-history":[{"count":6,"href":"https:\/\/nourrirunmondedeforeste.org\/es\/wp-json\/wp\/v2\/pages\/3244\/revisions"}],"predecessor-version":[{"id":3377,"href":"https:\/\/nourrirunmondedeforeste.org\/es\/wp-json\/wp\/v2\/pages\/3244\/revisions\/3377"}],"wp:featuredmedia":[{"embeddable":true,"href":"https:\/\/nourrirunmondedeforeste.org\/es\/wp-json\/wp\/v2\/media\/900"}],"wp:attachment":[{"href":"https:\/\/nourrirunmondedeforeste.org\/es\/wp-json\/wp\/v2\/media?parent=3244"}],"wp:term":[{"taxonomy":"category","embeddable":true,"href":"https:\/\/nourrirunmondedeforeste.org\/es\/wp-json\/wp\/v2\/categories?post=3244"},{"taxonomy":"post_tag","embeddable":true,"href":"https:\/\/nourrirunmondedeforeste.org\/es\/wp-json\/wp\/v2\/tags?post=3244"}],"curies":[{"name":"wp","href":"https:\/\/api.w.org\/{rel}","templated":true}]}}