{"id":3225,"date":"2021-12-13T14:10:00","date_gmt":"2021-12-13T14:10:00","guid":{"rendered":"https:\/\/nourrirunmondedeforeste.org\/casino-tambien-destruye-bosques-colombianos-2\/"},"modified":"2024-04-24T13:38:22","modified_gmt":"2024-04-24T13:38:22","slug":"casino-tambien-destruye-bosques-colombianos-2","status":"publish","type":"page","link":"https:\/\/nourrirunmondedeforeste.org\/es\/casino-tambien-destruye-bosques-colombianos-2\/","title":{"rendered":"Colombia &#8211; EIA confirma la responsabilidad de Casino"},"content":{"rendered":"\t\t<div data-elementor-type=\"wp-page\" data-elementor-id=\"3225\" class=\"elementor elementor-3225 elementor-744\">\n\t\t\t\t\t\t<section class=\"elementor-section elementor-top-section elementor-element elementor-element-d115d22 elementor-section-boxed elementor-section-height-default elementor-section-height-default\" data-id=\"d115d22\" data-element_type=\"section\" data-e-type=\"section\">\n\t\t\t\t\t\t<div class=\"elementor-container elementor-column-gap-default\">\n\t\t\t\t\t<div class=\"elementor-column elementor-col-50 elementor-top-column elementor-element elementor-element-d350b8d\" data-id=\"d350b8d\" data-element_type=\"column\" data-e-type=\"column\">\n\t\t\t<div class=\"elementor-widget-wrap elementor-element-populated\">\n\t\t\t\t\t\t<div class=\"elementor-element elementor-element-5408fee elementor-widget elementor-widget-image\" data-id=\"5408fee\" data-element_type=\"widget\" data-e-type=\"widget\" data-widget_type=\"image.default\">\n\t\t\t\t<div class=\"elementor-widget-container\">\n\t\t\t\t\t\t\t\t\t\t\t\t\t\t\t<img fetchpriority=\"high\" decoding=\"async\" width=\"1024\" height=\"512\" src=\"https:\/\/nourrirunmondedeforeste.org\/wp-content\/uploads\/2022\/05\/Casino_EIA-confirme-la-deforestation-liee-a-Exito-1024x512.png\" class=\"attachment-large size-large wp-image-281\" alt=\"\" srcset=\"https:\/\/nourrirunmondedeforeste.org\/wp-content\/uploads\/2022\/05\/Casino_EIA-confirme-la-deforestation-liee-a-Exito-1024x512.png 1024w, https:\/\/nourrirunmondedeforeste.org\/wp-content\/uploads\/2022\/05\/Casino_EIA-confirme-la-deforestation-liee-a-Exito-300x150.png 300w, https:\/\/nourrirunmondedeforeste.org\/wp-content\/uploads\/2022\/05\/Casino_EIA-confirme-la-deforestation-liee-a-Exito-768x384.png 768w, https:\/\/nourrirunmondedeforeste.org\/wp-content\/uploads\/2022\/05\/Casino_EIA-confirme-la-deforestation-liee-a-Exito.png 1200w\" sizes=\"(max-width: 1024px) 100vw, 1024px\" \/>\t\t\t\t\t\t\t\t\t\t\t\t\t\t\t<\/div>\n\t\t\t\t<\/div>\n\t\t\t\t\t<\/div>\n\t\t<\/div>\n\t\t\t\t<div class=\"elementor-column elementor-col-50 elementor-top-column elementor-element elementor-element-95af6e0\" data-id=\"95af6e0\" data-element_type=\"column\" data-e-type=\"column\">\n\t\t\t<div class=\"elementor-widget-wrap elementor-element-populated\">\n\t\t\t\t\t\t<div class=\"elementor-element elementor-element-29bffe5 elementor-widget elementor-widget-text-editor\" data-id=\"29bffe5\" data-element_type=\"widget\" data-e-type=\"widget\" data-widget_type=\"text-editor.default\">\n\t\t\t\t<div class=\"elementor-widget-container\">\n\t\t\t\t\t\t\t\t\t<p style=\"text-align: justify;\"><b style=\"mso-bidi-font-weight: normal;\"><span lang=\"fr\" style=\"font-size: 16.0pt; line-height: 115%; color: white; mso-themecolor: background1; background: darkgreen; mso-highlight: darkgreen;\">Colombia &#8211; EIA confirma la responsabilidad de Casino<\/span><\/b><\/p>\n<p><span style=\"font-style: inherit; font-weight: inherit; color: var( --e-global-color-text ); font-family: var( --e-global-typography-text-font-family ), Sans-serif; background-color: var(--ast-global-color-5);\">Colombia &#8211; <\/span><strong>La Agencia de Investigaci\u00f3n Ambiental (EIA) confirma os resultados publicados em seu relat\u00f3rio intitulado \u201c<a href=\"https:\/\/eia-global.org\/reports\/20210527-tainted-beef-report\"><i>Carne contamniada<\/i><\/a>\u201d de 27 de mayo de 2021. El testimonio de un proveedor intermediario entre \u00c9xito y las explotaciones indirectas est\u00e1 corroborado por otros agentes del sector de la carne de vacuno, as\u00ed como por estad\u00edsticas basadas en el estudio de las cifras de transporte de animales.<\/strong><\/p>\n<p><a href=\"https:\/\/envol-vert.org\/actu\/2021\/12\/eia-confirme-la-deforestation-liee-a-exito\/\" target=\"_blank\" rel=\"noopener\"><span style=\"font-weight: 400;\">Haga clic aqu\u00ed para obtener m\u00e1s informaci\u00f3n<\/span><\/a><\/p>\n<p><a href=\"https:\/\/us.eia.org\/press-releases\/indirect-suppliers-lack-of-full-supply-chain-traceability-exposes-colombias-supermarkets-to-illegal-deforestation\/\"><span style=\"font-weight: 400;\">Pulse aqu\u00ed para acceder al comunicado publicado por EIA<\/span><\/a><\/p>\n<p><a href=\"https:\/\/us.eia.org\/report\/20210527-tainted-beef-report\/\"><span style=\"font-weight: 400;\">Pulse aqu\u00ed para acceder al informe publicado por EIA<\/span><\/a><\/p>\n\t\t\t\t\t\t\t\t<\/div>\n\t\t\t\t<\/div>\n\t\t\t\t\t<\/div>\n\t\t<\/div>\n\t\t\t\t\t<\/div>\n\t\t<\/section>\n\t\t\t\t<\/div>\n\t\t","protected":false},"excerpt":{"rendered":"<p>Colombia &#8211; EIA confirma la responsabilidad de Casino Colombia &#8211; La Agencia de Investigaci\u00f3n Ambiental (EIA) confirma os resultados publicados em seu relat\u00f3rio intitulado \u201cCarne contamniada\u201d de 27 de mayo de 2021. El testimonio de un proveedor intermediario entre \u00c9xito y las explotaciones indirectas est\u00e1 corroborado por otros agentes del sector de la carne de [&hellip;]<\/p>\n","protected":false},"author":1,"featured_media":903,"parent":0,"menu_order":0,"comment_status":"closed","ping_status":"closed","template":"elementor_header_footer","meta":{"_acf_changed":false,"site-sidebar-layout":"default","site-content-layout":"","ast-site-content-layout":"default","site-content-style":"default","site-sidebar-style":"default","ast-global-header-display":"","ast-banner-title-visibility":"","ast-main-header-display":"","ast-hfb-above-header-display":"","ast-hfb-below-header-display":"","ast-hfb-mobile-header-display":"","site-post-title":"","ast-breadcrumbs-content":"","ast-featured-img":"","footer-sml-layout":"","ast-disable-related-posts":"","theme-transparent-header-meta":"","adv-header-id-meta":"","stick-header-meta":"","header-above-stick-meta":"","header-main-stick-meta":"","header-below-stick-meta":"","astra-migrate-meta-layouts":"default","ast-page-background-enabled":"default","ast-page-background-meta":{"desktop":{"background-color":"var(--ast-global-color-4)","background-image":"","background-repeat":"repeat","background-position":"center center","background-size":"auto","background-attachment":"scroll","background-type":"","background-media":"","overlay-type":"","overlay-color":"","overlay-opacity":"","overlay-gradient":""},"tablet":{"background-color":"","background-image":"","background-repeat":"repeat","background-position":"center center","background-size":"auto","background-attachment":"scroll","background-type":"","background-media":"","overlay-type":"","overlay-color":"","overlay-opacity":"","overlay-gradient":""},"mobile":{"background-color":"","background-image":"","background-repeat":"repeat","background-position":"center center","background-size":"auto","background-attachment":"scroll","background-type":"","background-media":"","overlay-type":"","overlay-color":"","overlay-opacity":"","overlay-gradient":""}},"ast-content-background-meta":{"desktop":{"background-color":"var(--ast-global-color-5)","background-image":"","background-repeat":"repeat","background-position":"center center","background-size":"auto","background-attachment":"scroll","background-type":"","background-media":"","overlay-type":"","overlay-color":"","overlay-opacity":"","overlay-gradient":""},"tablet":{"background-color":"var(--ast-global-color-5)","background-image":"","background-repeat":"repeat","background-position":"center center","background-size":"auto","background-attachment":"scroll","background-type":"","background-media":"","overlay-type":"","overlay-color":"","overlay-opacity":"","overlay-gradient":""},"mobile":{"background-color":"var(--ast-global-color-5)","background-image":"","background-repeat":"repeat","background-position":"center center","background-size":"auto","background-attachment":"scroll","background-type":"","background-media":"","overlay-type":"","overlay-color":"","overlay-opacity":"","overlay-gradient":""}},"footnotes":""},"categories":[24],"tags":[],"class_list":["post-3225","page","type-page","status-publish","has-post-thumbnail","hentry","category-actualidades"],"acf":[],"_links":{"self":[{"href":"https:\/\/nourrirunmondedeforeste.org\/es\/wp-json\/wp\/v2\/pages\/3225","targetHints":{"allow":["GET"]}}],"collection":[{"href":"https:\/\/nourrirunmondedeforeste.org\/es\/wp-json\/wp\/v2\/pages"}],"about":[{"href":"https:\/\/nourrirunmondedeforeste.org\/es\/wp-json\/wp\/v2\/types\/page"}],"author":[{"embeddable":true,"href":"https:\/\/nourrirunmondedeforeste.org\/es\/wp-json\/wp\/v2\/users\/1"}],"replies":[{"embeddable":true,"href":"https:\/\/nourrirunmondedeforeste.org\/es\/wp-json\/wp\/v2\/comments?post=3225"}],"version-history":[{"count":5,"href":"https:\/\/nourrirunmondedeforeste.org\/es\/wp-json\/wp\/v2\/pages\/3225\/revisions"}],"predecessor-version":[{"id":3369,"href":"https:\/\/nourrirunmondedeforeste.org\/es\/wp-json\/wp\/v2\/pages\/3225\/revisions\/3369"}],"wp:featuredmedia":[{"embeddable":true,"href":"https:\/\/nourrirunmondedeforeste.org\/es\/wp-json\/wp\/v2\/media\/903"}],"wp:attachment":[{"href":"https:\/\/nourrirunmondedeforeste.org\/es\/wp-json\/wp\/v2\/media?parent=3225"}],"wp:term":[{"taxonomy":"category","embeddable":true,"href":"https:\/\/nourrirunmondedeforeste.org\/es\/wp-json\/wp\/v2\/categories?post=3225"},{"taxonomy":"post_tag","embeddable":true,"href":"https:\/\/nourrirunmondedeforeste.org\/es\/wp-json\/wp\/v2\/tags?post=3225"}],"curies":[{"name":"wp","href":"https:\/\/api.w.org\/{rel}","templated":true}]}}