{"id":1882,"date":"2022-05-19T04:06:38","date_gmt":"2022-05-19T04:06:38","guid":{"rendered":"https:\/\/nourrirunmondedeforeste.org\/investigacion-en-colombia-a-new-report-by-the-environmental-investigation-agency-eia\/"},"modified":"2022-05-31T15:20:07","modified_gmt":"2022-05-31T15:20:07","slug":"investigacion-en-colombia-a-new-report-by-the-environmental-investigation-agency-eia","status":"publish","type":"page","link":"https:\/\/nourrirunmondedeforeste.org\/es\/investigacion-en-colombia-a-new-report-by-the-environmental-investigation-agency-eia\/","title":{"rendered":"INVESTIGACI\u00d3N EN COLOMBIA: Un nuevo informe de la Agencia de Investigaci\u00f3n Ambiental (EIA)"},"content":{"rendered":"\t\t<div data-elementor-type=\"wp-page\" data-elementor-id=\"1882\" class=\"elementor elementor-1882 elementor-654\">\n\t\t\t\t\t\t<section class=\"elementor-section elementor-top-section elementor-element elementor-element-9aea291 elementor-section-boxed elementor-section-height-default elementor-section-height-default\" data-id=\"9aea291\" data-element_type=\"section\" data-e-type=\"section\">\n\t\t\t\t\t\t<div class=\"elementor-container elementor-column-gap-default\">\n\t\t\t\t\t<div class=\"elementor-column elementor-col-100 elementor-top-column elementor-element elementor-element-6c99a9c\" data-id=\"6c99a9c\" data-element_type=\"column\" data-e-type=\"column\">\n\t\t\t<div class=\"elementor-widget-wrap elementor-element-populated\">\n\t\t\t\t\t\t<div class=\"elementor-element elementor-element-41d7396 elementor-widget__width-initial elementor-widget elementor-widget-video\" data-id=\"41d7396\" data-element_type=\"widget\" data-e-type=\"widget\" data-settings=\"{&quot;video_type&quot;:&quot;vimeo&quot;}\" data-widget_type=\"video.default\">\n\t\t\t\t<div class=\"elementor-widget-container\">\n\t\t\t\t\t\t\t<div class=\"elementor-wrapper elementor-open-inline\">\n\t\t\t<iframe class=\"elementor-video-iframe\" allowfullscreen allow=\"clipboard-write\" title=\"Reproductor de v\u00eddeo vimeo\" src=\"https:\/\/player.vimeo.com\/video\/555377144?color&amp;autopause=0&amp;loop=0&amp;muted=0&amp;title=1&amp;portrait=1&amp;byline=1#t=\"><\/iframe>\t\t<\/div>\n\t\t\t\t\t\t<\/div>\n\t\t\t\t<\/div>\n\t\t\t\t\t<\/div>\n\t\t<\/div>\n\t\t\t\t\t<\/div>\n\t\t<\/section>\n\t\t\t\t<section class=\"elementor-section elementor-top-section elementor-element elementor-element-cd4e74a elementor-section-boxed elementor-section-height-default elementor-section-height-default\" data-id=\"cd4e74a\" data-element_type=\"section\" data-e-type=\"section\">\n\t\t\t\t\t\t<div class=\"elementor-container elementor-column-gap-default\">\n\t\t\t\t\t<div class=\"elementor-column elementor-col-100 elementor-top-column elementor-element elementor-element-53e1a6e\" data-id=\"53e1a6e\" data-element_type=\"column\" data-e-type=\"column\">\n\t\t\t<div class=\"elementor-widget-wrap elementor-element-populated\">\n\t\t\t\t\t\t<div class=\"elementor-element elementor-element-f747d5b elementor-widget elementor-widget-text-editor\" data-id=\"f747d5b\" data-element_type=\"widget\" data-e-type=\"widget\" data-widget_type=\"text-editor.default\">\n\t\t\t\t<div class=\"elementor-widget-container\">\n\t\t\t\t\t\t\t\t\t<p><span style=\"font-weight: 400;\">INVESTIGACI\u00d3N EN COLOMBIA: Un nuevo informe de la Agencia de Investigaci\u00f3n Ambiental (EIA) revela c\u00f3mo la carne de res que se vende en los supermercados colombianos est\u00e1 alimentando la deforestaci\u00f3n ilegal en los bosques amaz\u00f3nicos protegidos y contribuyendo a financiar a los grupos armados.<\/span><\/p><p><span style=\"font-weight: 400;\">La innovadora investigaci\u00f3n rastrea la carne proveniente de \u00e1reas deforestadas ilegalmente hasta cadenas de supermercados como Grupo \u00c9xito (subsidiaria del Grupo Casino en Colombia) y Colsubsidio, donde se vende a los consumidores. A trav\u00e9s de an\u00e1lisis de datos innovadores y extensas investigaciones de campo, EIA descubri\u00f3 un sistema empa\u00f1ado por la corrupci\u00f3n, la extorsi\u00f3n, el lavado de ganado y la tala ilegal de bosques en la Amazon\u00eda colombiana.<\/span><\/p>\t\t\t\t\t\t\t\t<\/div>\n\t\t\t\t<\/div>\n\t\t\t\t\t<\/div>\n\t\t<\/div>\n\t\t\t\t\t<\/div>\n\t\t<\/section>\n\t\t\t\t<\/div>\n\t\t","protected":false},"excerpt":{"rendered":"<p>https:\/\/vimeo.com\/555377144 INVESTIGACI\u00d3N EN COLOMBIA: Un nuevo informe de la Agencia de Investigaci\u00f3n Ambiental (EIA) revela c\u00f3mo la carne de res que se vende en los supermercados colombianos est\u00e1 alimentando la deforestaci\u00f3n ilegal en los bosques amaz\u00f3nicos protegidos y contribuyendo a financiar a los grupos armados. La innovadora investigaci\u00f3n rastrea la carne proveniente de \u00e1reas deforestadas [&hellip;]<\/p>\n","protected":false},"author":1,"featured_media":921,"parent":0,"menu_order":0,"comment_status":"closed","ping_status":"closed","template":"elementor_header_footer","meta":{"_acf_changed":false,"site-sidebar-layout":"default","site-content-layout":"","ast-site-content-layout":"default","site-content-style":"default","site-sidebar-style":"default","ast-global-header-display":"","ast-banner-title-visibility":"","ast-main-header-display":"","ast-hfb-above-header-display":"","ast-hfb-below-header-display":"","ast-hfb-mobile-header-display":"","site-post-title":"","ast-breadcrumbs-content":"","ast-featured-img":"","footer-sml-layout":"","ast-disable-related-posts":"","theme-transparent-header-meta":"","adv-header-id-meta":"","stick-header-meta":"","header-above-stick-meta":"","header-main-stick-meta":"","header-below-stick-meta":"","astra-migrate-meta-layouts":"default","ast-page-background-enabled":"default","ast-page-background-meta":{"desktop":{"background-color":"var(--ast-global-color-4)","background-image":"","background-repeat":"repeat","background-position":"center center","background-size":"auto","background-attachment":"scroll","background-type":"","background-media":"","overlay-type":"","overlay-color":"","overlay-opacity":"","overlay-gradient":""},"tablet":{"background-color":"","background-image":"","background-repeat":"repeat","background-position":"center center","background-size":"auto","background-attachment":"scroll","background-type":"","background-media":"","overlay-type":"","overlay-color":"","overlay-opacity":"","overlay-gradient":""},"mobile":{"background-color":"","background-image":"","background-repeat":"repeat","background-position":"center center","background-size":"auto","background-attachment":"scroll","background-type":"","background-media":"","overlay-type":"","overlay-color":"","overlay-opacity":"","overlay-gradient":""}},"ast-content-background-meta":{"desktop":{"background-color":"var(--ast-global-color-5)","background-image":"","background-repeat":"repeat","background-position":"center center","background-size":"auto","background-attachment":"scroll","background-type":"","background-media":"","overlay-type":"","overlay-color":"","overlay-opacity":"","overlay-gradient":""},"tablet":{"background-color":"var(--ast-global-color-5)","background-image":"","background-repeat":"repeat","background-position":"center center","background-size":"auto","background-attachment":"scroll","background-type":"","background-media":"","overlay-type":"","overlay-color":"","overlay-opacity":"","overlay-gradient":""},"mobile":{"background-color":"var(--ast-global-color-5)","background-image":"","background-repeat":"repeat","background-position":"center center","background-size":"auto","background-attachment":"scroll","background-type":"","background-media":"","overlay-type":"","overlay-color":"","overlay-opacity":"","overlay-gradient":""}},"footnotes":""},"categories":[29],"tags":[],"class_list":["post-1882","page","type-page","status-publish","has-post-thumbnail","hentry","category-video-spa"],"acf":[],"_links":{"self":[{"href":"https:\/\/nourrirunmondedeforeste.org\/es\/wp-json\/wp\/v2\/pages\/1882","targetHints":{"allow":["GET"]}}],"collection":[{"href":"https:\/\/nourrirunmondedeforeste.org\/es\/wp-json\/wp\/v2\/pages"}],"about":[{"href":"https:\/\/nourrirunmondedeforeste.org\/es\/wp-json\/wp\/v2\/types\/page"}],"author":[{"embeddable":true,"href":"https:\/\/nourrirunmondedeforeste.org\/es\/wp-json\/wp\/v2\/users\/1"}],"replies":[{"embeddable":true,"href":"https:\/\/nourrirunmondedeforeste.org\/es\/wp-json\/wp\/v2\/comments?post=1882"}],"version-history":[{"count":0,"href":"https:\/\/nourrirunmondedeforeste.org\/es\/wp-json\/wp\/v2\/pages\/1882\/revisions"}],"wp:featuredmedia":[{"embeddable":true,"href":"https:\/\/nourrirunmondedeforeste.org\/es\/wp-json\/wp\/v2\/media\/921"}],"wp:attachment":[{"href":"https:\/\/nourrirunmondedeforeste.org\/es\/wp-json\/wp\/v2\/media?parent=1882"}],"wp:term":[{"taxonomy":"category","embeddable":true,"href":"https:\/\/nourrirunmondedeforeste.org\/es\/wp-json\/wp\/v2\/categories?post=1882"},{"taxonomy":"post_tag","embeddable":true,"href":"https:\/\/nourrirunmondedeforeste.org\/es\/wp-json\/wp\/v2\/tags?post=1882"}],"curies":[{"name":"wp","href":"https:\/\/api.w.org\/{rel}","templated":true}]}}