{"id":1751,"date":"2022-05-09T22:15:51","date_gmt":"2022-05-09T22:15:51","guid":{"rendered":"https:\/\/nourrirunmondedeforeste.org\/home-sp\/"},"modified":"2022-06-15T14:09:46","modified_gmt":"2022-06-15T14:09:46","slug":"home-sp","status":"publish","type":"page","link":"https:\/\/nourrirunmondedeforeste.org\/es\/","title":{"rendered":"Home (sp)"},"content":{"rendered":"\t\t<div data-elementor-type=\"wp-page\" data-elementor-id=\"1751\" class=\"elementor elementor-1751 elementor-27\">\n\t\t\t\t\t\t<section class=\"elementor-section elementor-top-section elementor-element elementor-element-7a889300 elementor-section-full_width elementor-section-height-min-height elementor-section-height-default elementor-section-items-middle\" data-id=\"7a889300\" data-element_type=\"section\" data-e-type=\"section\" data-settings=\"{&quot;background_background&quot;:&quot;classic&quot;}\">\n\t\t\t\t\t\t<div class=\"elementor-container elementor-column-gap-default\">\n\t\t\t\t\t<div class=\"elementor-column elementor-col-33 elementor-top-column elementor-element elementor-element-20a5a899\" data-id=\"20a5a899\" data-element_type=\"column\" data-e-type=\"column\">\n\t\t\t<div class=\"elementor-widget-wrap elementor-element-populated\">\n\t\t\t\t\t\t<div class=\"elementor-element elementor-element-2436e1c4 elementor-widget__width-auto elementor-widget elementor-widget-heading\" data-id=\"2436e1c4\" data-element_type=\"widget\" data-e-type=\"widget\" data-widget_type=\"heading.default\">\n\t\t\t\t<div class=\"elementor-widget-container\">\n\t\t\t\t\t<h3 class=\"elementor-heading-title elementor-size-medium\">La selva y los pueblos ind\u00edgenas del Amazonas est\u00e1n en peligro.\nEl impacto de la industria ganadera en la deforestaci\u00f3n y la apropiaci\u00f3n de los territorios ind\u00edgenas es cada vez mayor.\n \nPor ello, se ha organizado una coalici\u00f3n internacional que peri\u00f3dicamente realiza numerosas investigaciones que, desgraciadamente, ilustran las consecuencias del incumplimiento del deber de diligencia por parte de las grandes empresas. El Grupo Casino, l\u00edder en la distribuci\u00f3n de hipermercados en Brasil y Colombia, es uno de ellos. \n \nDescubra todo el \"asunto\" aqu\u00ed.\n<\/h3>\t\t\t\t<\/div>\n\t\t\t\t<\/div>\n\t\t\t\t\t<\/div>\n\t\t<\/div>\n\t\t\t\t<div class=\"elementor-column elementor-col-33 elementor-top-column elementor-element elementor-element-6b3a0068\" data-id=\"6b3a0068\" data-element_type=\"column\" data-e-type=\"column\">\n\t\t\t<div class=\"elementor-widget-wrap elementor-element-populated\">\n\t\t\t\t\t\t<div class=\"elementor-element elementor-element-32340a8b elementor-widget elementor-widget-image\" data-id=\"32340a8b\" data-element_type=\"widget\" data-e-type=\"widget\" data-widget_type=\"image.default\">\n\t\t\t\t<div class=\"elementor-widget-container\">\n\t\t\t\t\t\t\t\t\t\t\t\t\t\t\t<img fetchpriority=\"high\" decoding=\"async\" width=\"768\" height=\"768\" src=\"https:\/\/nourrirunmondedeforeste.org\/wp-content\/uploads\/2022\/05\/home-spa-768x768.jpg\" class=\"attachment-medium_large size-medium_large wp-image-1825\" alt=\"\" srcset=\"https:\/\/nourrirunmondedeforeste.org\/wp-content\/uploads\/2022\/05\/home-spa-768x768.jpg 768w, https:\/\/nourrirunmondedeforeste.org\/wp-content\/uploads\/2022\/05\/home-spa-300x300.jpg 300w, https:\/\/nourrirunmondedeforeste.org\/wp-content\/uploads\/2022\/05\/home-spa-1024x1024.jpg 1024w, https:\/\/nourrirunmondedeforeste.org\/wp-content\/uploads\/2022\/05\/home-spa-150x150.jpg 150w, https:\/\/nourrirunmondedeforeste.org\/wp-content\/uploads\/2022\/05\/home-spa.jpg 1080w\" sizes=\"(max-width: 768px) 100vw, 768px\" \/>\t\t\t\t\t\t\t\t\t\t\t\t\t\t\t<\/div>\n\t\t\t\t<\/div>\n\t\t\t\t\t<\/div>\n\t\t<\/div>\n\t\t\t\t<div class=\"elementor-column elementor-col-33 elementor-top-column elementor-element elementor-element-4083e6a1\" data-id=\"4083e6a1\" data-element_type=\"column\" data-e-type=\"column\">\n\t\t\t<div class=\"elementor-widget-wrap\">\n\t\t\t\t\t\t\t<\/div>\n\t\t<\/div>\n\t\t\t\t\t<\/div>\n\t\t<\/section>\n\t\t\t\t<section class=\"elementor-section elementor-top-section elementor-element elementor-element-2e6a4bfe elementor-section-full_width elementor-section-height-min-height elementor-section-height-default elementor-section-items-middle\" data-id=\"2e6a4bfe\" data-element_type=\"section\" data-e-type=\"section\" data-settings=\"{&quot;background_background&quot;:&quot;classic&quot;}\">\n\t\t\t\t\t\t<div class=\"elementor-container elementor-column-gap-default\">\n\t\t\t\t\t<div class=\"elementor-column elementor-col-33 elementor-top-column elementor-element elementor-element-2cd155ce\" data-id=\"2cd155ce\" data-element_type=\"column\" data-e-type=\"column\">\n\t\t\t<div class=\"elementor-widget-wrap elementor-element-populated\">\n\t\t\t\t\t\t<div class=\"elementor-element elementor-element-4f582c32 elementor-widget__width-initial elementor-widget elementor-widget-image\" data-id=\"4f582c32\" data-element_type=\"widget\" data-e-type=\"widget\" data-widget_type=\"image.default\">\n\t\t\t\t<div class=\"elementor-widget-container\">\n\t\t\t\t\t\t\t\t\t\t\t\t\t\t\t<img decoding=\"async\" width=\"768\" height=\"588\" src=\"https:\/\/nourrirunmondedeforeste.org\/wp-content\/uploads\/2022\/06\/home-photo-@JeanBaptisteMariou-768x588.jpg\" class=\"attachment-medium_large size-medium_large wp-image-1975\" alt=\"La for\u00eat et les peuples autochtones d&#039;Amazonie sont en danger. L&#039;impact du secteur bovin dans la d\u00e9forestation et l\u2019accaparement de territoires autochtones ne cessent de progresser. Une coalition internationale s&#039;est donc organis\u00e9e, menant r\u00e9guli\u00e8rement de nombreuses enqu\u00eates qui malheureusement illustrent les cons\u00e9quences des manquements des grandes entreprises \u00e0 leur devoir de vigilance. Le Groupe Casino, leader de la distribution en hypermarch\u00e9 au Br\u00e9sil et en Colombie, en fait partie.  D\u00e9couvrez ici toute l&#039;&quot;affaire&quot;.\" srcset=\"https:\/\/nourrirunmondedeforeste.org\/wp-content\/uploads\/2022\/06\/home-photo-@JeanBaptisteMariou-768x588.jpg 768w, https:\/\/nourrirunmondedeforeste.org\/wp-content\/uploads\/2022\/06\/home-photo-@JeanBaptisteMariou-300x230.jpg 300w, https:\/\/nourrirunmondedeforeste.org\/wp-content\/uploads\/2022\/06\/home-photo-@JeanBaptisteMariou.jpg 800w\" sizes=\"(max-width: 768px) 100vw, 768px\" \/>\t\t\t\t\t\t\t\t\t\t\t\t\t\t\t<\/div>\n\t\t\t\t<\/div>\n\t\t\t\t\t<\/div>\n\t\t<\/div>\n\t\t\t\t<div class=\"elementor-column elementor-col-66 elementor-top-column elementor-element elementor-element-7cf3b6a\" data-id=\"7cf3b6a\" data-element_type=\"column\" data-e-type=\"column\">\n\t\t\t<div class=\"elementor-widget-wrap elementor-element-populated\">\n\t\t\t\t\t\t<div class=\"elementor-element elementor-element-b3cb03f elementor-widget__width-initial elementor-hidden-mobile elementor-widget elementor-widget-video\" data-id=\"b3cb03f\" data-element_type=\"widget\" data-e-type=\"widget\" data-settings=\"{&quot;youtube_url&quot;:&quot;https:\\\/\\\/www.youtube.com\\\/watch?v=FDQ9NoGShaI&quot;,&quot;video_type&quot;:&quot;youtube&quot;,&quot;controls&quot;:&quot;yes&quot;}\" data-widget_type=\"video.default\">\n\t\t\t\t<div class=\"elementor-widget-container\">\n\t\t\t\t\t\t\t<div class=\"elementor-wrapper elementor-open-inline\">\n\t\t\t<div class=\"elementor-video\"><\/div>\t\t<\/div>\n\t\t\t\t\t\t<\/div>\n\t\t\t\t<\/div>\n\t\t\t\t<div class=\"elementor-element elementor-element-56595247 elementor-widget__width-inherit elementor-hidden-desktop elementor-widget elementor-widget-video\" data-id=\"56595247\" data-element_type=\"widget\" data-e-type=\"widget\" data-settings=\"{&quot;youtube_url&quot;:&quot;https:\\\/\\\/www.youtube.com\\\/watch?v=FDQ9NoGShaI&quot;,&quot;video_type&quot;:&quot;youtube&quot;,&quot;controls&quot;:&quot;yes&quot;}\" data-widget_type=\"video.default\">\n\t\t\t\t<div class=\"elementor-widget-container\">\n\t\t\t\t\t\t\t<div class=\"elementor-wrapper elementor-open-inline\">\n\t\t\t<div class=\"elementor-video\"><\/div>\t\t<\/div>\n\t\t\t\t\t\t<\/div>\n\t\t\t\t<\/div>\n\t\t\t\t\t<\/div>\n\t\t<\/div>\n\t\t\t\t\t<\/div>\n\t\t<\/section>\n\t\t\t\t<\/div>\n\t\t","protected":false},"excerpt":{"rendered":"<p>La selva y los pueblos ind\u00edgenas del Amazonas est\u00e1n en peligro. El impacto de la industria ganadera en la deforestaci\u00f3n y la apropiaci\u00f3n de los territorios ind\u00edgenas es cada vez mayor. Por ello, se ha organizado una coalici\u00f3n internacional que peri\u00f3dicamente realiza numerosas investigaciones que, desgraciadamente, ilustran las consecuencias del incumplimiento del deber de diligencia [&hellip;]<\/p>\n","protected":false},"author":1,"featured_media":0,"parent":0,"menu_order":0,"comment_status":"closed","ping_status":"closed","template":"","meta":{"_acf_changed":false,"site-sidebar-layout":"no-sidebar","site-content-layout":"page-builder","ast-site-content-layout":"default","site-content-style":"default","site-sidebar-style":"default","ast-global-header-display":"","ast-banner-title-visibility":"","ast-main-header-display":"","ast-hfb-above-header-display":"","ast-hfb-below-header-display":"","ast-hfb-mobile-header-display":"","site-post-title":"disabled","ast-breadcrumbs-content":"","ast-featured-img":"disabled","footer-sml-layout":"","ast-disable-related-posts":"","theme-transparent-header-meta":"","adv-header-id-meta":"","stick-header-meta":"","header-above-stick-meta":"","header-main-stick-meta":"","header-below-stick-meta":"","astra-migrate-meta-layouts":"default","ast-page-background-enabled":"default","ast-page-background-meta":{"desktop":{"background-color":"var(--ast-global-color-4)","background-image":"","background-repeat":"repeat","background-position":"center center","background-size":"auto","background-attachment":"scroll","background-type":"","background-media":"","overlay-type":"","overlay-color":"","overlay-opacity":"","overlay-gradient":""},"tablet":{"background-color":"","background-image":"","background-repeat":"repeat","background-position":"center center","background-size":"auto","background-attachment":"scroll","background-type":"","background-media":"","overlay-type":"","overlay-color":"","overlay-opacity":"","overlay-gradient":""},"mobile":{"background-color":"","background-image":"","background-repeat":"repeat","background-position":"center center","background-size":"auto","background-attachment":"scroll","background-type":"","background-media":"","overlay-type":"","overlay-color":"","overlay-opacity":"","overlay-gradient":""}},"ast-content-background-meta":{"desktop":{"background-color":"var(--ast-global-color-5)","background-image":"","background-repeat":"repeat","background-position":"center center","background-size":"auto","background-attachment":"scroll","background-type":"","background-media":"","overlay-type":"","overlay-color":"","overlay-opacity":"","overlay-gradient":""},"tablet":{"background-color":"var(--ast-global-color-5)","background-image":"","background-repeat":"repeat","background-position":"center center","background-size":"auto","background-attachment":"scroll","background-type":"","background-media":"","overlay-type":"","overlay-color":"","overlay-opacity":"","overlay-gradient":""},"mobile":{"background-color":"var(--ast-global-color-5)","background-image":"","background-repeat":"repeat","background-position":"center center","background-size":"auto","background-attachment":"scroll","background-type":"","background-media":"","overlay-type":"","overlay-color":"","overlay-opacity":"","overlay-gradient":""}},"footnotes":""},"categories":[],"tags":[],"class_list":["post-1751","page","type-page","status-publish","hentry"],"acf":[],"_links":{"self":[{"href":"https:\/\/nourrirunmondedeforeste.org\/es\/wp-json\/wp\/v2\/pages\/1751","targetHints":{"allow":["GET"]}}],"collection":[{"href":"https:\/\/nourrirunmondedeforeste.org\/es\/wp-json\/wp\/v2\/pages"}],"about":[{"href":"https:\/\/nourrirunmondedeforeste.org\/es\/wp-json\/wp\/v2\/types\/page"}],"author":[{"embeddable":true,"href":"https:\/\/nourrirunmondedeforeste.org\/es\/wp-json\/wp\/v2\/users\/1"}],"replies":[{"embeddable":true,"href":"https:\/\/nourrirunmondedeforeste.org\/es\/wp-json\/wp\/v2\/comments?post=1751"}],"version-history":[{"count":0,"href":"https:\/\/nourrirunmondedeforeste.org\/es\/wp-json\/wp\/v2\/pages\/1751\/revisions"}],"wp:attachment":[{"href":"https:\/\/nourrirunmondedeforeste.org\/es\/wp-json\/wp\/v2\/media?parent=1751"}],"wp:term":[{"taxonomy":"category","embeddable":true,"href":"https:\/\/nourrirunmondedeforeste.org\/es\/wp-json\/wp\/v2\/categories?post=1751"},{"taxonomy":"post_tag","embeddable":true,"href":"https:\/\/nourrirunmondedeforeste.org\/es\/wp-json\/wp\/v2\/tags?post=1751"}],"curies":[{"name":"wp","href":"https:\/\/api.w.org\/{rel}","templated":true}]}}