{"id":1603,"date":"2022-05-17T10:22:00","date_gmt":"2022-05-17T10:22:00","guid":{"rendered":"https:\/\/nourrirunmondedeforeste.org\/nuestra-solicitud\/"},"modified":"2022-05-31T07:17:12","modified_gmt":"2022-05-31T07:17:12","slug":"nuestra-solicitud","status":"publish","type":"page","link":"https:\/\/nourrirunmondedeforeste.org\/es\/nuestra-solicitud\/","title":{"rendered":"Nuestra solicitud"},"content":{"rendered":"\t\t<div data-elementor-type=\"wp-page\" data-elementor-id=\"1603\" class=\"elementor elementor-1603 elementor-107\">\n\t\t\t\t\t\t<section class=\"elementor-section elementor-top-section elementor-element elementor-element-64391e20 elementor-section-full_width elementor-section-height-min-height elementor-section-height-default elementor-section-items-middle elementor-invisible\" data-id=\"64391e20\" data-element_type=\"section\" data-e-type=\"section\" data-settings=\"{&quot;background_background&quot;:&quot;classic&quot;,&quot;animation&quot;:&quot;zoomIn&quot;}\">\n\t\t\t\t\t\t<div class=\"elementor-container elementor-column-gap-default\">\n\t\t\t\t\t<div class=\"elementor-column elementor-col-100 elementor-top-column elementor-element elementor-element-3cbe7636\" data-id=\"3cbe7636\" data-element_type=\"column\" data-e-type=\"column\">\n\t\t\t<div class=\"elementor-widget-wrap elementor-element-populated\">\n\t\t\t\t\t\t<div class=\"elementor-element elementor-element-47426adf elementor-widget__width-auto elementor-widget elementor-widget-heading\" data-id=\"47426adf\" data-element_type=\"widget\" data-e-type=\"widget\" data-widget_type=\"heading.default\">\n\t\t\t\t<div class=\"elementor-widget-container\">\n\t\t\t\t\t<h1 class=\"elementor-heading-title elementor-size-default\">Nuestra solicitud<\/h1>\t\t\t\t<\/div>\n\t\t\t\t<\/div>\n\t\t\t\t\t<\/div>\n\t\t<\/div>\n\t\t\t\t\t<\/div>\n\t\t<\/section>\n\t\t\t\t<section class=\"elementor-section elementor-top-section elementor-element elementor-element-42f557e elementor-section-boxed elementor-section-height-default elementor-section-height-default\" data-id=\"42f557e\" data-element_type=\"section\" data-e-type=\"section\">\n\t\t\t\t\t\t<div class=\"elementor-container elementor-column-gap-default\">\n\t\t\t\t\t<div class=\"elementor-column elementor-col-100 elementor-top-column elementor-element elementor-element-c0cf459\" data-id=\"c0cf459\" data-element_type=\"column\" data-e-type=\"column\">\n\t\t\t<div class=\"elementor-widget-wrap elementor-element-populated\">\n\t\t\t\t\t\t<div class=\"elementor-element elementor-element-588f5db elementor-widget elementor-widget-text-editor\" data-id=\"588f5db\" data-element_type=\"widget\" data-e-type=\"widget\" data-widget_type=\"text-editor.default\">\n\t\t\t\t<div class=\"elementor-widget-container\">\n\t\t\t\t\t\t\t\t\t<p><span style=\"font-weight: 400;\">Las organizaciones de los pueblos ind\u00edgenas exigen una reparaci\u00f3n por los da\u00f1os causados \u200b\u200ba sus tierras ancestrales y el impacto en sus medios de vida por la falta de vigilancia del grupo Casino. En efecto, ven sus tierras destruidas y ocupadas ilegalmente por campesinos, priv\u00e1ndolos al mismo tiempo de sus medios de subsistencia. <\/span><\/p><p><span style=\"font-weight: 400;\">Por lo tanto, la coalici\u00f3n de asociaciones pide al grupo Casino que respete sus obligaciones legales tomando las medidas necesarias para excluir toda la carne vacuna deforestada de su cadena de suministro.<\/span><br><br><\/p><h5><strong>En particular, le pide a Casino que:<\/strong><\/h5><ul><li><span style=\"font-weight: 400;\"> Establecer <\/span><b>un mapeo que presente, analice y priorice los riesgos de da\u00f1o grave <\/b><span style=\"font-weight: 400;\">derivados del abastecimiento de carne bovina a las filiales de Casino en Sudam\u00e9rica, particularmente en Brasil y Colombia, <\/span><b>actualizado peri\u00f3dicamente <\/b><span style=\"font-weight: 400;\"><span style=\"font-weight: 400;\">para tomar en cuenta las pr\u00e1cticas observadas en la cadena bovina desde la primera etapa. de la producci\u00f3n de carne de vacuno (asociando as\u00ed todas las explotaciones indirectas, incluidas las denominadas pr\u00e1cticas de \u00abblanqueo de ganado\u00bb, con las explotaciones directas)<\/span><\/span><\/li><\/ul><ul><li style=\"font-weight: 400;\" aria-level=\"1\"><span style=\"font-weight: 400;\">Adoptar <\/span><b>medidas para evaluar la situaci\u00f3n de los proveedores y acciones apropiadas para mitigar los riesgos y prevenir da\u00f1os graves,<\/b><span style=\"font-weight: 400;\">a fin de excluir toda la carne proveniente de granjas (\u00e1reas de suministro y\/o proveedores directos e indirectos) que hayan contribuido a la deforestaci\u00f3n o conversi\u00f3n de ecosistemas<\/span><i><span style=\"font-weight: 400;\">(como se define por la Iniciativa del Marco de Responsabilidad),<\/span><\/i><span style=\"font-weight: 400;\"><span style=\"font-weight: 400;\">han utilizado trabajo forzoso o condiciones de trabajo degradantes o han violado los derechos de las poblaciones ind\u00edgenas, en particular al implementar la trazabilidad completa de todos sus proveedores directos e indirectos en sus cadenas de suministro.<\/span><\/span><br><hr><\/li><li> <span style=\"font-weight: 400;\"> Evaluar <\/span><b> p\u00fablica y peri\u00f3dicamente la eficacia y eficiencia de las medidas de vigilancia,<\/b><span style=\"font-weight: 400;\"> en base a indicadores de medios y resultados, con la participaci\u00f3n de partes interesadas externas. Proporcionar una lista anual de todos sus proveedores de productos c\u00e1rnicos.<\/span><\/li><\/ul>\t\t\t\t\t\t\t\t<\/div>\n\t\t\t\t<\/div>\n\t\t\t\t\t<\/div>\n\t\t<\/div>\n\t\t\t\t\t<\/div>\n\t\t<\/section>\n\t\t\t\t<\/div>\n\t\t","protected":false},"excerpt":{"rendered":"<p>Nuestra solicitud Las organizaciones de los pueblos ind\u00edgenas exigen una reparaci\u00f3n por los da\u00f1os causados \u200b\u200ba sus tierras ancestrales y el impacto en sus medios de vida por la falta de vigilancia del grupo Casino. En efecto, ven sus tierras destruidas y ocupadas ilegalmente por campesinos, priv\u00e1ndolos al mismo tiempo de sus medios de subsistencia. [&hellip;]<\/p>\n","protected":false},"author":1,"featured_media":0,"parent":0,"menu_order":0,"comment_status":"closed","ping_status":"closed","template":"elementor_header_footer","meta":{"_acf_changed":false,"site-sidebar-layout":"default","site-content-layout":"","ast-site-content-layout":"default","site-content-style":"default","site-sidebar-style":"default","ast-global-header-display":"","ast-banner-title-visibility":"","ast-main-header-display":"","ast-hfb-above-header-display":"","ast-hfb-below-header-display":"","ast-hfb-mobile-header-display":"","site-post-title":"","ast-breadcrumbs-content":"","ast-featured-img":"","footer-sml-layout":"","ast-disable-related-posts":"","theme-transparent-header-meta":"","adv-header-id-meta":"","stick-header-meta":"","header-above-stick-meta":"","header-main-stick-meta":"","header-below-stick-meta":"","astra-migrate-meta-layouts":"default","ast-page-background-enabled":"default","ast-page-background-meta":{"desktop":{"background-color":"var(--ast-global-color-4)","background-image":"","background-repeat":"repeat","background-position":"center center","background-size":"auto","background-attachment":"scroll","background-type":"","background-media":"","overlay-type":"","overlay-color":"","overlay-opacity":"","overlay-gradient":""},"tablet":{"background-color":"","background-image":"","background-repeat":"repeat","background-position":"center center","background-size":"auto","background-attachment":"scroll","background-type":"","background-media":"","overlay-type":"","overlay-color":"","overlay-opacity":"","overlay-gradient":""},"mobile":{"background-color":"","background-image":"","background-repeat":"repeat","background-position":"center center","background-size":"auto","background-attachment":"scroll","background-type":"","background-media":"","overlay-type":"","overlay-color":"","overlay-opacity":"","overlay-gradient":""}},"ast-content-background-meta":{"desktop":{"background-color":"var(--ast-global-color-5)","background-image":"","background-repeat":"repeat","background-position":"center center","background-size":"auto","background-attachment":"scroll","background-type":"","background-media":"","overlay-type":"","overlay-color":"","overlay-opacity":"","overlay-gradient":""},"tablet":{"background-color":"var(--ast-global-color-5)","background-image":"","background-repeat":"repeat","background-position":"center center","background-size":"auto","background-attachment":"scroll","background-type":"","background-media":"","overlay-type":"","overlay-color":"","overlay-opacity":"","overlay-gradient":""},"mobile":{"background-color":"var(--ast-global-color-5)","background-image":"","background-repeat":"repeat","background-position":"center center","background-size":"auto","background-attachment":"scroll","background-type":"","background-media":"","overlay-type":"","overlay-color":"","overlay-opacity":"","overlay-gradient":""}},"footnotes":""},"categories":[],"tags":[],"class_list":["post-1603","page","type-page","status-publish","hentry"],"acf":[],"_links":{"self":[{"href":"https:\/\/nourrirunmondedeforeste.org\/es\/wp-json\/wp\/v2\/pages\/1603","targetHints":{"allow":["GET"]}}],"collection":[{"href":"https:\/\/nourrirunmondedeforeste.org\/es\/wp-json\/wp\/v2\/pages"}],"about":[{"href":"https:\/\/nourrirunmondedeforeste.org\/es\/wp-json\/wp\/v2\/types\/page"}],"author":[{"embeddable":true,"href":"https:\/\/nourrirunmondedeforeste.org\/es\/wp-json\/wp\/v2\/users\/1"}],"replies":[{"embeddable":true,"href":"https:\/\/nourrirunmondedeforeste.org\/es\/wp-json\/wp\/v2\/comments?post=1603"}],"version-history":[{"count":0,"href":"https:\/\/nourrirunmondedeforeste.org\/es\/wp-json\/wp\/v2\/pages\/1603\/revisions"}],"wp:attachment":[{"href":"https:\/\/nourrirunmondedeforeste.org\/es\/wp-json\/wp\/v2\/media?parent=1603"}],"wp:term":[{"taxonomy":"category","embeddable":true,"href":"https:\/\/nourrirunmondedeforeste.org\/es\/wp-json\/wp\/v2\/categories?post=1603"},{"taxonomy":"post_tag","embeddable":true,"href":"https:\/\/nourrirunmondedeforeste.org\/es\/wp-json\/wp\/v2\/tags?post=1603"}],"curies":[{"name":"wp","href":"https:\/\/api.w.org\/{rel}","templated":true}]}}