{"id":1599,"date":"2022-05-17T10:14:37","date_gmt":"2022-05-17T10:14:37","guid":{"rendered":"https:\/\/nourrirunmondedeforeste.org\/de-lo-que-se-acusa-a-casino-dano-ambiental-y-violacion-de-los-derechos-humanos\/"},"modified":"2022-05-31T07:06:20","modified_gmt":"2022-05-31T07:06:20","slug":"de-lo-que-se-acusa-a-casino-dano-ambiental-y-violacion-de-los-derechos-humanos","status":"publish","type":"page","link":"https:\/\/nourrirunmondedeforeste.org\/es\/de-lo-que-se-acusa-a-casino-dano-ambiental-y-violacion-de-los-derechos-humanos\/","title":{"rendered":"De lo que se acusa a Casino: Da\u00f1o ambiental y violaci\u00f3n de los derechos humanos"},"content":{"rendered":"\t\t<div data-elementor-type=\"wp-page\" data-elementor-id=\"1599\" class=\"elementor elementor-1599 elementor-101\">\n\t\t\t\t\t\t<section class=\"elementor-section elementor-top-section elementor-element elementor-element-18077b4d elementor-section-full_width elementor-section-height-min-height elementor-section-height-default elementor-section-items-middle elementor-invisible\" data-id=\"18077b4d\" data-element_type=\"section\" data-e-type=\"section\" data-settings=\"{&quot;background_background&quot;:&quot;classic&quot;,&quot;animation&quot;:&quot;zoomIn&quot;}\">\n\t\t\t\t\t\t<div class=\"elementor-container elementor-column-gap-default\">\n\t\t\t\t\t<div class=\"elementor-column elementor-col-33 elementor-top-column elementor-element elementor-element-582e7798\" data-id=\"582e7798\" data-element_type=\"column\" data-e-type=\"column\">\n\t\t\t<div class=\"elementor-widget-wrap\">\n\t\t\t\t\t\t\t<\/div>\n\t\t<\/div>\n\t\t\t\t<div class=\"elementor-column elementor-col-33 elementor-top-column elementor-element elementor-element-53b3b9a4\" data-id=\"53b3b9a4\" data-element_type=\"column\" data-e-type=\"column\">\n\t\t\t<div class=\"elementor-widget-wrap elementor-element-populated\">\n\t\t\t\t\t\t<div class=\"elementor-element elementor-element-3bd075cc elementor-widget__width-auto elementor-widget elementor-widget-heading\" data-id=\"3bd075cc\" data-element_type=\"widget\" data-e-type=\"widget\" data-widget_type=\"heading.default\">\n\t\t\t\t<div class=\"elementor-widget-container\">\n\t\t\t\t\t<h1 class=\"elementor-heading-title elementor-size-default\">De lo que se acusa a Casino:<\/h1>\t\t\t\t<\/div>\n\t\t\t\t<\/div>\n\t\t\t\t<div class=\"elementor-element elementor-element-75787db5 elementor-widget__width-auto elementor-widget elementor-widget-heading\" data-id=\"75787db5\" data-element_type=\"widget\" data-e-type=\"widget\" data-widget_type=\"heading.default\">\n\t\t\t\t<div class=\"elementor-widget-container\">\n\t\t\t\t\t<h1 class=\"elementor-heading-title elementor-size-default\">Da\u00f1o ambiental y violaci\u00f3n de los derechos humanos <\/h1>\t\t\t\t<\/div>\n\t\t\t\t<\/div>\n\t\t\t\t\t<\/div>\n\t\t<\/div>\n\t\t\t\t<div class=\"elementor-column elementor-col-33 elementor-top-column elementor-element elementor-element-4375d943\" data-id=\"4375d943\" data-element_type=\"column\" data-e-type=\"column\">\n\t\t\t<div class=\"elementor-widget-wrap\">\n\t\t\t\t\t\t\t<\/div>\n\t\t<\/div>\n\t\t\t\t\t<\/div>\n\t\t<\/section>\n\t\t\t\t<section class=\"elementor-section elementor-top-section elementor-element elementor-element-42f557e elementor-section-boxed elementor-section-height-default elementor-section-height-default\" data-id=\"42f557e\" data-element_type=\"section\" data-e-type=\"section\">\n\t\t\t\t\t\t<div class=\"elementor-container elementor-column-gap-default\">\n\t\t\t\t\t<div class=\"elementor-column elementor-col-100 elementor-top-column elementor-element elementor-element-c0cf459\" data-id=\"c0cf459\" data-element_type=\"column\" data-e-type=\"column\">\n\t\t\t<div class=\"elementor-widget-wrap elementor-element-populated\">\n\t\t\t\t\t\t<div class=\"elementor-element elementor-element-588f5db elementor-widget elementor-widget-text-editor\" data-id=\"588f5db\" data-element_type=\"widget\" data-e-type=\"widget\" data-widget_type=\"text-editor.default\">\n\t\t\t\t<div class=\"elementor-widget-container\">\n\t\t\t\t\t\t\t\t\t<p><span style=\"font-weight: 400;\">En junio de 2020, la asociaci\u00f3n Envol Vert public\u00f3<\/span><span style=\"font-weight: 400;\">una investigaci\u00f3n condenatoria,<\/span> <span style=\"font-weight: 400;\">destacando evidencia de pr\u00e1cticas recientes de deforestaci\u00f3n y acaparamiento de tierras vinculadas a la cadena de suministro del grupo Casino en Brasil. La investigaci\u00f3n se bas\u00f3 en muestras de productos c\u00e1rnicos vendidos en varios supermercados del grupo. <\/span><\/p><p><span style=\"font-weight: 400;\">Seg\u00fan evidencia reciente recopilada por el Centro para el An\u00e1lisis de Cr\u00edmenes Clim\u00e1ticos, el Grupo Casino compraba regularmente carne de res de tres mataderos que obtienen ganado de 592 proveedores responsables de al menos 50,000 hect\u00e1reas de deforestaci\u00f3n entre 2008 y 2020. Esta es un \u00e1rea equivalente a cinco veces el Tama\u00f1o de Par\u00eds.<\/span><\/p><p><span style=\"font-weight: 400;\">Sin embargo, el grupo Casino no tiene excusa para no asegurar que toda la carne, incluso la de granjas indirectas, vendida en sus tiendas no est\u00e9 vinculada a pr\u00e1cticas de deforestaci\u00f3n u otras violaciones. De hecho, muchas herramientas de trazabilidad existentes y disponibles permiten rastrear el origen de los diversos productos vendidos por el grupo<\/span><span style=\"font-weight: 400;\">.\u00b9<\/span><\/p><p><span style=\"font-weight: 400;\">La prueba presentada en este caso tambi\u00e9n demuestra violaciones<\/span> <span style=\"font-weight: 400;\">a los derechos de los pueblos ind\u00edgenas. En particular, se inform\u00f3 que las tierras ancestrales de propiedad y administraci\u00f3n de la comunidad Uru Eu Wau Wau en el estado de Rond\u00f4nia, Brasil, fueron invadidas para permitir el pastoreo de haciendas ganaderas que abastecen de carne al Grupo P\u00e3o de A\u00e7\u00facar, filial del Casino.<\/span><\/p><p><span style=\"font-weight: 400;\">Sin embargo, desde 2017, Groupe Casino est\u00e1 sujeto a la ley francesa sobre el deber de vigilancia de las empresas matrices y directores. que le obliga a tomar las medidas apropiadas y efectivas para prevenir graves violaciones a los derechos humanos, al medio ambiente ya la salud y seguridad de las personas como resultado de sus actividades, las de sus subsidiarias, proveedores y subcontratistas. Si bien el grupo Casino reconoce expl\u00edcitamente que la cadena de suministro de carne vacuna en Brasil y Colombia est\u00e1 expuesta a riesgos extremadamente graves, su pol\u00edtica en esta \u00e1rea es claramente deficiente. <\/span><\/p><p><span style=\"font-weight: 400;\">El Grupo Casino es una de las mayores cadenas<\/span><span style=\"font-weight: 400;\"> de supermercados <\/span> <span style=\"font-weight: 400;\">de Brasil y Colombia, a trav\u00e9s de sus filiales Grupo P\u00e3o de A\u00e7\u00facar, Assa\u00ef Atacadista, Grupo \u00c9xito y muchas otras. Las actividades de Casino en Am\u00e9rica del Sur representan casi la mitad (47 %) de los ingresos del grupo<\/span><span style=\"font-weight: 400;\">.\u00b2<\/span><\/p><hr><p>1 <a style=\"font-size: 12px;\" href=\"https:\/\/gtfi.org.br\/monitoramento-de-indiretos\/#atuacao\" target=\"_blank\" rel=\"noopener\">https:\/\/gtfi.org.br\/monitoramento-de-indiretos\/#atuacao<\/a><br>2 <a style=\"font-size: 12px;\" href=\"https:\/\/www.groupe-casino.fr\/wp-content\/uploads\/2021\/03\/CASINO_URD_2021.html\" target=\"_blank\" rel=\"noopener\">https:\/\/www.groupe-casino.fr\/wp-content\/uploads\/2021\/03\/CASINO_URD_2021.html<\/a><\/p>\t\t\t\t\t\t\t\t<\/div>\n\t\t\t\t<\/div>\n\t\t\t\t\t<\/div>\n\t\t<\/div>\n\t\t\t\t\t<\/div>\n\t\t<\/section>\n\t\t\t\t<section class=\"elementor-section elementor-top-section elementor-element elementor-element-0fdeddc elementor-section-boxed elementor-section-height-default elementor-section-height-default\" data-id=\"0fdeddc\" data-element_type=\"section\" data-e-type=\"section\">\n\t\t\t\t\t\t<div class=\"elementor-container elementor-column-gap-default\">\n\t\t\t\t\t<div class=\"elementor-column elementor-col-50 elementor-top-column elementor-element elementor-element-6e51c2d\" data-id=\"6e51c2d\" data-element_type=\"column\" data-e-type=\"column\">\n\t\t\t<div class=\"elementor-widget-wrap elementor-element-populated\">\n\t\t\t\t\t\t<div class=\"elementor-element elementor-element-d579290 elementor-widget elementor-widget-image\" data-id=\"d579290\" data-element_type=\"widget\" data-e-type=\"widget\" data-widget_type=\"image.default\">\n\t\t\t\t<div class=\"elementor-widget-container\">\n\t\t\t\t\t\t\t\t\t\t\t\t\t\t\t<img fetchpriority=\"high\" decoding=\"async\" width=\"900\" height=\"675\" src=\"https:\/\/nourrirunmondedeforeste.org\/wp-content\/uploads\/2022\/05\/13-2_w.jpg\" class=\"attachment-large size-large wp-image-1165\" alt=\"\" srcset=\"https:\/\/nourrirunmondedeforeste.org\/wp-content\/uploads\/2022\/05\/13-2_w.jpg 900w, https:\/\/nourrirunmondedeforeste.org\/wp-content\/uploads\/2022\/05\/13-2_w-300x225.jpg 300w, https:\/\/nourrirunmondedeforeste.org\/wp-content\/uploads\/2022\/05\/13-2_w-768x576.jpg 768w\" sizes=\"(max-width: 900px) 100vw, 900px\" \/>\t\t\t\t\t\t\t\t\t\t\t\t\t\t\t<\/div>\n\t\t\t\t<\/div>\n\t\t\t\t\t<\/div>\n\t\t<\/div>\n\t\t\t\t<div class=\"elementor-column elementor-col-50 elementor-top-column elementor-element elementor-element-cdc1c38\" data-id=\"cdc1c38\" data-element_type=\"column\" data-e-type=\"column\">\n\t\t\t<div class=\"elementor-widget-wrap elementor-element-populated\">\n\t\t\t\t\t\t<div class=\"elementor-element elementor-element-63bd3e0 elementor-widget elementor-widget-text-editor\" data-id=\"63bd3e0\" data-element_type=\"widget\" data-e-type=\"widget\" data-widget_type=\"text-editor.default\">\n\t\t\t\t<div class=\"elementor-widget-container\">\n\t\t\t\t\t\t\t\t\t<h4><strong>&#8211;<\/strong><\/h4><p><span style=\"font-weight: 400;\"><br>&#8211; <\/span><\/p><p><span style=\"font-weight: 400;\">&#8211; <\/span><b>&#8211;<\/b><span style=\"font-weight: 400;\"> &#8211; <\/span><b>&#8211;<\/b><span style=\"font-weight: 400;\">. <\/span> <\/p><p><span style=\"font-weight: 400;\">&#8211; <\/span><\/p>\t\t\t\t\t\t\t\t<\/div>\n\t\t\t\t<\/div>\n\t\t\t\t\t<\/div>\n\t\t<\/div>\n\t\t\t\t\t<\/div>\n\t\t<\/section>\n\t\t\t\t<\/div>\n\t\t","protected":false},"excerpt":{"rendered":"<p>De lo que se acusa a Casino: Da\u00f1o ambiental y violaci\u00f3n de los derechos humanos En junio de 2020, la asociaci\u00f3n Envol Vert public\u00f3una investigaci\u00f3n condenatoria, destacando evidencia de pr\u00e1cticas recientes de deforestaci\u00f3n y acaparamiento de tierras vinculadas a la cadena de suministro del grupo Casino en Brasil. La investigaci\u00f3n se bas\u00f3 en muestras de [&hellip;]<\/p>\n","protected":false},"author":1,"featured_media":0,"parent":0,"menu_order":0,"comment_status":"closed","ping_status":"closed","template":"elementor_header_footer","meta":{"_acf_changed":false,"site-sidebar-layout":"default","site-content-layout":"","ast-site-content-layout":"default","site-content-style":"default","site-sidebar-style":"default","ast-global-header-display":"","ast-banner-title-visibility":"","ast-main-header-display":"","ast-hfb-above-header-display":"","ast-hfb-below-header-display":"","ast-hfb-mobile-header-display":"","site-post-title":"","ast-breadcrumbs-content":"","ast-featured-img":"","footer-sml-layout":"","ast-disable-related-posts":"","theme-transparent-header-meta":"","adv-header-id-meta":"","stick-header-meta":"","header-above-stick-meta":"","header-main-stick-meta":"","header-below-stick-meta":"","astra-migrate-meta-layouts":"default","ast-page-background-enabled":"default","ast-page-background-meta":{"desktop":{"background-color":"var(--ast-global-color-4)","background-image":"","background-repeat":"repeat","background-position":"center center","background-size":"auto","background-attachment":"scroll","background-type":"","background-media":"","overlay-type":"","overlay-color":"","overlay-opacity":"","overlay-gradient":""},"tablet":{"background-color":"","background-image":"","background-repeat":"repeat","background-position":"center center","background-size":"auto","background-attachment":"scroll","background-type":"","background-media":"","overlay-type":"","overlay-color":"","overlay-opacity":"","overlay-gradient":""},"mobile":{"background-color":"","background-image":"","background-repeat":"repeat","background-position":"center center","background-size":"auto","background-attachment":"scroll","background-type":"","background-media":"","overlay-type":"","overlay-color":"","overlay-opacity":"","overlay-gradient":""}},"ast-content-background-meta":{"desktop":{"background-color":"var(--ast-global-color-5)","background-image":"","background-repeat":"repeat","background-position":"center center","background-size":"auto","background-attachment":"scroll","background-type":"","background-media":"","overlay-type":"","overlay-color":"","overlay-opacity":"","overlay-gradient":""},"tablet":{"background-color":"var(--ast-global-color-5)","background-image":"","background-repeat":"repeat","background-position":"center center","background-size":"auto","background-attachment":"scroll","background-type":"","background-media":"","overlay-type":"","overlay-color":"","overlay-opacity":"","overlay-gradient":""},"mobile":{"background-color":"var(--ast-global-color-5)","background-image":"","background-repeat":"repeat","background-position":"center center","background-size":"auto","background-attachment":"scroll","background-type":"","background-media":"","overlay-type":"","overlay-color":"","overlay-opacity":"","overlay-gradient":""}},"footnotes":""},"categories":[],"tags":[],"class_list":["post-1599","page","type-page","status-publish","hentry"],"acf":[],"_links":{"self":[{"href":"https:\/\/nourrirunmondedeforeste.org\/es\/wp-json\/wp\/v2\/pages\/1599","targetHints":{"allow":["GET"]}}],"collection":[{"href":"https:\/\/nourrirunmondedeforeste.org\/es\/wp-json\/wp\/v2\/pages"}],"about":[{"href":"https:\/\/nourrirunmondedeforeste.org\/es\/wp-json\/wp\/v2\/types\/page"}],"author":[{"embeddable":true,"href":"https:\/\/nourrirunmondedeforeste.org\/es\/wp-json\/wp\/v2\/users\/1"}],"replies":[{"embeddable":true,"href":"https:\/\/nourrirunmondedeforeste.org\/es\/wp-json\/wp\/v2\/comments?post=1599"}],"version-history":[{"count":0,"href":"https:\/\/nourrirunmondedeforeste.org\/es\/wp-json\/wp\/v2\/pages\/1599\/revisions"}],"wp:attachment":[{"href":"https:\/\/nourrirunmondedeforeste.org\/es\/wp-json\/wp\/v2\/media?parent=1599"}],"wp:term":[{"taxonomy":"category","embeddable":true,"href":"https:\/\/nourrirunmondedeforeste.org\/es\/wp-json\/wp\/v2\/categories?post=1599"},{"taxonomy":"post_tag","embeddable":true,"href":"https:\/\/nourrirunmondedeforeste.org\/es\/wp-json\/wp\/v2\/tags?post=1599"}],"curies":[{"name":"wp","href":"https:\/\/api.w.org\/{rel}","templated":true}]}}