{"id":1508,"date":"2022-05-31T05:05:34","date_gmt":"2022-05-31T05:05:34","guid":{"rendered":"https:\/\/nourrirunmondedeforeste.org\/?page_id=1508"},"modified":"2022-05-31T05:05:36","modified_gmt":"2022-05-31T05:05:36","slug":"doblecara-casino-conminados","status":"publish","type":"page","link":"https:\/\/nourrirunmondedeforeste.org\/es\/doblecara-casino-conminados\/","title":{"rendered":"#DOBLECARA: CASINO CONMINADOS"},"content":{"rendered":"\t\t<div data-elementor-type=\"wp-page\" data-elementor-id=\"1508\" class=\"elementor elementor-1508\">\n\t\t\t\t\t\t<section class=\"elementor-section elementor-top-section elementor-element elementor-element-59a2139f elementor-section-boxed elementor-section-height-default elementor-section-height-default\" data-id=\"59a2139f\" data-element_type=\"section\" data-e-type=\"section\">\n\t\t\t\t\t\t<div class=\"elementor-container elementor-column-gap-default\">\n\t\t\t\t\t<div class=\"elementor-column elementor-col-50 elementor-top-column elementor-element elementor-element-48978b23\" data-id=\"48978b23\" data-element_type=\"column\" data-e-type=\"column\">\n\t\t\t<div class=\"elementor-widget-wrap elementor-element-populated\">\n\t\t\t\t\t\t<div class=\"elementor-element elementor-element-106d6483 elementor-widget elementor-widget-image\" data-id=\"106d6483\" data-element_type=\"widget\" data-e-type=\"widget\" data-widget_type=\"image.default\">\n\t\t\t\t<div class=\"elementor-widget-container\">\n\t\t\t\t\t\t\t\t\t\t\t\t\t\t\t<img fetchpriority=\"high\" decoding=\"async\" width=\"1024\" height=\"512\" src=\"https:\/\/nourrirunmondedeforeste.org\/wp-content\/uploads\/2022\/05\/Featured-Image-Casino-1200x600_2-1024x512.png\" class=\"attachment-large size-large wp-image-282\" alt=\"\" srcset=\"https:\/\/nourrirunmondedeforeste.org\/wp-content\/uploads\/2022\/05\/Featured-Image-Casino-1200x600_2-1024x512.png 1024w, https:\/\/nourrirunmondedeforeste.org\/wp-content\/uploads\/2022\/05\/Featured-Image-Casino-1200x600_2-300x150.png 300w, https:\/\/nourrirunmondedeforeste.org\/wp-content\/uploads\/2022\/05\/Featured-Image-Casino-1200x600_2-768x384.png 768w, https:\/\/nourrirunmondedeforeste.org\/wp-content\/uploads\/2022\/05\/Featured-Image-Casino-1200x600_2.png 1200w\" sizes=\"(max-width: 1024px) 100vw, 1024px\" \/>\t\t\t\t\t\t\t\t\t\t\t\t\t\t\t<\/div>\n\t\t\t\t<\/div>\n\t\t\t\t\t<\/div>\n\t\t<\/div>\n\t\t\t\t<div class=\"elementor-column elementor-col-50 elementor-top-column elementor-element elementor-element-19e64e28\" data-id=\"19e64e28\" data-element_type=\"column\" data-e-type=\"column\">\n\t\t\t<div class=\"elementor-widget-wrap elementor-element-populated\">\n\t\t\t\t\t\t<div class=\"elementor-element elementor-element-4bb33f0e elementor-widget elementor-widget-text-editor\" data-id=\"4bb33f0e\" data-element_type=\"widget\" data-e-type=\"widget\" data-widget_type=\"text-editor.default\">\n\t\t\t\t<div class=\"elementor-widget-container\">\n\t\t\t\t\t\t\t\t\t<h3><b>#DOBLECARA: CASINO CONMINADOS<\/b><\/h3><p><strong>A ra\u00edz de una investigaci\u00f3n, una coalici\u00f3n internacional de asociaciones (Canop\u00e9e, CPT, Envol Vert, FNE, Mighty Earth, Notre Affaire \u00e0 Tous y Sherpa) y de organizaciones que representan a los pueblos ind\u00edgenas de Colombia y Brasil (OPIAC, COIAB, FEPIPA y FEPOIMT) ha emitido un requerimiento al grupo Casino para que adopte las medidas necesarias para excluir de su cadena de suministro en Brasil y Colombia la carne de vacuno procedente de la deforestaci\u00f3n y la invasi\u00f3n de territorios ind\u00edgenas. Si la empresa no cumple en el plazo de tres meses previsto por la ley, las organizaciones tienen la intenci\u00f3n de llevar el asunto ante el tribunal competente y tambi\u00e9n se reservan el derecho a pedir una indemnizaci\u00f3n por los da\u00f1os resultantes. <\/strong><\/p><p><span style=\"font-weight: 400;\">El grupo Casino es el primer minorista de Brasil a trav\u00e9s de su filial \u00abGrupo P\u00e3o de A\u00e7\u00facar\u00bb. Tiene una cuota de mercado del 15% en Brasil y casi la mitad de la facturaci\u00f3n global del grupo (47%) se genera en el mercado latinoamericano. <\/span><\/p><p><a href=\"https:\/\/envol-vert.org\/actu\/2020\/09\/doublejeu-casino-mis-en-demeure\/\"><span style=\"font-weight: 400;\">Para m\u00e1s informaci\u00f3n, pulse aqu\u00ed <\/span><\/a><\/p><p><a href=\"https:\/\/seattle-avocats.fr\/deforestation-de-lamazonie-le-groupe-casino-mis-en-demeure-par-plusieurs-ong\"><span style=\"font-weight: 400;\">Para leer las noticias de Seattle Avocat<\/span><\/a><\/p>\t\t\t\t\t\t\t\t<\/div>\n\t\t\t\t<\/div>\n\t\t\t\t\t<\/div>\n\t\t<\/div>\n\t\t\t\t\t<\/div>\n\t\t<\/section>\n\t\t\t\t<\/div>\n\t\t","protected":false},"excerpt":{"rendered":"<p>#DOBLECARA: CASINO CONMINADOS A ra\u00edz de una investigaci\u00f3n, una coalici\u00f3n internacional de asociaciones (Canop\u00e9e, CPT, Envol Vert, FNE, Mighty Earth, Notre Affaire \u00e0 Tous y Sherpa) y de organizaciones que representan a los pueblos ind\u00edgenas de Colombia y Brasil (OPIAC, COIAB, FEPIPA y FEPOIMT) ha emitido un requerimiento al grupo Casino para que adopte las [&hellip;]<\/p>\n","protected":false},"author":1,"featured_media":906,"parent":0,"menu_order":0,"comment_status":"closed","ping_status":"closed","template":"elementor_header_footer","meta":{"_acf_changed":false,"site-sidebar-layout":"default","site-content-layout":"","ast-site-content-layout":"default","site-content-style":"default","site-sidebar-style":"default","ast-global-header-display":"","ast-banner-title-visibility":"","ast-main-header-display":"","ast-hfb-above-header-display":"","ast-hfb-below-header-display":"","ast-hfb-mobile-header-display":"","site-post-title":"","ast-breadcrumbs-content":"","ast-featured-img":"","footer-sml-layout":"","ast-disable-related-posts":"","theme-transparent-header-meta":"","adv-header-id-meta":"","stick-header-meta":"","header-above-stick-meta":"","header-main-stick-meta":"","header-below-stick-meta":"","astra-migrate-meta-layouts":"default","ast-page-background-enabled":"default","ast-page-background-meta":{"desktop":{"background-color":"var(--ast-global-color-4)","background-image":"","background-repeat":"repeat","background-position":"center center","background-size":"auto","background-attachment":"scroll","background-type":"","background-media":"","overlay-type":"","overlay-color":"","overlay-opacity":"","overlay-gradient":""},"tablet":{"background-color":"","background-image":"","background-repeat":"repeat","background-position":"center center","background-size":"auto","background-attachment":"scroll","background-type":"","background-media":"","overlay-type":"","overlay-color":"","overlay-opacity":"","overlay-gradient":""},"mobile":{"background-color":"","background-image":"","background-repeat":"repeat","background-position":"center center","background-size":"auto","background-attachment":"scroll","background-type":"","background-media":"","overlay-type":"","overlay-color":"","overlay-opacity":"","overlay-gradient":""}},"ast-content-background-meta":{"desktop":{"background-color":"var(--ast-global-color-5)","background-image":"","background-repeat":"repeat","background-position":"center center","background-size":"auto","background-attachment":"scroll","background-type":"","background-media":"","overlay-type":"","overlay-color":"","overlay-opacity":"","overlay-gradient":""},"tablet":{"background-color":"var(--ast-global-color-5)","background-image":"","background-repeat":"repeat","background-position":"center center","background-size":"auto","background-attachment":"scroll","background-type":"","background-media":"","overlay-type":"","overlay-color":"","overlay-opacity":"","overlay-gradient":""},"mobile":{"background-color":"var(--ast-global-color-5)","background-image":"","background-repeat":"repeat","background-position":"center center","background-size":"auto","background-attachment":"scroll","background-type":"","background-media":"","overlay-type":"","overlay-color":"","overlay-opacity":"","overlay-gradient":""}},"footnotes":""},"categories":[24],"tags":[],"class_list":["post-1508","page","type-page","status-publish","has-post-thumbnail","hentry","category-actualidades"],"acf":[],"_links":{"self":[{"href":"https:\/\/nourrirunmondedeforeste.org\/es\/wp-json\/wp\/v2\/pages\/1508","targetHints":{"allow":["GET"]}}],"collection":[{"href":"https:\/\/nourrirunmondedeforeste.org\/es\/wp-json\/wp\/v2\/pages"}],"about":[{"href":"https:\/\/nourrirunmondedeforeste.org\/es\/wp-json\/wp\/v2\/types\/page"}],"author":[{"embeddable":true,"href":"https:\/\/nourrirunmondedeforeste.org\/es\/wp-json\/wp\/v2\/users\/1"}],"replies":[{"embeddable":true,"href":"https:\/\/nourrirunmondedeforeste.org\/es\/wp-json\/wp\/v2\/comments?post=1508"}],"version-history":[{"count":0,"href":"https:\/\/nourrirunmondedeforeste.org\/es\/wp-json\/wp\/v2\/pages\/1508\/revisions"}],"wp:featuredmedia":[{"embeddable":true,"href":"https:\/\/nourrirunmondedeforeste.org\/es\/wp-json\/wp\/v2\/media\/906"}],"wp:attachment":[{"href":"https:\/\/nourrirunmondedeforeste.org\/es\/wp-json\/wp\/v2\/media?parent=1508"}],"wp:term":[{"taxonomy":"category","embeddable":true,"href":"https:\/\/nourrirunmondedeforeste.org\/es\/wp-json\/wp\/v2\/categories?post=1508"},{"taxonomy":"post_tag","embeddable":true,"href":"https:\/\/nourrirunmondedeforeste.org\/es\/wp-json\/wp\/v2\/tags?post=1508"}],"curies":[{"name":"wp","href":"https:\/\/api.w.org\/{rel}","templated":true}]}}