{"id":1507,"date":"2022-05-31T05:05:15","date_gmt":"2022-05-31T05:05:15","guid":{"rendered":"https:\/\/nourrirunmondedeforeste.org\/?page_id=1507"},"modified":"2022-05-31T05:05:17","modified_gmt":"2022-05-31T05:05:17","slug":"casino-demandado","status":"publish","type":"page","link":"https:\/\/nourrirunmondedeforeste.org\/es\/casino-demandado\/","title":{"rendered":"\u00a1CASINO DEMANDADO!"},"content":{"rendered":"\t\t<div data-elementor-type=\"wp-page\" data-elementor-id=\"1507\" class=\"elementor elementor-1507\">\n\t\t\t\t\t\t<section class=\"elementor-section elementor-top-section elementor-element elementor-element-5ec320d8 elementor-section-boxed elementor-section-height-default elementor-section-height-default\" data-id=\"5ec320d8\" data-element_type=\"section\" data-e-type=\"section\">\n\t\t\t\t\t\t<div class=\"elementor-container elementor-column-gap-default\">\n\t\t\t\t\t<div class=\"elementor-column elementor-col-50 elementor-top-column elementor-element elementor-element-4b5e30c7\" data-id=\"4b5e30c7\" data-element_type=\"column\" data-e-type=\"column\">\n\t\t\t<div class=\"elementor-widget-wrap elementor-element-populated\">\n\t\t\t\t\t\t<div class=\"elementor-element elementor-element-3acdc09e elementor-widget elementor-widget-image\" data-id=\"3acdc09e\" data-element_type=\"widget\" data-e-type=\"widget\" data-widget_type=\"image.default\">\n\t\t\t\t<div class=\"elementor-widget-container\">\n\t\t\t\t\t\t\t\t\t\t\t\t\t\t\t<img fetchpriority=\"high\" decoding=\"async\" width=\"1024\" height=\"512\" src=\"https:\/\/nourrirunmondedeforeste.org\/wp-content\/uploads\/2022\/05\/Featured-Image-Casino-1200x600-1-1024x512.png\" class=\"attachment-large size-large wp-image-284\" alt=\"\" srcset=\"https:\/\/nourrirunmondedeforeste.org\/wp-content\/uploads\/2022\/05\/Featured-Image-Casino-1200x600-1-1024x512.png 1024w, https:\/\/nourrirunmondedeforeste.org\/wp-content\/uploads\/2022\/05\/Featured-Image-Casino-1200x600-1-300x150.png 300w, https:\/\/nourrirunmondedeforeste.org\/wp-content\/uploads\/2022\/05\/Featured-Image-Casino-1200x600-1-768x384.png 768w, https:\/\/nourrirunmondedeforeste.org\/wp-content\/uploads\/2022\/05\/Featured-Image-Casino-1200x600-1.png 1200w\" sizes=\"(max-width: 1024px) 100vw, 1024px\" \/>\t\t\t\t\t\t\t\t\t\t\t\t\t\t\t<\/div>\n\t\t\t\t<\/div>\n\t\t\t\t\t<\/div>\n\t\t<\/div>\n\t\t\t\t<div class=\"elementor-column elementor-col-50 elementor-top-column elementor-element elementor-element-73a5d864\" data-id=\"73a5d864\" data-element_type=\"column\" data-e-type=\"column\">\n\t\t\t<div class=\"elementor-widget-wrap elementor-element-populated\">\n\t\t\t\t\t\t<div class=\"elementor-element elementor-element-7a8666fd elementor-widget elementor-widget-text-editor\" data-id=\"7a8666fd\" data-element_type=\"widget\" data-e-type=\"widget\" data-widget_type=\"text-editor.default\">\n\t\t\t\t<div class=\"elementor-widget-container\">\n\t\t\t\t\t\t\t\t\t<h3><b>\u00a1CASINO DEMANDADO!<\/b><\/h3><p><strong>El mi\u00e9rcoles 3 de marzo de 2021, representantes de los pueblos ind\u00edgenas de la Amazonia brasile\u00f1a y colombiana, as\u00ed como organizaciones no gubernamentales (ONG) francesas y estadounidenses, llevar\u00e1n al grupo Casino a los tribunales de Saint-Etienne (Francia) por sus ventas de productos c\u00e1rnicos en Sudam\u00e9rica, Seg\u00fan las pruebas reunidas por el Centre d&#8217;Analyse de la Criminalit\u00e9 Climatique, el Grupo Casino habr\u00eda comprado regularmente carne de vacuno a tres mataderos que se abastecen de ganado de 592 proveedores responsables de al menos 50.000 hect\u00e1reas de deforestaci\u00f3n entre 2008 y 2020. Se trata de una superficie equivalente a cinco veces el tama\u00f1o de Par\u00eds.<\/strong><\/p><p><span style=\"font-weight: 400;\">Es la primera vez que una cadena de hipermercados es demandada por deforestaci\u00f3n y violaci\u00f3n de los derechos humanos en su cadena de suministro, en virtud de la Ley del Deber de Cuidado aprobada en marzo de 2017. <\/span><\/p><p><a href=\"https:\/\/envol-vert.org\/actu\/2021\/03\/casino-assigne-en-justice\/\"><span style=\"font-weight: 400;\">Haga clic aqu\u00ed para obtener m\u00e1s informaci\u00f3n<\/span><\/a><\/p>\t\t\t\t\t\t\t\t<\/div>\n\t\t\t\t<\/div>\n\t\t\t\t\t<\/div>\n\t\t<\/div>\n\t\t\t\t\t<\/div>\n\t\t<\/section>\n\t\t\t\t<\/div>\n\t\t","protected":false},"excerpt":{"rendered":"<p>\u00a1CASINO DEMANDADO! El mi\u00e9rcoles 3 de marzo de 2021, representantes de los pueblos ind\u00edgenas de la Amazonia brasile\u00f1a y colombiana, as\u00ed como organizaciones no gubernamentales (ONG) francesas y estadounidenses, llevar\u00e1n al grupo Casino a los tribunales de Saint-Etienne (Francia) por sus ventas de productos c\u00e1rnicos en Sudam\u00e9rica, Seg\u00fan las pruebas reunidas por el Centre d&#8217;Analyse [&hellip;]<\/p>\n","protected":false},"author":1,"featured_media":912,"parent":0,"menu_order":0,"comment_status":"closed","ping_status":"closed","template":"elementor_header_footer","meta":{"_acf_changed":false,"site-sidebar-layout":"default","site-content-layout":"","ast-site-content-layout":"default","site-content-style":"default","site-sidebar-style":"default","ast-global-header-display":"","ast-banner-title-visibility":"","ast-main-header-display":"","ast-hfb-above-header-display":"","ast-hfb-below-header-display":"","ast-hfb-mobile-header-display":"","site-post-title":"","ast-breadcrumbs-content":"","ast-featured-img":"","footer-sml-layout":"","ast-disable-related-posts":"","theme-transparent-header-meta":"","adv-header-id-meta":"","stick-header-meta":"","header-above-stick-meta":"","header-main-stick-meta":"","header-below-stick-meta":"","astra-migrate-meta-layouts":"default","ast-page-background-enabled":"default","ast-page-background-meta":{"desktop":{"background-color":"var(--ast-global-color-4)","background-image":"","background-repeat":"repeat","background-position":"center center","background-size":"auto","background-attachment":"scroll","background-type":"","background-media":"","overlay-type":"","overlay-color":"","overlay-opacity":"","overlay-gradient":""},"tablet":{"background-color":"","background-image":"","background-repeat":"repeat","background-position":"center center","background-size":"auto","background-attachment":"scroll","background-type":"","background-media":"","overlay-type":"","overlay-color":"","overlay-opacity":"","overlay-gradient":""},"mobile":{"background-color":"","background-image":"","background-repeat":"repeat","background-position":"center center","background-size":"auto","background-attachment":"scroll","background-type":"","background-media":"","overlay-type":"","overlay-color":"","overlay-opacity":"","overlay-gradient":""}},"ast-content-background-meta":{"desktop":{"background-color":"var(--ast-global-color-5)","background-image":"","background-repeat":"repeat","background-position":"center center","background-size":"auto","background-attachment":"scroll","background-type":"","background-media":"","overlay-type":"","overlay-color":"","overlay-opacity":"","overlay-gradient":""},"tablet":{"background-color":"var(--ast-global-color-5)","background-image":"","background-repeat":"repeat","background-position":"center center","background-size":"auto","background-attachment":"scroll","background-type":"","background-media":"","overlay-type":"","overlay-color":"","overlay-opacity":"","overlay-gradient":""},"mobile":{"background-color":"var(--ast-global-color-5)","background-image":"","background-repeat":"repeat","background-position":"center center","background-size":"auto","background-attachment":"scroll","background-type":"","background-media":"","overlay-type":"","overlay-color":"","overlay-opacity":"","overlay-gradient":""}},"footnotes":""},"categories":[24],"tags":[],"class_list":["post-1507","page","type-page","status-publish","has-post-thumbnail","hentry","category-actualidades"],"acf":[],"_links":{"self":[{"href":"https:\/\/nourrirunmondedeforeste.org\/es\/wp-json\/wp\/v2\/pages\/1507","targetHints":{"allow":["GET"]}}],"collection":[{"href":"https:\/\/nourrirunmondedeforeste.org\/es\/wp-json\/wp\/v2\/pages"}],"about":[{"href":"https:\/\/nourrirunmondedeforeste.org\/es\/wp-json\/wp\/v2\/types\/page"}],"author":[{"embeddable":true,"href":"https:\/\/nourrirunmondedeforeste.org\/es\/wp-json\/wp\/v2\/users\/1"}],"replies":[{"embeddable":true,"href":"https:\/\/nourrirunmondedeforeste.org\/es\/wp-json\/wp\/v2\/comments?post=1507"}],"version-history":[{"count":0,"href":"https:\/\/nourrirunmondedeforeste.org\/es\/wp-json\/wp\/v2\/pages\/1507\/revisions"}],"wp:featuredmedia":[{"embeddable":true,"href":"https:\/\/nourrirunmondedeforeste.org\/es\/wp-json\/wp\/v2\/media\/912"}],"wp:attachment":[{"href":"https:\/\/nourrirunmondedeforeste.org\/es\/wp-json\/wp\/v2\/media?parent=1507"}],"wp:term":[{"taxonomy":"category","embeddable":true,"href":"https:\/\/nourrirunmondedeforeste.org\/es\/wp-json\/wp\/v2\/categories?post=1507"},{"taxonomy":"post_tag","embeddable":true,"href":"https:\/\/nourrirunmondedeforeste.org\/es\/wp-json\/wp\/v2\/tags?post=1507"}],"curies":[{"name":"wp","href":"https:\/\/api.w.org\/{rel}","templated":true}]}}