{"id":3623,"date":"2022-06-09T16:00:00","date_gmt":"2022-06-09T16:00:00","guid":{"rendered":"https:\/\/nourrirunmondedeforeste.org\/first-hearing-at-the-paris-judicial-court-and-support-from-representatives-of-brazils-indigenous-peoples\/"},"modified":"2024-06-27T10:14:01","modified_gmt":"2024-06-27T10:14:01","slug":"first-hearing-at-the-paris-judicial-court-and-support-from-representatives-of-brazils-indigenous-peoples","status":"publish","type":"page","link":"https:\/\/nourrirunmondedeforeste.org\/en\/first-hearing-at-the-paris-judicial-court-and-support-from-representatives-of-brazils-indigenous-peoples\/","title":{"rendered":"First hearing at the Paris judicial court and support from representatives of Brazil&#8217;s indigenous peoples"},"content":{"rendered":"\t\t<div data-elementor-type=\"wp-page\" data-elementor-id=\"3623\" class=\"elementor elementor-3623 elementor-3604\">\n\t\t\t\t\t\t<section class=\"elementor-section elementor-top-section elementor-element elementor-element-5ec320d8 elementor-section-boxed elementor-section-height-default elementor-section-height-default\" data-id=\"5ec320d8\" data-element_type=\"section\" data-e-type=\"section\">\n\t\t\t\t\t\t<div class=\"elementor-container elementor-column-gap-default\">\n\t\t\t\t\t<div class=\"elementor-column elementor-col-50 elementor-top-column elementor-element elementor-element-4b5e30c7\" data-id=\"4b5e30c7\" data-element_type=\"column\" data-e-type=\"column\">\n\t\t\t<div class=\"elementor-widget-wrap elementor-element-populated\">\n\t\t\t\t\t\t<div class=\"elementor-element elementor-element-3acdc09e elementor-widget elementor-widget-image\" data-id=\"3acdc09e\" data-element_type=\"widget\" data-e-type=\"widget\" data-widget_type=\"image.default\">\n\t\t\t\t<div class=\"elementor-widget-container\">\n\t\t\t\t\t\t\t\t\t\t\t\t\t\t\t<img fetchpriority=\"high\" decoding=\"async\" width=\"1024\" height=\"576\" src=\"https:\/\/nourrirunmondedeforeste.org\/wp-content\/uploads\/2024\/06\/2022-06-09_EN-Premiere-audience-1024x576.png\" class=\"attachment-large size-large wp-image-3607\" alt=\"\" srcset=\"https:\/\/nourrirunmondedeforeste.org\/wp-content\/uploads\/2024\/06\/2022-06-09_EN-Premiere-audience-1024x576.png 1024w, https:\/\/nourrirunmondedeforeste.org\/wp-content\/uploads\/2024\/06\/2022-06-09_EN-Premiere-audience-300x169.png 300w, https:\/\/nourrirunmondedeforeste.org\/wp-content\/uploads\/2024\/06\/2022-06-09_EN-Premiere-audience-768x432.png 768w, https:\/\/nourrirunmondedeforeste.org\/wp-content\/uploads\/2024\/06\/2022-06-09_EN-Premiere-audience-1536x864.png 1536w, https:\/\/nourrirunmondedeforeste.org\/wp-content\/uploads\/2024\/06\/2022-06-09_EN-Premiere-audience.png 1600w\" sizes=\"(max-width: 1024px) 100vw, 1024px\" \/>\t\t\t\t\t\t\t\t\t\t\t\t\t\t\t<\/div>\n\t\t\t\t<\/div>\n\t\t\t\t\t<\/div>\n\t\t<\/div>\n\t\t\t\t<div class=\"elementor-column elementor-col-50 elementor-top-column elementor-element elementor-element-73a5d864\" data-id=\"73a5d864\" data-element_type=\"column\" data-e-type=\"column\">\n\t\t\t<div class=\"elementor-widget-wrap elementor-element-populated\">\n\t\t\t\t\t\t<div class=\"elementor-element elementor-element-7a8666fd elementor-widget elementor-widget-text-editor\" data-id=\"7a8666fd\" data-element_type=\"widget\" data-e-type=\"widget\" data-widget_type=\"text-editor.default\">\n\t\t\t\t<div class=\"elementor-widget-container\">\n\t\t\t\t\t\t\t\t\t<div>\n<p style=\"text-align: justify;\"><b style=\"mso-bidi-font-weight: normal;\"><span lang=\"fr\" style=\"font-size: 16.0pt; line-height: 115%; color: white; mso-themecolor: background1; background: darkgreen; mso-highlight: darkgreen;\">First hearing at the Paris judicial court and support from representatives of Brazil&#8217;s indigenous peoples<\/span><\/b><\/p><p style=\"text-align: justify;\"><span style=\"font-style: inherit; font-weight: inherit; color: var( --e-global-color-text ); font-family: var( --e-global-typography-text-font-family ), Sans-serif; background-color: var(--ast-global-color-5);\">Paris &#8211; 9 June 2022<\/span><span style=\"font-style: inherit; font-weight: inherit; color: var( --e-global-color-text ); font-family: var( --e-global-typography-text-font-family ), Sans-serif; background-color: var(--ast-global-color-5);\"> <\/span><span style=\"font-style: inherit; color: var( --e-global-color-text ); font-family: var( --e-global-typography-text-font-family ), Sans-serif; background-color: var(--ast-global-color-5);\">&#8211;<\/span><b style=\"font-style: inherit; color: var( --e-global-color-text ); font-family: var( --e-global-typography-text-font-family ), Sans-serif; background-color: var(--ast-global-color-5);\"> <\/b><span style=\"background-color: transparent; color: rgb(0, 0, 0); font-family: Arial; font-size: 11pt; font-weight: bold; white-space: pre-wrap;\"><span style=\"color: #808080;\">On Thursday 9 June 2022, the first hearing took place at the Paris judicial court in the legal action brought against the Casino Group for failing in its duty of care in its beef sourcing in Brazil and Colombia, to the detriment of the Amazon rainforest and indigenous peoples.<\/span><\/span><\/p>\n<\/div>\t\t\t\t\t\t\t\t<\/div>\n\t\t\t\t<\/div>\n\t\t\t\t\t<\/div>\n\t\t<\/div>\n\t\t\t\t\t<\/div>\n\t\t<\/section>\n\t\t\t\t<section class=\"elementor-section elementor-top-section elementor-element elementor-element-6704d4a elementor-section-boxed elementor-section-height-default elementor-section-height-default\" data-id=\"6704d4a\" data-element_type=\"section\" data-e-type=\"section\">\n\t\t\t\t\t\t<div class=\"elementor-container elementor-column-gap-default\">\n\t\t\t\t\t<div class=\"elementor-column elementor-col-100 elementor-top-column elementor-element elementor-element-0d7950a\" data-id=\"0d7950a\" data-element_type=\"column\" data-e-type=\"column\">\n\t\t\t<div class=\"elementor-widget-wrap elementor-element-populated\">\n\t\t\t\t\t\t<div class=\"elementor-element elementor-element-ae8d718 elementor-widget elementor-widget-text-editor\" data-id=\"ae8d718\" data-element_type=\"widget\" data-e-type=\"widget\" data-widget_type=\"text-editor.default\">\n\t\t\t\t<div class=\"elementor-widget-container\">\n\t\t\t\t\t\t\t\t\t<h2><strong><span style=\"font-size: 14pt;\">OUR REQUESTS<\/span><\/strong><\/h2>\n<p><span style=\"background-color: transparent; color: #000000; font-family: Arial; font-size: 11pt;\"> <span style=\"color: #808080;\">In addition to calling for a rapid investigation into the urgent degradation of the Amazon and compensation for the damage caused by this breach of duty of care, the coalition reminds all French economic players of the need to effectively prevent <\/span><span style=\"color: #808080;\">serious human rights and environmental violations throughout their supply chain.<br><\/span><\/span><\/p>\n<p><span style=\"background-color: transparent; color: #000000; font-family: Arial; font-size: 11pt;\"><span style=\"color: #808080;\">Mrs S\u00e9bastien Mabile and Mr Fran\u00e7ois de Cambiaire, representing the coalition in the case against Casino, point out that \u00ab <em>Companies covered by the Due Diligence Act must develop, implement and enforce reasonable due diligence plans to identify and prevent human rights and environmental abuses arising from their activities. Selon l\u2019article 2 de la loi, la responsabilit\u00e9 civile de l\u2019entreprise peut \u00eatre engag\u00e9e en cas de manquement \u00e0 ses obligations. The company may be required to pay damages to the victims.  <\/em> <\/span><\/span><span style=\"background-color: transparent; color: #000000; font-family: Arial; font-size: 11pt;\"><span style=\"color: #808080;\">\u00bb<\/span><\/span><\/p>\n<h2><span style=\"font-size: 14pt;\"><strong>MOBILISATION OF THE INDIGENOUS PEOPLES OF BRAZIL<\/strong><\/span><\/h2>\n<p><span style=\"background-color: transparent; color: #000000; font-family: Arial; font-size: 11pt;\"><span style=\"color: #808080;\">A number of representatives of Brazil&#8217;s indigenous peoples (Articulation of Indigenous Peoples of Brazil, APIB) were in Paris for a one-off visit and rallied in front of the law courts, underlining the urgent need for action.<\/span><\/span><\/p>\n<p><span style=\"background-color: transparent; color: #000000; font-family: Arial; font-size: 11pt;\"><span style=\"color: #808080;\">Eloy Terena, a lawyer with COIAB (Coordination of Indigenous Organisations of the Brazilian Amazon) said: \u00ab This French law imposing a duty of vigilance is the first of its kind in the world, and marks a step towards respect for human and environmental rights. It creates a new obligation that is now essential: to prevent and remedy human rights violations and environmental damage caused by the activities of companies and by the activities of their subsidiaries, subcontractors or suppliers. It should be implemented in every country in the world, because the climate emergency is here! \u00bb<\/span><br><\/span><\/p>\n<h2><span style=\"font-size: 14pt;\">AT THE END OF THIS FIRST HEARING<\/span><\/h2>\n<p><span style=\"font-weight: 400;\">This first hearing was intended to determine a timetable for the trial. However,  <\/span><span style=\"font-weight: 400;\">the judge&#8217;s order of 9 June 2022 ordered the parties to meet a mediator for an information meeting on mediation before 15 August 2022. Following the meeting, the parties will be able to accept or refuse the mediation proposal. The next status hearing has been set for 15 September.  <\/span>  2022.<\/p>\t\t\t\t\t\t\t\t<\/div>\n\t\t\t\t<\/div>\n\t\t\t\t\t<\/div>\n\t\t<\/div>\n\t\t\t\t\t<\/div>\n\t\t<\/section>\n\t\t\t\t<section class=\"elementor-section elementor-top-section elementor-element elementor-element-2b34042 elementor-section-boxed elementor-section-height-default elementor-section-height-default\" data-id=\"2b34042\" data-element_type=\"section\" data-e-type=\"section\">\n\t\t\t\t\t\t<div class=\"elementor-container elementor-column-gap-default\">\n\t\t\t\t\t<div class=\"elementor-column elementor-col-100 elementor-top-column elementor-element elementor-element-ec60ced\" data-id=\"ec60ced\" data-element_type=\"column\" data-e-type=\"column\">\n\t\t\t<div class=\"elementor-widget-wrap elementor-element-populated\">\n\t\t\t\t\t\t<div class=\"elementor-element elementor-element-c0ab8a0 elementor-widget elementor-widget-video\" data-id=\"c0ab8a0\" data-element_type=\"widget\" data-e-type=\"widget\" data-settings=\"{&quot;youtube_url&quot;:&quot;https:\\\/\\\/youtu.be\\\/3rSFMGnBE8c&quot;,&quot;video_type&quot;:&quot;youtube&quot;,&quot;controls&quot;:&quot;yes&quot;}\" data-widget_type=\"video.default\">\n\t\t\t\t<div class=\"elementor-widget-container\">\n\t\t\t\t\t\t\t<div class=\"elementor-wrapper elementor-open-inline\">\n\t\t\t<div class=\"elementor-video\"><\/div>\t\t<\/div>\n\t\t\t\t\t\t<\/div>\n\t\t\t\t<\/div>\n\t\t\t\t\t<\/div>\n\t\t<\/div>\n\t\t\t\t\t<\/div>\n\t\t<\/section>\n\t\t\t\t<\/div>\n\t\t","protected":false},"excerpt":{"rendered":"<p>First hearing at the Paris judicial court and support from representatives of Brazil&#8217;s indigenous peoples Paris &#8211; 9 June 2022 &#8211; On Thursday 9 June 2022, the first hearing took place at the Paris judicial court in the legal action brought against the Casino Group for failing in its duty of care in its beef [&hellip;]<\/p>\n","protected":false},"author":9,"featured_media":3607,"parent":0,"menu_order":0,"comment_status":"closed","ping_status":"closed","template":"elementor_header_footer","meta":{"_acf_changed":false,"site-sidebar-layout":"default","site-content-layout":"","ast-site-content-layout":"default","site-content-style":"default","site-sidebar-style":"default","ast-global-header-display":"","ast-banner-title-visibility":"","ast-main-header-display":"","ast-hfb-above-header-display":"","ast-hfb-below-header-display":"","ast-hfb-mobile-header-display":"","site-post-title":"disabled","ast-breadcrumbs-content":"","ast-featured-img":"","footer-sml-layout":"","ast-disable-related-posts":"","theme-transparent-header-meta":"","adv-header-id-meta":"","stick-header-meta":"","header-above-stick-meta":"","header-main-stick-meta":"","header-below-stick-meta":"","astra-migrate-meta-layouts":"default","ast-page-background-enabled":"default","ast-page-background-meta":{"desktop":{"background-color":"var(--ast-global-color-4)","background-image":"","background-repeat":"repeat","background-position":"center center","background-size":"auto","background-attachment":"scroll","background-type":"","background-media":"","overlay-type":"","overlay-color":"","overlay-opacity":"","overlay-gradient":""},"tablet":{"background-color":"","background-image":"","background-repeat":"repeat","background-position":"center center","background-size":"auto","background-attachment":"scroll","background-type":"","background-media":"","overlay-type":"","overlay-color":"","overlay-opacity":"","overlay-gradient":""},"mobile":{"background-color":"","background-image":"","background-repeat":"repeat","background-position":"center center","background-size":"auto","background-attachment":"scroll","background-type":"","background-media":"","overlay-type":"","overlay-color":"","overlay-opacity":"","overlay-gradient":""}},"ast-content-background-meta":{"desktop":{"background-color":"var(--ast-global-color-5)","background-image":"","background-repeat":"repeat","background-position":"center center","background-size":"auto","background-attachment":"scroll","background-type":"","background-media":"","overlay-type":"","overlay-color":"","overlay-opacity":"","overlay-gradient":""},"tablet":{"background-color":"var(--ast-global-color-5)","background-image":"","background-repeat":"repeat","background-position":"center center","background-size":"auto","background-attachment":"scroll","background-type":"","background-media":"","overlay-type":"","overlay-color":"","overlay-opacity":"","overlay-gradient":""},"mobile":{"background-color":"var(--ast-global-color-5)","background-image":"","background-repeat":"repeat","background-position":"center center","background-size":"auto","background-attachment":"scroll","background-type":"","background-media":"","overlay-type":"","overlay-color":"","overlay-opacity":"","overlay-gradient":""}},"footnotes":""},"categories":[25],"tags":[37],"class_list":["post-3623","page","type-page","status-publish","has-post-thumbnail","hentry","category-news","tag-casino-case-first-hearing-at-the-paris-judicial-court"],"acf":[],"_links":{"self":[{"href":"https:\/\/nourrirunmondedeforeste.org\/en\/wp-json\/wp\/v2\/pages\/3623","targetHints":{"allow":["GET"]}}],"collection":[{"href":"https:\/\/nourrirunmondedeforeste.org\/en\/wp-json\/wp\/v2\/pages"}],"about":[{"href":"https:\/\/nourrirunmondedeforeste.org\/en\/wp-json\/wp\/v2\/types\/page"}],"author":[{"embeddable":true,"href":"https:\/\/nourrirunmondedeforeste.org\/en\/wp-json\/wp\/v2\/users\/9"}],"replies":[{"embeddable":true,"href":"https:\/\/nourrirunmondedeforeste.org\/en\/wp-json\/wp\/v2\/comments?post=3623"}],"version-history":[{"count":3,"href":"https:\/\/nourrirunmondedeforeste.org\/en\/wp-json\/wp\/v2\/pages\/3623\/revisions"}],"predecessor-version":[{"id":3626,"href":"https:\/\/nourrirunmondedeforeste.org\/en\/wp-json\/wp\/v2\/pages\/3623\/revisions\/3626"}],"wp:featuredmedia":[{"embeddable":true,"href":"https:\/\/nourrirunmondedeforeste.org\/en\/wp-json\/wp\/v2\/media\/3607"}],"wp:attachment":[{"href":"https:\/\/nourrirunmondedeforeste.org\/en\/wp-json\/wp\/v2\/media?parent=3623"}],"wp:term":[{"taxonomy":"category","embeddable":true,"href":"https:\/\/nourrirunmondedeforeste.org\/en\/wp-json\/wp\/v2\/categories?post=3623"},{"taxonomy":"post_tag","embeddable":true,"href":"https:\/\/nourrirunmondedeforeste.org\/en\/wp-json\/wp\/v2\/tags?post=3623"}],"curies":[{"name":"wp","href":"https:\/\/api.w.org\/{rel}","templated":true}]}}