{"id":1597,"date":"2022-05-17T10:14:37","date_gmt":"2022-05-17T10:14:37","guid":{"rendered":"https:\/\/nourrirunmondedeforeste.org\/what-casino-is-accused-of-environmental-damage-and-violation-of-human-rights\/"},"modified":"2022-05-31T07:01:03","modified_gmt":"2022-05-31T07:01:03","slug":"what-casino-is-accused-of-environmental-damage-and-violation-of-human-rights","status":"publish","type":"page","link":"https:\/\/nourrirunmondedeforeste.org\/en\/what-casino-is-accused-of-environmental-damage-and-violation-of-human-rights\/","title":{"rendered":"What Casino is accused of: environmental damage and violation of human rights"},"content":{"rendered":"\t\t<div data-elementor-type=\"wp-page\" data-elementor-id=\"1597\" class=\"elementor elementor-1597 elementor-101\">\n\t\t\t\t\t\t<section class=\"elementor-section elementor-top-section elementor-element elementor-element-18077b4d elementor-section-full_width elementor-section-height-min-height elementor-section-height-default elementor-section-items-middle elementor-invisible\" data-id=\"18077b4d\" data-element_type=\"section\" data-e-type=\"section\" data-settings=\"{&quot;background_background&quot;:&quot;classic&quot;,&quot;animation&quot;:&quot;zoomIn&quot;}\">\n\t\t\t\t\t\t<div class=\"elementor-container elementor-column-gap-default\">\n\t\t\t\t\t<div class=\"elementor-column elementor-col-33 elementor-top-column elementor-element elementor-element-582e7798\" data-id=\"582e7798\" data-element_type=\"column\" data-e-type=\"column\">\n\t\t\t<div class=\"elementor-widget-wrap\">\n\t\t\t\t\t\t\t<\/div>\n\t\t<\/div>\n\t\t\t\t<div class=\"elementor-column elementor-col-33 elementor-top-column elementor-element elementor-element-53b3b9a4\" data-id=\"53b3b9a4\" data-element_type=\"column\" data-e-type=\"column\">\n\t\t\t<div class=\"elementor-widget-wrap elementor-element-populated\">\n\t\t\t\t\t\t<div class=\"elementor-element elementor-element-3bd075cc elementor-widget__width-auto elementor-widget elementor-widget-heading\" data-id=\"3bd075cc\" data-element_type=\"widget\" data-e-type=\"widget\" data-widget_type=\"heading.default\">\n\t\t\t\t<div class=\"elementor-widget-container\">\n\t\t\t\t\t<h1 class=\"elementor-heading-title elementor-size-default\">What Casino is accused of:<\/h1>\t\t\t\t<\/div>\n\t\t\t\t<\/div>\n\t\t\t\t<div class=\"elementor-element elementor-element-75787db5 elementor-widget__width-auto elementor-widget elementor-widget-heading\" data-id=\"75787db5\" data-element_type=\"widget\" data-e-type=\"widget\" data-widget_type=\"heading.default\">\n\t\t\t\t<div class=\"elementor-widget-container\">\n\t\t\t\t\t<h1 class=\"elementor-heading-title elementor-size-default\">environmental damage and violation of human rights <\/h1>\t\t\t\t<\/div>\n\t\t\t\t<\/div>\n\t\t\t\t\t<\/div>\n\t\t<\/div>\n\t\t\t\t<div class=\"elementor-column elementor-col-33 elementor-top-column elementor-element elementor-element-4375d943\" data-id=\"4375d943\" data-element_type=\"column\" data-e-type=\"column\">\n\t\t\t<div class=\"elementor-widget-wrap\">\n\t\t\t\t\t\t\t<\/div>\n\t\t<\/div>\n\t\t\t\t\t<\/div>\n\t\t<\/section>\n\t\t\t\t<section class=\"elementor-section elementor-top-section elementor-element elementor-element-42f557e elementor-section-boxed elementor-section-height-default elementor-section-height-default\" data-id=\"42f557e\" data-element_type=\"section\" data-e-type=\"section\">\n\t\t\t\t\t\t<div class=\"elementor-container elementor-column-gap-default\">\n\t\t\t\t\t<div class=\"elementor-column elementor-col-100 elementor-top-column elementor-element elementor-element-c0cf459\" data-id=\"c0cf459\" data-element_type=\"column\" data-e-type=\"column\">\n\t\t\t<div class=\"elementor-widget-wrap elementor-element-populated\">\n\t\t\t\t\t\t<div class=\"elementor-element elementor-element-588f5db elementor-widget elementor-widget-text-editor\" data-id=\"588f5db\" data-element_type=\"widget\" data-e-type=\"widget\" data-widget_type=\"text-editor.default\">\n\t\t\t\t<div class=\"elementor-widget-container\">\n\t\t\t\t\t\t\t\t\t<p><span style=\"font-weight: 400;\">In June 2020, the association Envol Vert published <\/span><span style=\"font-weight: 400;\">a damning investigation,<\/span> <span style=\"font-weight: 400;\">highlighting evidence of recent deforestation and land grabbing practices linked to the Casino group&#8217;s supply chain in Brazil. The investigation was based on samples of meat products sold in several of the group&#8217;s supermarkets. <\/span><\/p><p><span style=\"font-weight: 400;\">According to recent evidence gathered by the Center for Climate Crimes Analysis, the Casino Group regularly purchased beef from three slaughterhouses that source cattle from 592 suppliers responsible for at least 50,000 hectares of deforestation between 2008 and 2020. This is an area equivalent to five times the size of Paris.<\/span><\/p><p><span style=\"font-weight: 400;\">However, the Casino group has no excuse for not ensuring that all meat, even that from indirect farms, sold in its stores is not linked to deforestation practices or other violations. In fact, many existing and available traceability tools make it possible to track the origin of the various products sold by the group<\/span><span style=\"font-weight: 400;\">.\u00b9<\/span><\/p><p><span style=\"font-weight: 400;\">The evidence presented in this case also demonstrates violations<\/span> <span style=\"font-weight: 400;\">of the rights of indigenous peoples. In particular, it was reported that ancestral lands owned and managed by the Uru Eu Wau Wau community in the state of Rond\u00f4nia, Brazil, were invaded to allow for the grazing of cattle farms that supply beef to Grupo P\u00e3o de A\u00e7\u00facar, a Casino subsidiary.<\/span><\/p><p><span style=\"font-weight: 400;\">Since 2017, however, Groupe Casino has been subject to the French law on the duty of vigilance of parent companies and principals. which requires it to take appropriate and effective measures to prevent serious violations of human rights, the environment, and the health and safety of people resulting from its activities, those of its subsidiaries, suppliers and subcontractors. While the Casino group explicitly recognizes that the beef supply chain in Brazil and Colombia is exposed to extremely serious risks, its policy in this area is clearly deficient. <\/span><\/p><p><span style=\"font-weight: 400;\">The Casino Group is one of the largest <\/span><span style=\"font-weight: 400;\">supermarket chains<\/span> <span style=\"font-weight: 400;\">in Brazil and Colombia, through its subsidiaries Grupo P\u00e3o de A\u00e7\u00facar, Assa\u00ef Atacadista, Grupo \u00c9xito and many others. Casino&#8217;s activities in South America account for almost half (47%) of the group&#8217;s revenues<\/span><span style=\"font-weight: 400;\">.\u00b2<\/span><\/p><hr><p>1 <a style=\"font-size: 12px;\" href=\"https:\/\/gtfi.org.br\/monitoramento-de-indiretos\/#atuacao\" target=\"_blank\" rel=\"noopener\">https:\/\/gtfi.org.br\/monitoramento-de-indiretos\/#atuacao<\/a><br>2 <a style=\"font-size: 12px;\" href=\"https:\/\/www.groupe-casino.fr\/wp-content\/uploads\/2021\/03\/CASINO_URD_2021.html\" target=\"_blank\" rel=\"noopener\">https:\/\/www.groupe-casino.fr\/wp-content\/uploads\/2021\/03\/CASINO_URD_2021.html<\/a><\/p>\t\t\t\t\t\t\t\t<\/div>\n\t\t\t\t<\/div>\n\t\t\t\t\t<\/div>\n\t\t<\/div>\n\t\t\t\t\t<\/div>\n\t\t<\/section>\n\t\t\t\t<section class=\"elementor-section elementor-top-section elementor-element elementor-element-0fdeddc elementor-section-boxed elementor-section-height-default elementor-section-height-default\" data-id=\"0fdeddc\" data-element_type=\"section\" data-e-type=\"section\">\n\t\t\t\t\t\t<div class=\"elementor-container elementor-column-gap-default\">\n\t\t\t\t\t<div class=\"elementor-column elementor-col-50 elementor-top-column elementor-element elementor-element-6e51c2d\" data-id=\"6e51c2d\" data-element_type=\"column\" data-e-type=\"column\">\n\t\t\t<div class=\"elementor-widget-wrap elementor-element-populated\">\n\t\t\t\t\t\t<div class=\"elementor-element elementor-element-d579290 elementor-widget elementor-widget-image\" data-id=\"d579290\" data-element_type=\"widget\" data-e-type=\"widget\" data-widget_type=\"image.default\">\n\t\t\t\t<div class=\"elementor-widget-container\">\n\t\t\t\t\t\t\t\t\t\t\t\t\t\t\t<img fetchpriority=\"high\" decoding=\"async\" width=\"900\" height=\"675\" src=\"https:\/\/nourrirunmondedeforeste.org\/wp-content\/uploads\/2022\/05\/13-2_w.jpg\" class=\"attachment-large size-large wp-image-1165\" alt=\"\" srcset=\"https:\/\/nourrirunmondedeforeste.org\/wp-content\/uploads\/2022\/05\/13-2_w.jpg 900w, https:\/\/nourrirunmondedeforeste.org\/wp-content\/uploads\/2022\/05\/13-2_w-300x225.jpg 300w, https:\/\/nourrirunmondedeforeste.org\/wp-content\/uploads\/2022\/05\/13-2_w-768x576.jpg 768w\" sizes=\"(max-width: 900px) 100vw, 900px\" \/>\t\t\t\t\t\t\t\t\t\t\t\t\t\t\t<\/div>\n\t\t\t\t<\/div>\n\t\t\t\t\t<\/div>\n\t\t<\/div>\n\t\t\t\t<div class=\"elementor-column elementor-col-50 elementor-top-column elementor-element elementor-element-cdc1c38\" data-id=\"cdc1c38\" data-element_type=\"column\" data-e-type=\"column\">\n\t\t\t<div class=\"elementor-widget-wrap elementor-element-populated\">\n\t\t\t\t\t\t<div class=\"elementor-element elementor-element-63bd3e0 elementor-widget elementor-widget-text-editor\" data-id=\"63bd3e0\" data-element_type=\"widget\" data-e-type=\"widget\" data-widget_type=\"text-editor.default\">\n\t\t\t\t<div class=\"elementor-widget-container\">\n\t\t\t\t\t\t\t\t\t<h4><strong>&#8211;<\/strong><\/h4><p><span style=\"font-weight: 400;\"><br>&#8211; <\/span><\/p><p><span style=\"font-weight: 400;\">&#8211; <\/span><b>&#8211;<\/b><span style=\"font-weight: 400;\"> &#8211; <\/span><b>&#8211;<\/b><span style=\"font-weight: 400;\">. <\/span> <\/p><p><span style=\"font-weight: 400;\">&#8211; <\/span><\/p>\t\t\t\t\t\t\t\t<\/div>\n\t\t\t\t<\/div>\n\t\t\t\t\t<\/div>\n\t\t<\/div>\n\t\t\t\t\t<\/div>\n\t\t<\/section>\n\t\t\t\t<\/div>\n\t\t","protected":false},"excerpt":{"rendered":"<p>What Casino is accused of: environmental damage and violation of human rights In June 2020, the association Envol Vert published a damning investigation, highlighting evidence of recent deforestation and land grabbing practices linked to the Casino group&#8217;s supply chain in Brazil. The investigation was based on samples of meat products sold in several of the [&hellip;]<\/p>\n","protected":false},"author":1,"featured_media":0,"parent":0,"menu_order":0,"comment_status":"closed","ping_status":"closed","template":"elementor_header_footer","meta":{"_acf_changed":false,"site-sidebar-layout":"default","site-content-layout":"","ast-site-content-layout":"default","site-content-style":"default","site-sidebar-style":"default","ast-global-header-display":"","ast-banner-title-visibility":"","ast-main-header-display":"","ast-hfb-above-header-display":"","ast-hfb-below-header-display":"","ast-hfb-mobile-header-display":"","site-post-title":"","ast-breadcrumbs-content":"","ast-featured-img":"","footer-sml-layout":"","ast-disable-related-posts":"","theme-transparent-header-meta":"","adv-header-id-meta":"","stick-header-meta":"","header-above-stick-meta":"","header-main-stick-meta":"","header-below-stick-meta":"","astra-migrate-meta-layouts":"default","ast-page-background-enabled":"default","ast-page-background-meta":{"desktop":{"background-color":"var(--ast-global-color-4)","background-image":"","background-repeat":"repeat","background-position":"center center","background-size":"auto","background-attachment":"scroll","background-type":"","background-media":"","overlay-type":"","overlay-color":"","overlay-opacity":"","overlay-gradient":""},"tablet":{"background-color":"","background-image":"","background-repeat":"repeat","background-position":"center center","background-size":"auto","background-attachment":"scroll","background-type":"","background-media":"","overlay-type":"","overlay-color":"","overlay-opacity":"","overlay-gradient":""},"mobile":{"background-color":"","background-image":"","background-repeat":"repeat","background-position":"center center","background-size":"auto","background-attachment":"scroll","background-type":"","background-media":"","overlay-type":"","overlay-color":"","overlay-opacity":"","overlay-gradient":""}},"ast-content-background-meta":{"desktop":{"background-color":"var(--ast-global-color-5)","background-image":"","background-repeat":"repeat","background-position":"center center","background-size":"auto","background-attachment":"scroll","background-type":"","background-media":"","overlay-type":"","overlay-color":"","overlay-opacity":"","overlay-gradient":""},"tablet":{"background-color":"var(--ast-global-color-5)","background-image":"","background-repeat":"repeat","background-position":"center center","background-size":"auto","background-attachment":"scroll","background-type":"","background-media":"","overlay-type":"","overlay-color":"","overlay-opacity":"","overlay-gradient":""},"mobile":{"background-color":"var(--ast-global-color-5)","background-image":"","background-repeat":"repeat","background-position":"center center","background-size":"auto","background-attachment":"scroll","background-type":"","background-media":"","overlay-type":"","overlay-color":"","overlay-opacity":"","overlay-gradient":""}},"footnotes":""},"categories":[],"tags":[],"class_list":["post-1597","page","type-page","status-publish","hentry"],"acf":[],"_links":{"self":[{"href":"https:\/\/nourrirunmondedeforeste.org\/en\/wp-json\/wp\/v2\/pages\/1597","targetHints":{"allow":["GET"]}}],"collection":[{"href":"https:\/\/nourrirunmondedeforeste.org\/en\/wp-json\/wp\/v2\/pages"}],"about":[{"href":"https:\/\/nourrirunmondedeforeste.org\/en\/wp-json\/wp\/v2\/types\/page"}],"author":[{"embeddable":true,"href":"https:\/\/nourrirunmondedeforeste.org\/en\/wp-json\/wp\/v2\/users\/1"}],"replies":[{"embeddable":true,"href":"https:\/\/nourrirunmondedeforeste.org\/en\/wp-json\/wp\/v2\/comments?post=1597"}],"version-history":[{"count":0,"href":"https:\/\/nourrirunmondedeforeste.org\/en\/wp-json\/wp\/v2\/pages\/1597\/revisions"}],"wp:attachment":[{"href":"https:\/\/nourrirunmondedeforeste.org\/en\/wp-json\/wp\/v2\/media?parent=1597"}],"wp:term":[{"taxonomy":"category","embeddable":true,"href":"https:\/\/nourrirunmondedeforeste.org\/en\/wp-json\/wp\/v2\/categories?post=1597"},{"taxonomy":"post_tag","embeddable":true,"href":"https:\/\/nourrirunmondedeforeste.org\/en\/wp-json\/wp\/v2\/tags?post=1597"}],"curies":[{"name":"wp","href":"https:\/\/api.w.org\/{rel}","templated":true}]}}