{"id":1489,"date":"2020-09-21T04:49:00","date_gmt":"2020-09-21T04:49:00","guid":{"rendered":"https:\/\/nourrirunmondedeforeste.org\/?page_id=1489"},"modified":"2022-05-31T04:53:14","modified_gmt":"2022-05-31T04:53:14","slug":"doubledealing-casino-put-on-notice","status":"publish","type":"page","link":"https:\/\/nourrirunmondedeforeste.org\/en\/doubledealing-casino-put-on-notice\/","title":{"rendered":"#DOUBLEDEALING: CASINO PUT ON NOTICE"},"content":{"rendered":"\t\t<div data-elementor-type=\"wp-page\" data-elementor-id=\"1489\" class=\"elementor elementor-1489\">\n\t\t\t\t\t\t<section class=\"elementor-section elementor-top-section elementor-element elementor-element-59a2139f elementor-section-boxed elementor-section-height-default elementor-section-height-default\" data-id=\"59a2139f\" data-element_type=\"section\" data-e-type=\"section\">\n\t\t\t\t\t\t<div class=\"elementor-container elementor-column-gap-default\">\n\t\t\t\t\t<div class=\"elementor-column elementor-col-50 elementor-top-column elementor-element elementor-element-48978b23\" data-id=\"48978b23\" data-element_type=\"column\" data-e-type=\"column\">\n\t\t\t<div class=\"elementor-widget-wrap elementor-element-populated\">\n\t\t\t\t\t\t<div class=\"elementor-element elementor-element-106d6483 elementor-widget elementor-widget-image\" data-id=\"106d6483\" data-element_type=\"widget\" data-e-type=\"widget\" data-widget_type=\"image.default\">\n\t\t\t\t<div class=\"elementor-widget-container\">\n\t\t\t\t\t\t\t\t\t\t\t\t\t\t\t<img fetchpriority=\"high\" decoding=\"async\" width=\"1024\" height=\"512\" src=\"https:\/\/nourrirunmondedeforeste.org\/wp-content\/uploads\/2022\/05\/Featured-Image-Casino-1200x600_2-1024x512.png\" class=\"attachment-large size-large wp-image-282\" alt=\"\" srcset=\"https:\/\/nourrirunmondedeforeste.org\/wp-content\/uploads\/2022\/05\/Featured-Image-Casino-1200x600_2-1024x512.png 1024w, https:\/\/nourrirunmondedeforeste.org\/wp-content\/uploads\/2022\/05\/Featured-Image-Casino-1200x600_2-300x150.png 300w, https:\/\/nourrirunmondedeforeste.org\/wp-content\/uploads\/2022\/05\/Featured-Image-Casino-1200x600_2-768x384.png 768w, https:\/\/nourrirunmondedeforeste.org\/wp-content\/uploads\/2022\/05\/Featured-Image-Casino-1200x600_2.png 1200w\" sizes=\"(max-width: 1024px) 100vw, 1024px\" \/>\t\t\t\t\t\t\t\t\t\t\t\t\t\t\t<\/div>\n\t\t\t\t<\/div>\n\t\t\t\t\t<\/div>\n\t\t<\/div>\n\t\t\t\t<div class=\"elementor-column elementor-col-50 elementor-top-column elementor-element elementor-element-19e64e28\" data-id=\"19e64e28\" data-element_type=\"column\" data-e-type=\"column\">\n\t\t\t<div class=\"elementor-widget-wrap elementor-element-populated\">\n\t\t\t\t\t\t<div class=\"elementor-element elementor-element-4bb33f0e elementor-widget elementor-widget-text-editor\" data-id=\"4bb33f0e\" data-element_type=\"widget\" data-e-type=\"widget\" data-widget_type=\"text-editor.default\">\n\t\t\t\t<div class=\"elementor-widget-container\">\n\t\t\t\t\t\t\t\t\t<h3><b>#DOUBLEDEALING: CASINO PUT ON NOTICE<\/b><\/h3><p><strong>After investigation, an international coalition of associations (Canop\u00e9e, CPT, Envol Vert, FNE, Mighty Earth, Notre Affaire \u00e0 Tous and Sherpa) and organizations representing indigenous peoples in Colombia and Brazil (OPIAC, COIAB, FEPIPA and FEPOIMT) gives formal notice to the Casino group to take the necessary measures to exclude beef from deforestation and the taking of indigenous territories from its supply chain in Brazil and Colombia. If the company does not comply within the three-month period provided for by law, the organizations intend to bring the matter before the competent court and also reserve the right to seek compensation for the resulting damages. <\/strong><\/p><p><span style=\"font-weight: 400;\">The Casino Group is the leading retailer in Brazil through its subsidiary &#8220;Grupo P\u00e3o de A\u00e7\u00facar&#8221;. It has a 15% market share in Brazil, and almost half of the group&#8217;s worldwide sales (47%) are made in the Latin American market. <\/span><\/p><p><a href=\"https:\/\/envol-vert.org\/actu\/2020\/09\/doublejeu-casino-mis-en-demeure\/\"><span style=\"font-weight: 400;\">For more information, click here <\/span><\/a><\/p><p><a href=\"https:\/\/seattle-avocats.fr\/deforestation-de-lamazonie-le-groupe-casino-mis-en-demeure-par-plusieurs-ong\"><span style=\"font-weight: 400;\">To consult Seattle Avocat&#8217;s news<\/span><\/a><\/p>\t\t\t\t\t\t\t\t<\/div>\n\t\t\t\t<\/div>\n\t\t\t\t\t<\/div>\n\t\t<\/div>\n\t\t\t\t\t<\/div>\n\t\t<\/section>\n\t\t\t\t<\/div>\n\t\t","protected":false},"excerpt":{"rendered":"<p>#DOUBLEDEALING: CASINO PUT ON NOTICE After investigation, an international coalition of associations (Canop\u00e9e, CPT, Envol Vert, FNE, Mighty Earth, Notre Affaire \u00e0 Tous and Sherpa) and organizations representing indigenous peoples in Colombia and Brazil (OPIAC, COIAB, FEPIPA and FEPOIMT) gives formal notice to the Casino group to take the necessary measures to exclude beef from [&hellip;]<\/p>\n","protected":false},"author":1,"featured_media":904,"parent":0,"menu_order":0,"comment_status":"closed","ping_status":"closed","template":"elementor_header_footer","meta":{"_acf_changed":false,"site-sidebar-layout":"default","site-content-layout":"","ast-site-content-layout":"default","site-content-style":"default","site-sidebar-style":"default","ast-global-header-display":"","ast-banner-title-visibility":"","ast-main-header-display":"","ast-hfb-above-header-display":"","ast-hfb-below-header-display":"","ast-hfb-mobile-header-display":"","site-post-title":"","ast-breadcrumbs-content":"","ast-featured-img":"","footer-sml-layout":"","ast-disable-related-posts":"","theme-transparent-header-meta":"","adv-header-id-meta":"","stick-header-meta":"","header-above-stick-meta":"","header-main-stick-meta":"","header-below-stick-meta":"","astra-migrate-meta-layouts":"default","ast-page-background-enabled":"default","ast-page-background-meta":{"desktop":{"background-color":"var(--ast-global-color-4)","background-image":"","background-repeat":"repeat","background-position":"center center","background-size":"auto","background-attachment":"scroll","background-type":"","background-media":"","overlay-type":"","overlay-color":"","overlay-opacity":"","overlay-gradient":""},"tablet":{"background-color":"","background-image":"","background-repeat":"repeat","background-position":"center center","background-size":"auto","background-attachment":"scroll","background-type":"","background-media":"","overlay-type":"","overlay-color":"","overlay-opacity":"","overlay-gradient":""},"mobile":{"background-color":"","background-image":"","background-repeat":"repeat","background-position":"center center","background-size":"auto","background-attachment":"scroll","background-type":"","background-media":"","overlay-type":"","overlay-color":"","overlay-opacity":"","overlay-gradient":""}},"ast-content-background-meta":{"desktop":{"background-color":"var(--ast-global-color-5)","background-image":"","background-repeat":"repeat","background-position":"center center","background-size":"auto","background-attachment":"scroll","background-type":"","background-media":"","overlay-type":"","overlay-color":"","overlay-opacity":"","overlay-gradient":""},"tablet":{"background-color":"var(--ast-global-color-5)","background-image":"","background-repeat":"repeat","background-position":"center center","background-size":"auto","background-attachment":"scroll","background-type":"","background-media":"","overlay-type":"","overlay-color":"","overlay-opacity":"","overlay-gradient":""},"mobile":{"background-color":"var(--ast-global-color-5)","background-image":"","background-repeat":"repeat","background-position":"center center","background-size":"auto","background-attachment":"scroll","background-type":"","background-media":"","overlay-type":"","overlay-color":"","overlay-opacity":"","overlay-gradient":""}},"footnotes":""},"categories":[25],"tags":[],"class_list":["post-1489","page","type-page","status-publish","has-post-thumbnail","hentry","category-news"],"acf":[],"_links":{"self":[{"href":"https:\/\/nourrirunmondedeforeste.org\/en\/wp-json\/wp\/v2\/pages\/1489","targetHints":{"allow":["GET"]}}],"collection":[{"href":"https:\/\/nourrirunmondedeforeste.org\/en\/wp-json\/wp\/v2\/pages"}],"about":[{"href":"https:\/\/nourrirunmondedeforeste.org\/en\/wp-json\/wp\/v2\/types\/page"}],"author":[{"embeddable":true,"href":"https:\/\/nourrirunmondedeforeste.org\/en\/wp-json\/wp\/v2\/users\/1"}],"replies":[{"embeddable":true,"href":"https:\/\/nourrirunmondedeforeste.org\/en\/wp-json\/wp\/v2\/comments?post=1489"}],"version-history":[{"count":0,"href":"https:\/\/nourrirunmondedeforeste.org\/en\/wp-json\/wp\/v2\/pages\/1489\/revisions"}],"wp:featuredmedia":[{"embeddable":true,"href":"https:\/\/nourrirunmondedeforeste.org\/en\/wp-json\/wp\/v2\/media\/904"}],"wp:attachment":[{"href":"https:\/\/nourrirunmondedeforeste.org\/en\/wp-json\/wp\/v2\/media?parent=1489"}],"wp:term":[{"taxonomy":"category","embeddable":true,"href":"https:\/\/nourrirunmondedeforeste.org\/en\/wp-json\/wp\/v2\/categories?post=1489"},{"taxonomy":"post_tag","embeddable":true,"href":"https:\/\/nourrirunmondedeforeste.org\/en\/wp-json\/wp\/v2\/tags?post=1489"}],"curies":[{"name":"wp","href":"https:\/\/api.w.org\/{rel}","templated":true}]}}