{"id":1485,"date":"2022-05-18T00:34:05","date_gmt":"2022-05-18T00:34:05","guid":{"rendered":"https:\/\/nourrirunmondedeforeste.org\/actualites\/"},"modified":"2024-04-24T09:43:33","modified_gmt":"2024-04-24T09:43:33","slug":"news","status":"publish","type":"page","link":"https:\/\/nourrirunmondedeforeste.org\/en\/news\/","title":{"rendered":"News"},"content":{"rendered":"\t\t<div data-elementor-type=\"wp-page\" data-elementor-id=\"1485\" class=\"elementor elementor-1485 elementor-260\">\n\t\t\t\t\t\t<section class=\"elementor-section elementor-top-section elementor-element elementor-element-609c2e33 elementor-section-full_width elementor-section-height-min-height elementor-section-height-default elementor-section-items-middle elementor-invisible\" data-id=\"609c2e33\" data-element_type=\"section\" data-e-type=\"section\" data-settings=\"{&quot;background_background&quot;:&quot;classic&quot;,&quot;animation&quot;:&quot;zoomIn&quot;}\">\n\t\t\t\t\t\t<div class=\"elementor-container elementor-column-gap-default\">\n\t\t\t\t\t<div class=\"elementor-column elementor-col-100 elementor-top-column elementor-element elementor-element-5842b3cf\" data-id=\"5842b3cf\" data-element_type=\"column\" data-e-type=\"column\">\n\t\t\t<div class=\"elementor-widget-wrap elementor-element-populated\">\n\t\t\t\t\t\t<div class=\"elementor-element elementor-element-2bc7bfa3 elementor-widget__width-auto elementor-widget elementor-widget-heading\" data-id=\"2bc7bfa3\" data-element_type=\"widget\" data-e-type=\"widget\" data-widget_type=\"heading.default\">\n\t\t\t\t<div class=\"elementor-widget-container\">\n\t\t\t\t\t<h1 class=\"elementor-heading-title elementor-size-default\">News<\/h1>\t\t\t\t<\/div>\n\t\t\t\t<\/div>\n\t\t\t\t\t<\/div>\n\t\t<\/div>\n\t\t\t\t\t<\/div>\n\t\t<\/section>\n\t\t\t\t<section class=\"elementor-section elementor-top-section elementor-element elementor-element-3af3540 elementor-section-boxed elementor-section-height-default elementor-section-height-default\" data-id=\"3af3540\" data-element_type=\"section\" data-e-type=\"section\">\n\t\t\t\t\t\t<div class=\"elementor-container elementor-column-gap-default\">\n\t\t\t\t\t<div class=\"elementor-column elementor-col-100 elementor-top-column elementor-element elementor-element-cb14e22\" data-id=\"cb14e22\" data-element_type=\"column\" data-e-type=\"column\">\n\t\t\t<div class=\"elementor-widget-wrap elementor-element-populated\">\n\t\t\t\t\t\t<div class=\"elementor-element elementor-element-07b589e elementor-widget__width-initial elementor-widget elementor-widget-ucaddon_post_list\" data-id=\"07b589e\" data-element_type=\"widget\" data-e-type=\"widget\" data-widget_type=\"ucaddon_post_list.default\">\n\t\t\t\t<div class=\"elementor-widget-container\">\n\t\t\t\t\t\n<!-- start Post List -->\n\t\t<link id='font-awesome-css' href='https:\/\/nourrirunmondedeforeste.org\/wp-content\/plugins\/unlimited-elements-for-elementor\/assets_libraries\/font-awesome6\/fontawesome-all.min.css' type='text\/css' rel='stylesheet' >\n\t\t<link id='font-awesome-4-shim-css' href='https:\/\/nourrirunmondedeforeste.org\/wp-content\/plugins\/unlimited-elements-for-elementor\/assets_libraries\/font-awesome6\/fontawesome-v4-shims.min.css' type='text\/css' rel='stylesheet' >\n\n<style>\/* widget: Post List *\/\n\n#uc_post_list_elementor_07b589e\n{\n  display:grid;\n}\n\n\n#uc_post_list_elementor_07b589e .uc_post_list_image div\n{\n  background-size:cover;\n  background-position:center;\n}\n\n\n.uc_post_list .uc_post_list_box{\n\tposition: relative;\n\toverflow: hidden;\n\tdisplay: flex;\n}\n\n#uc_post_list_elementor_07b589e .uc_post_list_image\n{\n  flex-grow:0;\n  flex-shrink:0;\n}\n\n#uc_post_list_elementor_07b589e .uc_post_list_image img\n{\n  width:100%;\n  display:block;\n  transition:0.3s;\n  \n}\n\n\n.uc_post_list_title a{\n\tcolor: #333333;\n    font-size: 16px;\n}\n.uc_post_list_date{\n\tfont-size: 12px;\n}\n\n#uc_post_list_elementor_07b589e .uc_post_list_content\n{\n  display:flex;\n  flex-direction:column;\n  flex:1;\n}\n\n#uc_post_list_elementor_07b589e .uc_more_btn{\n\n  text-align:center;\n  text-decoration:none;\n  transition:0.3s;\n}\n\n#uc_post_list_elementor_07b589e .button-on-side\n{\n  display:flex;\n  align-items:center;\n}\n\n\n.ue-grid-item-category a\n{\n  display:inline-block;\n  font-size:10px;\n  text-transform:uppercase;\n}\n\n#uc_post_list_elementor_07b589e .ue-meta-data\n{\n  \n  display:flex;\n\n  flex-wrap: wrap;\n  line-height:1em;\n}\n\n#uc_post_list_elementor_07b589e .ue-grid-item-meta-data\n{\n      display:inline-flex;\n      align-items:center;\n}\n\n.ue-grid-item-meta-data\n{\n  font-size:12px;\n}\n\n#uc_post_list_elementor_07b589e .ue-grid-item-meta-data-icon\n{\n  line-height:1em;\n}\n\n#uc_post_list_elementor_07b589e .ue-grid-item-meta-data-icon svg\n{\n  width:1em;\n  height:1em;\n}\n\n\n\n#uc_post_list_elementor_07b589e .ue-debug-meta\n{\n  padding:10px;\n  border:1px solid red;\n  position:relative;\n  line-height:1.5em;\n  font-size:11px;\n  width:100%;\n}\n\n.uc-remote-parent .uc_post_list_box{\n\tcursor:pointer;\n}\n\n<\/style>\n\n<div class=\"uc_post_list uc-items-wrapper\" id=\"uc_post_list_elementor_07b589e\"  >    \t\n  <div class=\"uc_post_list_box\">\n    \n  \t    <div class=\"uc_post_list_image\">\n      <a href=\"https:\/\/nourrirunmondedeforeste.org\/en\/news\/a-new-study-reveals-the-extent-of-deforestation-linked-to-casino-in-brazil\/\" title=\"A new study reveals the extent of deforestation linked to Casino in Brazil\">\n          \n            <img loading=\"lazy\" decoding=\"async\" src=\"https:\/\/nourrirunmondedeforeste.org\/wp-content\/uploads\/2025\/04\/2025-04-22_EN-\u2013-Nouvelle-etude-proces-1-768x432.jpg\"  src=\"https:\/\/nourrirunmondedeforeste.org\/wp-content\/uploads\/2025\/04\/2025-04-22_EN-\u2013-Nouvelle-etude-proces-1-768x432.jpg\" alt=\"2025-04-22_EN \u2013 Nouvelle \u00e9tude proc\u00e8s\" width=\"768\" height=\"432\">\n        \t\n        \n      <\/a>\n    <\/div>\n  \t\t\n  \n    <div class=\"uc_post_list_content\">\n      <div class=\"uc_post_list_content_inside\">\n        \n                        \n         \n        \n         <h6 class=\"uc_post_list_title\"><a href=\"https:\/\/nourrirunmondedeforeste.org\/en\/news\/a-new-study-reveals-the-extent-of-deforestation-linked-to-casino-in-brazil\/\" title=\"A new study reveals the extent of deforestation linked to Casino in Brazil\">A new study reveals the extent of deforestation linked to Casino in Brazil<\/a><\/h6>\t\n         \n        <div class=\"ue-meta-data\">\n            <div class=\"ue-grid-item-meta-data\"><span class=\"ue-grid-item-meta-data-icon\"><i class='fas fa-calendar-week'><\/i><\/span>  23 April, 2025<\/div>            \n                        \n            \n                        \n                        \n            \n              \n          <\/div>\n         \n                \n         \t\n         \t\n      <\/div>\n    <\/div>\n     \n          <div class=\"button-on-side\">\n      \t<a href=\"https:\/\/nourrirunmondedeforeste.org\/en\/news\/a-new-study-reveals-the-extent-of-deforestation-linked-to-casino-in-brazil\/\" class=\"uc_more_btn \" title=\"Read more\">Read more<\/a>\n     <\/div>\n       \n<\/div>\n<div class=\"uc_post_list_box\">\n    \n  \t    <div class=\"uc_post_list_image\">\n      <a href=\"https:\/\/nourrirunmondedeforeste.org\/en\/news\/deforestation-in-the-amazon-despite-the-sale-of-some-of-its-assets-the-casino-group-will-have-to-face-justice\/\" title=\"Deforestation in the Amazon: despite the sale of some of its assets, the Casino Group will have to face justice\">\n          \n            <img loading=\"lazy\" decoding=\"async\" src=\"https:\/\/nourrirunmondedeforeste.org\/wp-content\/uploads\/2024\/06\/2023-07-10_EN-Vente-filiales-768x432.png\"  src=\"https:\/\/nourrirunmondedeforeste.org\/wp-content\/uploads\/2024\/06\/2023-07-10_EN-Vente-filiales-768x432.png\" alt=\"2023-07-10_EN\" width=\"768\" height=\"432\">\n        \t\n        \n      <\/a>\n    <\/div>\n  \t\t\n  \n    <div class=\"uc_post_list_content\">\n      <div class=\"uc_post_list_content_inside\">\n        \n                        \n         \n        \n         <h6 class=\"uc_post_list_title\"><a href=\"https:\/\/nourrirunmondedeforeste.org\/en\/news\/deforestation-in-the-amazon-despite-the-sale-of-some-of-its-assets-the-casino-group-will-have-to-face-justice\/\" title=\"Deforestation in the Amazon: despite the sale of some of its assets, the Casino Group will have to face justice\">Deforestation in the Amazon: despite the sale of some of its assets, the Casino Group will have to face justice<\/a><\/h6>\t\n         \n        <div class=\"ue-meta-data\">\n            <div class=\"ue-grid-item-meta-data\"><span class=\"ue-grid-item-meta-data-icon\"><i class='fas fa-calendar-week'><\/i><\/span>  10 July, 2023<\/div>            \n                        \n            \n                        \n                        \n            \n              \n          <\/div>\n         \n                \n         \t\n         \t\n      <\/div>\n    <\/div>\n     \n          <div class=\"button-on-side\">\n      \t<a href=\"https:\/\/nourrirunmondedeforeste.org\/en\/news\/deforestation-in-the-amazon-despite-the-sale-of-some-of-its-assets-the-casino-group-will-have-to-face-justice\/\" class=\"uc_more_btn \" title=\"Read more\">Read more<\/a>\n     <\/div>\n       \n<\/div>\n<div class=\"uc_post_list_box\">\n    \n  \t    <div class=\"uc_post_list_image\">\n      <a href=\"https:\/\/nourrirunmondedeforeste.org\/en\/the-uru-eu-wau-wau-people-join-the-legal-action\/\" title=\"The Uru-Eu-Wau-Wau people join the legal action&lt;\/strong&gt;\">\n          \n            <img loading=\"lazy\" decoding=\"async\" src=\"https:\/\/nourrirunmondedeforeste.org\/wp-content\/uploads\/2024\/06\/2023-01-12_EN-Uru-Eu-Wau-Wau-1-768x432.png\"  src=\"https:\/\/nourrirunmondedeforeste.org\/wp-content\/uploads\/2024\/06\/2023-01-12_EN-Uru-Eu-Wau-Wau-1-768x432.png\" alt=\"2023-01-12_EN\" width=\"768\" height=\"432\">\n        \t\n        \n      <\/a>\n    <\/div>\n  \t\t\n  \n    <div class=\"uc_post_list_content\">\n      <div class=\"uc_post_list_content_inside\">\n        \n                        \n         \n        \n         <h6 class=\"uc_post_list_title\"><a href=\"https:\/\/nourrirunmondedeforeste.org\/en\/the-uru-eu-wau-wau-people-join-the-legal-action\/\" title=\"The Uru-Eu-Wau-Wau people join the legal action&lt;\/strong&gt;\">The Uru-Eu-Wau-Wau people join the legal action<\/strong><\/a><\/h6>\t\n         \n        <div class=\"ue-meta-data\">\n            <div class=\"ue-grid-item-meta-data\"><span class=\"ue-grid-item-meta-data-icon\"><i class='fas fa-calendar-week'><\/i><\/span>  12 January, 2023<\/div>            \n                        \n            \n                        \n                        \n            \n              \n          <\/div>\n         \n                \n         \t\n         \t\n      <\/div>\n    <\/div>\n     \n          <div class=\"button-on-side\">\n      \t<a href=\"https:\/\/nourrirunmondedeforeste.org\/en\/the-uru-eu-wau-wau-people-join-the-legal-action\/\" class=\"uc_more_btn \" title=\"Read more\">Read more<\/a>\n     <\/div>\n       \n<\/div>\n<div class=\"uc_post_list_box\">\n    \n  \t    <div class=\"uc_post_list_image\">\n      <a href=\"https:\/\/nourrirunmondedeforeste.org\/en\/deforestation-in-the-amazon-organizations-refuse-the-mediation-proposal-in-the-legal-action-against-casino\/\" title=\"Deforestation in the Amazon: organizations refuse the mediation proposal in the legal action against Casino\">\n          \n            <img loading=\"lazy\" decoding=\"async\" src=\"https:\/\/nourrirunmondedeforeste.org\/wp-content\/uploads\/2024\/06\/2022-12-01_EN-Refus-mediation-1-768x432.png\"  src=\"https:\/\/nourrirunmondedeforeste.org\/wp-content\/uploads\/2024\/06\/2022-12-01_EN-Refus-mediation-1-768x432.png\" alt=\"2022-12-01_EN\" width=\"768\" height=\"432\">\n        \t\n        \n      <\/a>\n    <\/div>\n  \t\t\n  \n    <div class=\"uc_post_list_content\">\n      <div class=\"uc_post_list_content_inside\">\n        \n                        \n         \n        \n         <h6 class=\"uc_post_list_title\"><a href=\"https:\/\/nourrirunmondedeforeste.org\/en\/deforestation-in-the-amazon-organizations-refuse-the-mediation-proposal-in-the-legal-action-against-casino\/\" title=\"Deforestation in the Amazon: organizations refuse the mediation proposal in the legal action against Casino\">Deforestation in the Amazon: organizations refuse the mediation proposal in the legal action against Casino<\/a><\/h6>\t\n         \n        <div class=\"ue-meta-data\">\n            <div class=\"ue-grid-item-meta-data\"><span class=\"ue-grid-item-meta-data-icon\"><i class='fas fa-calendar-week'><\/i><\/span>  01 December, 2022<\/div>            \n                        \n            \n                        \n                        \n            \n              \n          <\/div>\n         \n                \n         \t\n         \t\n      <\/div>\n    <\/div>\n     \n          <div class=\"button-on-side\">\n      \t<a href=\"https:\/\/nourrirunmondedeforeste.org\/en\/deforestation-in-the-amazon-organizations-refuse-the-mediation-proposal-in-the-legal-action-against-casino\/\" class=\"uc_more_btn \" title=\"Read more\">Read more<\/a>\n     <\/div>\n       \n<\/div>\n<div class=\"uc_post_list_box\">\n    \n  \t    <div class=\"uc_post_list_image\">\n      <a href=\"https:\/\/nourrirunmondedeforeste.org\/en\/first-hearing-at-the-paris-judicial-court-and-support-from-representatives-of-brazils-indigenous-peoples\/\" title=\"First hearing at the Paris judicial court and support from representatives of Brazil&#039;s indigenous peoples\">\n          \n            <img loading=\"lazy\" decoding=\"async\" src=\"https:\/\/nourrirunmondedeforeste.org\/wp-content\/uploads\/2024\/06\/2022-06-09_EN-Premiere-audience-768x432.png\"  src=\"https:\/\/nourrirunmondedeforeste.org\/wp-content\/uploads\/2024\/06\/2022-06-09_EN-Premiere-audience-768x432.png\" alt=\"2022-06-09_EN - Premi\u00e8re audience\" width=\"768\" height=\"432\">\n        \t\n        \n      <\/a>\n    <\/div>\n  \t\t\n  \n    <div class=\"uc_post_list_content\">\n      <div class=\"uc_post_list_content_inside\">\n        \n                        \n         \n        \n         <h6 class=\"uc_post_list_title\"><a href=\"https:\/\/nourrirunmondedeforeste.org\/en\/first-hearing-at-the-paris-judicial-court-and-support-from-representatives-of-brazils-indigenous-peoples\/\" title=\"First hearing at the Paris judicial court and support from representatives of Brazil&#039;s indigenous peoples\">First hearing at the Paris judicial court and support from representatives of Brazil's indigenous peoples<\/a><\/h6>\t\n         \n        <div class=\"ue-meta-data\">\n            <div class=\"ue-grid-item-meta-data\"><span class=\"ue-grid-item-meta-data-icon\"><i class='fas fa-calendar-week'><\/i><\/span>  09 June, 2022<\/div>            \n                        \n            \n                        \n                        \n            \n              \n          <\/div>\n         \n                \n         \t\n         \t\n      <\/div>\n    <\/div>\n     \n          <div class=\"button-on-side\">\n      \t<a href=\"https:\/\/nourrirunmondedeforeste.org\/en\/first-hearing-at-the-paris-judicial-court-and-support-from-representatives-of-brazils-indigenous-peoples\/\" class=\"uc_more_btn \" title=\"Read more\">Read more<\/a>\n     <\/div>\n       \n<\/div>\n<div class=\"uc_post_list_box\">\n    \n  \t    <div class=\"uc_post_list_image\">\n      <a href=\"https:\/\/nourrirunmondedeforeste.org\/en\/people-seriously-affected-by-cattle-farming-in-brazil-new-evidence-in-the-case-against-casino\/\" title=\"People seriously affected by cattle farming in Brazil, new evidence in the case against Casino\">\n          \n            <img loading=\"lazy\" decoding=\"async\" src=\"https:\/\/nourrirunmondedeforeste.org\/wp-content\/uploads\/2024\/07\/2022-05-31_EN-Nouveaux-elements-proces-768x432.png\"  src=\"https:\/\/nourrirunmondedeforeste.org\/wp-content\/uploads\/2024\/07\/2022-05-31_EN-Nouveaux-elements-proces-768x432.png\" alt=\"2022-05-31_EN - Nouveaux \u00e9l\u00e9ments proc\u00e8s\" width=\"768\" height=\"432\">\n        \t\n        \n      <\/a>\n    <\/div>\n  \t\t\n  \n    <div class=\"uc_post_list_content\">\n      <div class=\"uc_post_list_content_inside\">\n        \n                        \n         \n        \n         <h6 class=\"uc_post_list_title\"><a href=\"https:\/\/nourrirunmondedeforeste.org\/en\/people-seriously-affected-by-cattle-farming-in-brazil-new-evidence-in-the-case-against-casino\/\" title=\"People seriously affected by cattle farming in Brazil, new evidence in the case against Casino\">People seriously affected by cattle farming in Brazil, new evidence in the case against Casino<\/a><\/h6>\t\n         \n        <div class=\"ue-meta-data\">\n            <div class=\"ue-grid-item-meta-data\"><span class=\"ue-grid-item-meta-data-icon\"><i class='fas fa-calendar-week'><\/i><\/span>  31 May, 2022<\/div>            \n                        \n            \n                        \n                        \n            \n              \n          <\/div>\n         \n                \n         \t\n         \t\n      <\/div>\n    <\/div>\n     \n          <div class=\"button-on-side\">\n      \t<a href=\"https:\/\/nourrirunmondedeforeste.org\/en\/people-seriously-affected-by-cattle-farming-in-brazil-new-evidence-in-the-case-against-casino\/\" class=\"uc_more_btn \" title=\"Read more\">Read more<\/a>\n     <\/div>\n       \n<\/div>\n<div class=\"uc_post_list_box\">\n    \n  \t    <div class=\"uc_post_list_image\">\n      <a href=\"https:\/\/nourrirunmondedeforeste.org\/en\/colombia-casino-destroying-forests-one-more-time\/\" title=\"Colombia - Casino destroying forests one more time\">\n          \n            <img loading=\"lazy\" decoding=\"async\" src=\"https:\/\/nourrirunmondedeforeste.org\/wp-content\/uploads\/2022\/05\/CASINO_1980px1040px_Visuel02_FR-768x403.jpg\"  src=\"https:\/\/nourrirunmondedeforeste.org\/wp-content\/uploads\/2022\/05\/CASINO_1980px1040px_Visuel02_FR-768x403.jpg\" alt=\"CASINO_1980px1040px_Visuel02_FR\" width=\"768\" height=\"403\">\n        \t\n        \n      <\/a>\n    <\/div>\n  \t\t\n  \n    <div class=\"uc_post_list_content\">\n      <div class=\"uc_post_list_content_inside\">\n        \n                        \n         \n        \n         <h6 class=\"uc_post_list_title\"><a href=\"https:\/\/nourrirunmondedeforeste.org\/en\/colombia-casino-destroying-forests-one-more-time\/\" title=\"Colombia - Casino destroying forests one more time\">Colombia - Casino destroying forests one more time<\/a><\/h6>\t\n         \n        <div class=\"ue-meta-data\">\n            <div class=\"ue-grid-item-meta-data\"><span class=\"ue-grid-item-meta-data-icon\"><i class='fas fa-calendar-week'><\/i><\/span>  27 May, 2021<\/div>            \n                        \n            \n                        \n                        \n            \n              \n          <\/div>\n         \n                \n         \t\n         \t\n      <\/div>\n    <\/div>\n     \n          <div class=\"button-on-side\">\n      \t<a href=\"https:\/\/nourrirunmondedeforeste.org\/en\/colombia-casino-destroying-forests-one-more-time\/\" class=\"uc_more_btn \" title=\"Read more\">Read more<\/a>\n     <\/div>\n       \n<\/div>\n<div class=\"uc_post_list_box\">\n    \n  \t    <div class=\"uc_post_list_image\">\n      <a href=\"https:\/\/nourrirunmondedeforeste.org\/en\/casino-sue-in-court\/\" title=\"CASINO SUE IN COURT\">\n          \n            <img loading=\"lazy\" decoding=\"async\" src=\"https:\/\/nourrirunmondedeforeste.org\/wp-content\/uploads\/2022\/05\/Featured-Image-Casino-1200x600-1-768x384.png\"  src=\"https:\/\/nourrirunmondedeforeste.org\/wp-content\/uploads\/2022\/05\/Featured-Image-Casino-1200x600-1-768x384.png\" alt=\"Featured-Image-Casino-1200x600-1\" width=\"768\" height=\"384\">\n        \t\n        \n      <\/a>\n    <\/div>\n  \t\t\n  \n    <div class=\"uc_post_list_content\">\n      <div class=\"uc_post_list_content_inside\">\n        \n                        \n         \n        \n         <h6 class=\"uc_post_list_title\"><a href=\"https:\/\/nourrirunmondedeforeste.org\/en\/casino-sue-in-court\/\" title=\"CASINO SUE IN COURT\">CASINO SUE IN COURT<\/a><\/h6>\t\n         \n        <div class=\"ue-meta-data\">\n            <div class=\"ue-grid-item-meta-data\"><span class=\"ue-grid-item-meta-data-icon\"><i class='fas fa-calendar-week'><\/i><\/span>  03 March, 2021<\/div>            \n                        \n            \n                        \n                        \n            \n              \n          <\/div>\n         \n                \n         \t\n         \t\n      <\/div>\n    <\/div>\n     \n          <div class=\"button-on-side\">\n      \t<a href=\"https:\/\/nourrirunmondedeforeste.org\/en\/casino-sue-in-court\/\" class=\"uc_more_btn \" title=\"Read more\">Read more<\/a>\n     <\/div>\n       \n<\/div>\n<div class=\"uc_post_list_box\">\n    \n  \t    <div class=\"uc_post_list_image\">\n      <a href=\"https:\/\/nourrirunmondedeforeste.org\/en\/doubledealing-casino-put-on-notice\/\" title=\"#DOUBLEDEALING: CASINO PUT ON NOTICE\">\n          \n            <img loading=\"lazy\" decoding=\"async\" src=\"https:\/\/nourrirunmondedeforeste.org\/wp-content\/uploads\/2022\/05\/Featured-Image-Casino-1200x600_2-768x384.png\"  src=\"https:\/\/nourrirunmondedeforeste.org\/wp-content\/uploads\/2022\/05\/Featured-Image-Casino-1200x600_2-768x384.png\" alt=\"Featured-Image-Casino-1200x600_2\" width=\"768\" height=\"384\">\n        \t\n        \n      <\/a>\n    <\/div>\n  \t\t\n  \n    <div class=\"uc_post_list_content\">\n      <div class=\"uc_post_list_content_inside\">\n        \n                        \n         \n        \n         <h6 class=\"uc_post_list_title\"><a href=\"https:\/\/nourrirunmondedeforeste.org\/en\/doubledealing-casino-put-on-notice\/\" title=\"#DOUBLEDEALING: CASINO PUT ON NOTICE\">#DOUBLEDEALING: CASINO PUT ON NOTICE<\/a><\/h6>\t\n         \n        <div class=\"ue-meta-data\">\n            <div class=\"ue-grid-item-meta-data\"><span class=\"ue-grid-item-meta-data-icon\"><i class='fas fa-calendar-week'><\/i><\/span>  21 September, 2020<\/div>            \n                        \n            \n                        \n                        \n            \n              \n          <\/div>\n         \n                \n         \t\n         \t\n      <\/div>\n    <\/div>\n     \n          <div class=\"button-on-side\">\n      \t<a href=\"https:\/\/nourrirunmondedeforeste.org\/en\/doubledealing-casino-put-on-notice\/\" class=\"uc_more_btn \" title=\"Read more\">Read more<\/a>\n     <\/div>\n       \n<\/div>\n\n<\/div>\n\n\n<!-- end Post List -->\t\t\t\t<\/div>\n\t\t\t\t<\/div>\n\t\t\t\t\t<\/div>\n\t\t<\/div>\n\t\t\t\t\t<\/div>\n\t\t<\/section>\n\t\t\t\t<\/div>\n\t\t","protected":false},"excerpt":{"rendered":"<p>News D\u00e9forestation en Amazonie : malgr\u00e9 la cession de certaines de ses activit\u00e9s, le groupe casino devra faire face \u00e0 la justice 10 juillet, 2023 Read more Le peuple Uru-Eu-Wau-Wau rejoint l&#8217;action en justice 12 janvier, 2023 Read more D\u00e9forestation en Amazonie : les associations refusent la proposition de m\u00e9diation dans l\u2019action en justice contre [&hellip;]<\/p>\n","protected":false},"author":1,"featured_media":0,"parent":0,"menu_order":0,"comment_status":"closed","ping_status":"closed","template":"elementor_header_footer","meta":{"_acf_changed":false,"site-sidebar-layout":"default","site-content-layout":"","ast-site-content-layout":"default","site-content-style":"default","site-sidebar-style":"default","ast-global-header-display":"","ast-banner-title-visibility":"","ast-main-header-display":"","ast-hfb-above-header-display":"","ast-hfb-below-header-display":"","ast-hfb-mobile-header-display":"","site-post-title":"","ast-breadcrumbs-content":"","ast-featured-img":"","footer-sml-layout":"","ast-disable-related-posts":"","theme-transparent-header-meta":"","adv-header-id-meta":"","stick-header-meta":"","header-above-stick-meta":"","header-main-stick-meta":"","header-below-stick-meta":"","astra-migrate-meta-layouts":"set","ast-page-background-enabled":"default","ast-page-background-meta":{"desktop":{"background-color":"var(--ast-global-color-4)","background-image":"","background-repeat":"repeat","background-position":"center center","background-size":"auto","background-attachment":"scroll","background-type":"","background-media":"","overlay-type":"","overlay-color":"","overlay-opacity":"","overlay-gradient":""},"tablet":{"background-color":"","background-image":"","background-repeat":"repeat","background-position":"center center","background-size":"auto","background-attachment":"scroll","background-type":"","background-media":"","overlay-type":"","overlay-color":"","overlay-opacity":"","overlay-gradient":""},"mobile":{"background-color":"","background-image":"","background-repeat":"repeat","background-position":"center center","background-size":"auto","background-attachment":"scroll","background-type":"","background-media":"","overlay-type":"","overlay-color":"","overlay-opacity":"","overlay-gradient":""}},"ast-content-background-meta":{"desktop":{"background-color":"var(--ast-global-color-5)","background-image":"","background-repeat":"repeat","background-position":"center center","background-size":"auto","background-attachment":"scroll","background-type":"","background-media":"","overlay-type":"","overlay-color":"","overlay-opacity":"","overlay-gradient":""},"tablet":{"background-color":"var(--ast-global-color-5)","background-image":"","background-repeat":"repeat","background-position":"center center","background-size":"auto","background-attachment":"scroll","background-type":"","background-media":"","overlay-type":"","overlay-color":"","overlay-opacity":"","overlay-gradient":""},"mobile":{"background-color":"var(--ast-global-color-5)","background-image":"","background-repeat":"repeat","background-position":"center center","background-size":"auto","background-attachment":"scroll","background-type":"","background-media":"","overlay-type":"","overlay-color":"","overlay-opacity":"","overlay-gradient":""}},"footnotes":""},"categories":[],"tags":[],"class_list":["post-1485","page","type-page","status-publish","hentry"],"acf":[],"_links":{"self":[{"href":"https:\/\/nourrirunmondedeforeste.org\/en\/wp-json\/wp\/v2\/pages\/1485","targetHints":{"allow":["GET"]}}],"collection":[{"href":"https:\/\/nourrirunmondedeforeste.org\/en\/wp-json\/wp\/v2\/pages"}],"about":[{"href":"https:\/\/nourrirunmondedeforeste.org\/en\/wp-json\/wp\/v2\/types\/page"}],"author":[{"embeddable":true,"href":"https:\/\/nourrirunmondedeforeste.org\/en\/wp-json\/wp\/v2\/users\/1"}],"replies":[{"embeddable":true,"href":"https:\/\/nourrirunmondedeforeste.org\/en\/wp-json\/wp\/v2\/comments?post=1485"}],"version-history":[{"count":5,"href":"https:\/\/nourrirunmondedeforeste.org\/en\/wp-json\/wp\/v2\/pages\/1485\/revisions"}],"predecessor-version":[{"id":3603,"href":"https:\/\/nourrirunmondedeforeste.org\/en\/wp-json\/wp\/v2\/pages\/1485\/revisions\/3603"}],"wp:attachment":[{"href":"https:\/\/nourrirunmondedeforeste.org\/en\/wp-json\/wp\/v2\/media?parent=1485"}],"wp:term":[{"taxonomy":"category","embeddable":true,"href":"https:\/\/nourrirunmondedeforeste.org\/en\/wp-json\/wp\/v2\/categories?post=1485"},{"taxonomy":"post_tag","embeddable":true,"href":"https:\/\/nourrirunmondedeforeste.org\/en\/wp-json\/wp\/v2\/tags?post=1485"}],"curies":[{"name":"wp","href":"https:\/\/api.w.org\/{rel}","templated":true}]}}